{"id":22358,"date":"2023-03-11T18:46:50","date_gmt":"2023-03-11T18:46:50","guid":{"rendered":"https:\/\/chilimag.hu\/webshop\/?post_type=product&#038;p=22358"},"modified":"2026-02-02T08:36:44","modified_gmt":"2026-02-02T08:36:44","slug":"paprika-astor-z-s-sl","status":"publish","type":"product","link":"https:\/\/chilimag.hu\/webshop\/termek\/paprika-astor-z-s-sl\/","title":{"rendered":"Paprika Astor Hibrid Z.S SL"},"content":{"rendered":"","protected":false},"excerpt":{"rendered":"<p><img decoding=\"async\" class=\"active-logo\" src=\"https:\/\/b2b.seklos.lt\/themes\/warehouse\/img\/logo_en.png\" alt=\"Agrofirma S\u0117klos, UAB\" width=\"280\" height=\"95\" \/><\/p>\n<p>Korai magas hibrid. Gy\u00fcm\u00f6lcsei f\u00e9nyesek, 25 cm hossz\u00faak, s\u00falyuk kb. 200-210 g, \u00e9rett, s\u00e1rga sz\u00edn\u0171. \u00dcvegh\u00e1zakban \u00e9s szabadban termesztik. A pal\u00e1nt\u00e1kat m\u00e1jus v\u00e9g\u00e9n kell \u00e1lland\u00f3 term\u0151helyre ki\u00fcltetni. Szabadf\u00f6ldi termeszt\u00e9sn\u00e9l az els\u0151 hetekben napos, sz\u00e9lt\u0151l v\u00e9dett helyet kell v\u00e1lasztani, a pal\u00e1nt\u00e1kat agrof\u00f3li\u00e1val javasolt lefedni. Frissen fogyaszthat\u00f3, s\u00fctve, bef\u0151zve, p\u00e1rolva, sz\u00f3szok k\u00e9sz\u00edt\u00e9s\u00e9re haszn\u00e1lhat\u00f3.<br \/>\nMennyis\u00e9g egy csomagban 0,1g<br \/>\nMagok sz\u00e1ma grammonk\u00e9nt 120-160<br \/>\nSz\u00fcret VII\u2013IX<br \/>\nTerm\u0151f\u00f6ld<br \/>\nA pal\u00e1nt\u00e1k vet\u00e9si ideje II-III, 0,5-1,5cm<br \/>\nGy\u00e1rt\u00f3 \u017dalia stotel\u0117<br \/>\nT\u00e1vols\u00e1gok, cm IV\u2013VI, 60&#215;40 cm<\/p>\n","protected":false},"featured_media":22359,"comment_status":"closed","ping_status":"closed","template":"","meta":[],"product_brand":[],"product_cat":[414],"product_tag":[],"class_list":{"0":"post-22358","1":"product","2":"type-product","3":"status-publish","4":"has-post-thumbnail","6":"product_cat-paprika-vetomagok-zalia-stotele","8":"first","9":"instock","10":"taxable","11":"shipping-taxable","12":"purchasable","13":"product-type-simple"},"_links":{"self":[{"href":"https:\/\/chilimag.hu\/webshop\/wp-json\/wp\/v2\/product\/22358","targetHints":{"allow":["GET"]}}],"collection":[{"href":"https:\/\/chilimag.hu\/webshop\/wp-json\/wp\/v2\/product"}],"about":[{"href":"https:\/\/chilimag.hu\/webshop\/wp-json\/wp\/v2\/types\/product"}],"replies":[{"embeddable":true,"href":"https:\/\/chilimag.hu\/webshop\/wp-json\/wp\/v2\/comments?post=22358"}],"wp:featuredmedia":[{"embeddable":true,"href":"https:\/\/chilimag.hu\/webshop\/wp-json\/wp\/v2\/media\/22359"}],"wp:attachment":[{"href":"https:\/\/chilimag.hu\/webshop\/wp-json\/wp\/v2\/media?parent=22358"}],"wp:term":[{"taxonomy":"product_brand","embeddable":true,"href":"https:\/\/chilimag.hu\/webshop\/wp-json\/wp\/v2\/product_brand?post=22358"},{"taxonomy":"product_cat","embeddable":true,"href":"https:\/\/chilimag.hu\/webshop\/wp-json\/wp\/v2\/product_cat?post=22358"},{"taxonomy":"product_tag","embeddable":true,"href":"https:\/\/chilimag.hu\/webshop\/wp-json\/wp\/v2\/product_tag?post=22358"}],"curies":[{"name":"wp","href":"https:\/\/api.w.org\/{rel}","templated":true}]}}