{"id":22352,"date":"2023-03-11T18:41:06","date_gmt":"2023-03-11T18:41:06","guid":{"rendered":"https:\/\/chilimag.hu\/webshop\/?post_type=product&#038;p=22352"},"modified":"2026-01-10T13:12:52","modified_gmt":"2026-01-10T13:12:52","slug":"sutotok-gold-nuget-z-s-sl","status":"publish","type":"product","link":"https:\/\/chilimag.hu\/webshop\/termek\/sutotok-gold-nuget-z-s-sl\/","title":{"rendered":"S\u00fct\u0151t\u00f6k Gold Nuget Z.S SL"},"content":{"rendered":"","protected":false},"excerpt":{"rendered":"<p><img decoding=\"async\" class=\"active-logo\" src=\"https:\/\/b2b.seklos.lt\/themes\/warehouse\/img\/logo_en.png\" alt=\"Agrofirma S\u0117klos, UAB\" width=\"280\" height=\"95\" \/><\/p>\n<p>Magas hozam\u00fa bokor t\u00edpus\u00fa fajta. A veget\u00e1ci\u00f3s id\u0151szak a vet\u00e9s ut\u00e1n 90-100 nap. A gy\u00fcm\u00f6lcs\u00f6k kerekek, kiss\u00e9 laposak \u00e9s kb. 1 kg. H\u00fasa narancss\u00e1rga, di\u00f3s ut\u00f3\u00edzzel, \u00edgy kiv\u00e1l\u00f3an alkalmas t\u00f6ltel\u00e9kekhez, p\u00fcr\u00e9khez, s\u00fctem\u00e9nyekhez \u00e9s levesekhez. A gy\u00fcm\u00f6lcs\u00f6k j\u00f3l eltartanak t\u00e9len. T\u00f6k\u00e9letes v\u00e1laszt\u00e1s kis kerttel rendelkez\u0151 kert\u00e9szek sz\u00e1m\u00e1ra. A s\u00fct\u0151t\u00f6k j\u00f3l fejl\u0151dik term\u00e9keny, nem savas, laza, legal\u00e1bb humuszos talajban, amely gyorsan felmelegszik.<br \/>\nEgy csomagban l\u00e9v\u0151 mennyis\u00e9g 1 g<br \/>\nGy\u00e1rt\u00f3 \u017dalia stotel\u0117<\/p>\n","protected":false},"featured_media":22353,"comment_status":"closed","ping_status":"closed","template":"","meta":[],"product_brand":[],"product_cat":[420],"product_tag":[],"class_list":{"0":"post-22352","1":"product","2":"type-product","3":"status-publish","4":"has-post-thumbnail","6":"product_cat-dinnye-es-tok-vetomagok-zalia-stotele","8":"first","9":"instock","10":"taxable","11":"shipping-taxable","12":"purchasable","13":"product-type-simple"},"_links":{"self":[{"href":"https:\/\/chilimag.hu\/webshop\/wp-json\/wp\/v2\/product\/22352","targetHints":{"allow":["GET"]}}],"collection":[{"href":"https:\/\/chilimag.hu\/webshop\/wp-json\/wp\/v2\/product"}],"about":[{"href":"https:\/\/chilimag.hu\/webshop\/wp-json\/wp\/v2\/types\/product"}],"replies":[{"embeddable":true,"href":"https:\/\/chilimag.hu\/webshop\/wp-json\/wp\/v2\/comments?post=22352"}],"wp:featuredmedia":[{"embeddable":true,"href":"https:\/\/chilimag.hu\/webshop\/wp-json\/wp\/v2\/media\/22353"}],"wp:attachment":[{"href":"https:\/\/chilimag.hu\/webshop\/wp-json\/wp\/v2\/media?parent=22352"}],"wp:term":[{"taxonomy":"product_brand","embeddable":true,"href":"https:\/\/chilimag.hu\/webshop\/wp-json\/wp\/v2\/product_brand?post=22352"},{"taxonomy":"product_cat","embeddable":true,"href":"https:\/\/chilimag.hu\/webshop\/wp-json\/wp\/v2\/product_cat?post=22352"},{"taxonomy":"product_tag","embeddable":true,"href":"https:\/\/chilimag.hu\/webshop\/wp-json\/wp\/v2\/product_tag?post=22352"}],"curies":[{"name":"wp","href":"https:\/\/api.w.org\/{rel}","templated":true}]}}