{"id":22350,"date":"2023-03-11T18:39:03","date_gmt":"2023-03-11T18:39:03","guid":{"rendered":"https:\/\/chilimag.hu\/webshop\/?post_type=product&#038;p=22350"},"modified":"2026-03-12T08:04:22","modified_gmt":"2026-03-12T08:04:22","slug":"mangold-gele-sier-z-s-sl","status":"publish","type":"product","link":"https:\/\/chilimag.hu\/webshop\/termek\/mangold-gele-sier-z-s-sl\/","title":{"rendered":"M\u00e1ngold Gele Sier Z.S SL"},"content":{"rendered":"","protected":false},"excerpt":{"rendered":"<p><img decoding=\"async\" class=\"active-logo\" src=\"https:\/\/b2b.seklos.lt\/themes\/warehouse\/img\/logo_en.png\" alt=\"Agrofirma S\u0117klos, UAB\" width=\"280\" height=\"95\" \/><\/p>\n<p>A term\u00e9st a vet\u00e9s ut\u00e1n 60 nappal betakar\u00edtj\u00e1k. Levelei enyh\u00e9n r\u00e1ncosak, l\u00e9d\u00fasak, z\u00f6ldek, s\u00e1rga erekkel. Sz\u00e1ra s\u00e1rga. Fiatal levelei alkalmasak sal\u00e1t\u00e1kra, r\u00e1gcs\u00e1lnival\u00f3kra a termesztett leveleket \u00e9s sz\u00e1rakat levesekben, p\u00e1rolva, s\u00fctve, konzervben haszn\u00e1lj\u00e1k. Ha a t\u00e9l enyhe, a fedett gy\u00f6kerek \u00e1ttelelnek a talajban. A legjobban nem savany\u00fa, humuszban gazdag agyagos talajban fejl\u0151dik.<br \/>\nMennyis\u00e9g egy csomagban 1,5g<br \/>\nMagok sz\u00e1ma grammonk\u00e9nt 40-55<br \/>\nSz\u00fcret VI-IX<br \/>\nTerm\u0151f\u00f6ld<br \/>\nVet\u00e9sid\u0151 a talajban IV-VI,3-4 cm<br \/>\nGy\u00e1rt\u00f3 \u017dalia stotel\u0117<br \/>\nT\u00e1vols\u00e1gok, cm V-VI, 30-40x10cm<\/p>\n","protected":false},"featured_media":22351,"comment_status":"closed","ping_status":"closed","template":"","meta":[],"product_brand":[],"product_cat":[357],"product_tag":[],"class_list":{"0":"post-22350","1":"product","2":"type-product","3":"status-publish","4":"has-post-thumbnail","6":"product_cat-retek-salata-es-levelzoldseg-vetomagok","8":"first","9":"instock","10":"taxable","11":"shipping-taxable","12":"purchasable","13":"product-type-simple"},"_links":{"self":[{"href":"https:\/\/chilimag.hu\/webshop\/wp-json\/wp\/v2\/product\/22350","targetHints":{"allow":["GET"]}}],"collection":[{"href":"https:\/\/chilimag.hu\/webshop\/wp-json\/wp\/v2\/product"}],"about":[{"href":"https:\/\/chilimag.hu\/webshop\/wp-json\/wp\/v2\/types\/product"}],"replies":[{"embeddable":true,"href":"https:\/\/chilimag.hu\/webshop\/wp-json\/wp\/v2\/comments?post=22350"}],"wp:featuredmedia":[{"embeddable":true,"href":"https:\/\/chilimag.hu\/webshop\/wp-json\/wp\/v2\/media\/22351"}],"wp:attachment":[{"href":"https:\/\/chilimag.hu\/webshop\/wp-json\/wp\/v2\/media?parent=22350"}],"wp:term":[{"taxonomy":"product_brand","embeddable":true,"href":"https:\/\/chilimag.hu\/webshop\/wp-json\/wp\/v2\/product_brand?post=22350"},{"taxonomy":"product_cat","embeddable":true,"href":"https:\/\/chilimag.hu\/webshop\/wp-json\/wp\/v2\/product_cat?post=22350"},{"taxonomy":"product_tag","embeddable":true,"href":"https:\/\/chilimag.hu\/webshop\/wp-json\/wp\/v2\/product_tag?post=22350"}],"curies":[{"name":"wp","href":"https:\/\/api.w.org\/{rel}","templated":true}]}}