{"id":22348,"date":"2023-03-11T18:36:21","date_gmt":"2023-03-11T18:36:21","guid":{"rendered":"https:\/\/chilimag.hu\/webshop\/?post_type=product&#038;p=22348"},"modified":"2026-03-02T12:14:23","modified_gmt":"2026-03-02T12:14:23","slug":"sargadinnye-portoalto-z-s-sl","status":"publish","type":"product","link":"https:\/\/chilimag.hu\/webshop\/termek\/sargadinnye-portoalto-z-s-sl\/","title":{"rendered":"S\u00e1rgadinnye Portoalto Hibrid Z.S SL"},"content":{"rendered":"","protected":false},"excerpt":{"rendered":"<p><img decoding=\"async\" class=\"logo\" src=\"https:\/\/b2b.seklos.lt\/themes\/warehouse\/img\/logo_en.png\" alt=\"Agrofirma S\u0117klos, UAB\" \/><\/p>\n<p>K\u00f6z\u00e9pkorai, magas hozam\u00fa, betegs\u00e9grezisztens hibrid, amely a pal\u00e1nta\u00fcltet\u00e9st k\u00f6vet\u0151 80-85 napon bel\u00fcl term\u00e9st hoz. \u00dcvegh\u00e1zakban vagy szabadban termesztik. A n\u00f6v\u00e9nyek er\u0151sek \u00e9s d\u00fasak. Gy\u00fcm\u00f6lcse ov\u00e1lis, vil\u00e1gos h\u00e9j\u00fa, reped\u00e9s\u00e1ll\u00f3, 4-5 kg t\u00f6meg\u0171. A h\u00fas \u00e9des \u00e9s arom\u00e1s. A megk\u00f6t\u00e9st k\u00f6vet\u0151en a gy\u00fcm\u00f6lcs\u00f6k gyorsabban n\u0151nek \u00e9s nagyobbak lesznek, ha elt\u00e1vol\u00edtj\u00e1k az utols\u00f3 megmaradt gy\u00fcm\u00f6lcs \u00f6t\u00f6dik levele feletti tetej\u00fcket. Sz\u00fcks\u00e9ges a s\u00e1rgul\u00f3 hajt\u00e1sok, rossz min\u0151s\u00e9g\u0171 r\u00fcgyek metsz\u00e9se is.<br \/>\nSz\u00fcret VIII-IX<br \/>\nTerm\u0151f\u00f6ld<br \/>\nVet\u00e9sid\u0151 a talajban V, 2,5-4cm<br \/>\nA pal\u00e1nt\u00e1k vet\u00e9si ideje IV-V, 2,5-4cm<br \/>\nVet\u00e9sid\u0151 \u00fcvegh\u00e1zban IV-V, 2,5-4cm<br \/>\nGy\u00e1rt\u00f3 \u017dalia stotel\u0117<br \/>\nT\u00e1vols\u00e1gok, cm V\u2013VI, 80&#215;40 cm<\/p>\n<p>Magok sz\u00e1ma a csomagban 5 szem<\/p>\n","protected":false},"featured_media":22349,"comment_status":"closed","ping_status":"closed","template":"","meta":[],"product_brand":[],"product_cat":[420],"product_tag":[],"class_list":{"0":"post-22348","1":"product","2":"type-product","3":"status-publish","4":"has-post-thumbnail","6":"product_cat-dinnye-es-tok-vetomagok-zalia-stotele","8":"first","9":"instock","10":"taxable","11":"shipping-taxable","12":"purchasable","13":"product-type-simple"},"_links":{"self":[{"href":"https:\/\/chilimag.hu\/webshop\/wp-json\/wp\/v2\/product\/22348","targetHints":{"allow":["GET"]}}],"collection":[{"href":"https:\/\/chilimag.hu\/webshop\/wp-json\/wp\/v2\/product"}],"about":[{"href":"https:\/\/chilimag.hu\/webshop\/wp-json\/wp\/v2\/types\/product"}],"replies":[{"embeddable":true,"href":"https:\/\/chilimag.hu\/webshop\/wp-json\/wp\/v2\/comments?post=22348"}],"wp:featuredmedia":[{"embeddable":true,"href":"https:\/\/chilimag.hu\/webshop\/wp-json\/wp\/v2\/media\/22349"}],"wp:attachment":[{"href":"https:\/\/chilimag.hu\/webshop\/wp-json\/wp\/v2\/media?parent=22348"}],"wp:term":[{"taxonomy":"product_brand","embeddable":true,"href":"https:\/\/chilimag.hu\/webshop\/wp-json\/wp\/v2\/product_brand?post=22348"},{"taxonomy":"product_cat","embeddable":true,"href":"https:\/\/chilimag.hu\/webshop\/wp-json\/wp\/v2\/product_cat?post=22348"},{"taxonomy":"product_tag","embeddable":true,"href":"https:\/\/chilimag.hu\/webshop\/wp-json\/wp\/v2\/product_tag?post=22348"}],"curies":[{"name":"wp","href":"https:\/\/api.w.org\/{rel}","templated":true}]}}