{"id":22346,"date":"2023-03-11T18:28:18","date_gmt":"2023-03-11T18:28:18","guid":{"rendered":"https:\/\/chilimag.hu\/webshop\/?post_type=product&#038;p=22346"},"modified":"2026-04-29T17:51:12","modified_gmt":"2026-04-29T17:51:12","slug":"sargadinnye-pinonet-piel-de-sapo-z-s-sl","status":"publish","type":"product","link":"https:\/\/chilimag.hu\/webshop\/termek\/sargadinnye-pinonet-piel-de-sapo-z-s-sl\/","title":{"rendered":"S\u00e1rgadinnye PI\u00d1ONET PIEL DE SAPO Z.S SL"},"content":{"rendered":"","protected":false},"excerpt":{"rendered":"<p><img decoding=\"async\" class=\"\" src=\"https:\/\/b2b.seklos.lt\/img\/m\/75-medium_default.jpg\" alt=\"\" width=\"151\" height=\"151\" \/><\/p>\n<h3>Term\u00e9kle\u00edr\u00e1s<\/h3>\n<p>A pal\u00e1nt\u00e1k ki\u00fcltet\u00e9s\u00e9t\u0151l sz\u00e1m\u00edtott 90 napon bel\u00fcl \u00e9rik. Gy\u00fcm\u00f6lcse ov\u00e1lis, z\u00f6ldes h\u00e9j\u00fa, k\u00f6r\u00fclbel\u00fcl 2-3 kg t\u00f6meg\u0171. A h\u00fas feh\u00e9r, \u00e9des, illatos. \u00dcvegh\u00e1zban \u00e9s szabadban termesztve \u2013 napos, sz\u00e9lt\u0151l v\u00e9dett helyen. A j\u00f3 min\u0151s\u00e9g\u0171 term\u00e9s \u00e9rdek\u00e9ben 3-4 legjobban fejlett hajt\u00e1st kell hagyni 2-3 term\u00e9ssel a n\u00f6v\u00e9nyen. A dinnye j\u00f3l fejl\u0151dik humuszban gazdag, nem savas agyagos vagy homokos talajban.<br \/>\nEgy csomagban l\u00e9v\u0151 mennyis\u00e9g 1 g<br \/>\nMagok sz\u00e1ma grammonk\u00e9nt 25-40<br \/>\nSz\u00fcret VIII-IX<br \/>\nTerm\u0151f\u00f6ld<br \/>\nVet\u00e9sid\u0151 a talajban V, 2,5-4cm<br \/>\nA pal\u00e1nt\u00e1k vet\u00e9si ideje IV-V, 2,5-4cm<br \/>\nVet\u00e9sid\u0151 \u00fcvegh\u00e1zban IV-V, 2,5-4cm<br \/>\nGy\u00e1rt\u00f3 \u017dalia stotel\u0117<br \/>\nT\u00e1vols\u00e1gok, cm V\u2013VI, 80&#215;40 cm<\/p>\n","protected":false},"featured_media":22347,"comment_status":"closed","ping_status":"closed","template":"","meta":[],"product_brand":[],"product_cat":[420],"product_tag":[],"class_list":{"0":"post-22346","1":"product","2":"type-product","3":"status-publish","4":"has-post-thumbnail","6":"product_cat-dinnye-es-tok-vetomagok-zalia-stotele","8":"first","9":"instock","10":"taxable","11":"shipping-taxable","12":"purchasable","13":"product-type-simple"},"_links":{"self":[{"href":"https:\/\/chilimag.hu\/webshop\/wp-json\/wp\/v2\/product\/22346","targetHints":{"allow":["GET"]}}],"collection":[{"href":"https:\/\/chilimag.hu\/webshop\/wp-json\/wp\/v2\/product"}],"about":[{"href":"https:\/\/chilimag.hu\/webshop\/wp-json\/wp\/v2\/types\/product"}],"replies":[{"embeddable":true,"href":"https:\/\/chilimag.hu\/webshop\/wp-json\/wp\/v2\/comments?post=22346"}],"wp:featuredmedia":[{"embeddable":true,"href":"https:\/\/chilimag.hu\/webshop\/wp-json\/wp\/v2\/media\/22347"}],"wp:attachment":[{"href":"https:\/\/chilimag.hu\/webshop\/wp-json\/wp\/v2\/media?parent=22346"}],"wp:term":[{"taxonomy":"product_brand","embeddable":true,"href":"https:\/\/chilimag.hu\/webshop\/wp-json\/wp\/v2\/product_brand?post=22346"},{"taxonomy":"product_cat","embeddable":true,"href":"https:\/\/chilimag.hu\/webshop\/wp-json\/wp\/v2\/product_cat?post=22346"},{"taxonomy":"product_tag","embeddable":true,"href":"https:\/\/chilimag.hu\/webshop\/wp-json\/wp\/v2\/product_tag?post=22346"}],"curies":[{"name":"wp","href":"https:\/\/api.w.org\/{rel}","templated":true}]}}