{"id":22344,"date":"2023-03-11T18:26:09","date_gmt":"2023-03-11T18:26:09","guid":{"rendered":"https:\/\/chilimag.hu\/webshop\/?post_type=product&#038;p=22344"},"modified":"2026-02-10T06:22:14","modified_gmt":"2026-02-10T06:22:14","slug":"csemegekukorica-ramondia-z-s-sl","status":"publish","type":"product","link":"https:\/\/chilimag.hu\/webshop\/termek\/csemegekukorica-ramondia-z-s-sl\/","title":{"rendered":"Csemegekukorica Ramondia Hibrid Z.S SL"},"content":{"rendered":"","protected":false},"excerpt":{"rendered":"<p><img decoding=\"async\" class=\"logo\" src=\"https:\/\/b2b.seklos.lt\/themes\/warehouse\/img\/logo_en.png\" alt=\"Agrofirma S\u0117klos, UAB\" \/><\/p>\n<p>Nagyon korai, betegs\u00e9geknek ellen\u00e1ll\u00f3 csemegekukorica hibrid. A veget\u00e1ci\u00f3 id\u0151tartama \u2013 95 nap. A n\u00f6v\u00e9nyek 140-160 cm magasra n\u0151nek. Nagyon \u00e9des k\u00e9tsz\u00edn\u0171 (75% s\u00e1rga magvak, 25% feh\u00e9r magok) kukoricacsutk\u00e1t hoz l\u00e9tre, amelyek s\u00falya kb. 240-310 g \u00e9s 18-23 cm hossz\u00fa. Frissen fogyasztva. A legjobban term\u00e9keny \u00e9s nedves, v\u00edz- \u00e9s leveg\u0151\u00e1tereszt\u0151 talajban fejl\u0151dik.<br \/>\nKiszerel\u00e9s egy csomagban 7 g<br \/>\nMagok sz\u00e1ma grammonk\u00e9nt 5-7<br \/>\nSz\u00fcret VII-VIII<br \/>\nTerm\u0151f\u00f6ld<br \/>\nVet\u00e9sid\u0151 a talajban V-VI, 2,5-4 cm<br \/>\nA pal\u00e1nt\u00e1k vet\u00e9si ideje IV, 2,5-4 cm<br \/>\nGy\u00e1rt\u00f3 \u017dalia stotel\u0117<br \/>\nT\u00e1vols\u00e1gok, cm 70&#215;25 cm<\/p>\n","protected":false},"featured_media":22345,"comment_status":"closed","ping_status":"closed","template":"","meta":[],"product_brand":[],"product_cat":[418],"product_tag":[],"class_list":{"0":"post-22344","1":"product","2":"type-product","3":"status-publish","4":"has-post-thumbnail","6":"product_cat-gyumolcs-es-kukorica-vetomagok-zalia-stotele","8":"first","9":"instock","10":"taxable","11":"shipping-taxable","12":"purchasable","13":"product-type-simple"},"_links":{"self":[{"href":"https:\/\/chilimag.hu\/webshop\/wp-json\/wp\/v2\/product\/22344","targetHints":{"allow":["GET"]}}],"collection":[{"href":"https:\/\/chilimag.hu\/webshop\/wp-json\/wp\/v2\/product"}],"about":[{"href":"https:\/\/chilimag.hu\/webshop\/wp-json\/wp\/v2\/types\/product"}],"replies":[{"embeddable":true,"href":"https:\/\/chilimag.hu\/webshop\/wp-json\/wp\/v2\/comments?post=22344"}],"wp:featuredmedia":[{"embeddable":true,"href":"https:\/\/chilimag.hu\/webshop\/wp-json\/wp\/v2\/media\/22345"}],"wp:attachment":[{"href":"https:\/\/chilimag.hu\/webshop\/wp-json\/wp\/v2\/media?parent=22344"}],"wp:term":[{"taxonomy":"product_brand","embeddable":true,"href":"https:\/\/chilimag.hu\/webshop\/wp-json\/wp\/v2\/product_brand?post=22344"},{"taxonomy":"product_cat","embeddable":true,"href":"https:\/\/chilimag.hu\/webshop\/wp-json\/wp\/v2\/product_cat?post=22344"},{"taxonomy":"product_tag","embeddable":true,"href":"https:\/\/chilimag.hu\/webshop\/wp-json\/wp\/v2\/product_tag?post=22344"}],"curies":[{"name":"wp","href":"https:\/\/api.w.org\/{rel}","templated":true}]}}