{"id":22342,"date":"2023-03-11T18:23:50","date_gmt":"2023-03-11T18:23:50","guid":{"rendered":"https:\/\/chilimag.hu\/webshop\/?post_type=product&#038;p=22342"},"modified":"2026-02-18T15:56:31","modified_gmt":"2026-02-18T15:56:31","slug":"csemegekukorica-longa-z-s-sl","status":"publish","type":"product","link":"https:\/\/chilimag.hu\/webshop\/termek\/csemegekukorica-longa-z-s-sl\/","title":{"rendered":"Csemegekukorica Longa Hibrid Z.S SL"},"content":{"rendered":"","protected":false},"excerpt":{"rendered":"<p><img decoding=\"async\" class=\"active-logo\" src=\"https:\/\/b2b.seklos.lt\/themes\/warehouse\/img\/logo_en.png\" alt=\"Agrofirma S\u0117klos, UAB\" width=\"280\" height=\"95\" \/><\/p>\n<p>Korai csemegekukorica hibrid, amely kiemelkedik a magas hozamok, a n\u00f6v\u00e9nyi er\u0151 \u00e9s a j\u00f3 n\u00f6v\u00e9nyeg\u00e9szs\u00e9g miatt. A veget\u00e1ci\u00f3 id\u0151tartama &#8211; 100 nap a vet\u00e9s ut\u00e1n. A n\u00f6v\u00e9nyek 170-190 cm magasra n\u0151nek. S\u00e1rga \u00e9s rendk\u00edv\u00fcl \u00e9des, 20-25 cm hossz\u00fa kukoricacsutk\u00e1t hoz, amelyek s\u00falya kb. 250-320 g. Frissen fogyasztva, feldolgoz\u00e1sra alkalmas. A legjobban term\u00e9keny \u00e9s nedves, v\u00edz- \u00e9s leveg\u0151\u00e1tereszt\u0151 talajban fejl\u0151dik.<br \/>\nKiszerel\u00e9s egy csomagban 7 g<br \/>\nMagok sz\u00e1ma grammonk\u00e9nt 5-7<br \/>\nSz\u00fcret VII-VIII<br \/>\nTerm\u0151f\u00f6ld<br \/>\nVet\u00e9sid\u0151 a talajban V-VI, 2,5-4 cm<br \/>\nA pal\u00e1nt\u00e1k vet\u00e9si ideje IV, 2,5-4 cm<br \/>\nGy\u00e1rt\u00f3 \u017dalia stotel\u0117<br \/>\nT\u00e1vols\u00e1gok, cm 70&#215;25 cm<\/p>\n","protected":false},"featured_media":22343,"comment_status":"closed","ping_status":"closed","template":"","meta":[],"product_brand":[],"product_cat":[418],"product_tag":[],"class_list":{"0":"post-22342","1":"product","2":"type-product","3":"status-publish","4":"has-post-thumbnail","6":"product_cat-gyumolcs-es-kukorica-vetomagok-zalia-stotele","8":"first","9":"instock","10":"taxable","11":"shipping-taxable","12":"purchasable","13":"product-type-simple"},"_links":{"self":[{"href":"https:\/\/chilimag.hu\/webshop\/wp-json\/wp\/v2\/product\/22342","targetHints":{"allow":["GET"]}}],"collection":[{"href":"https:\/\/chilimag.hu\/webshop\/wp-json\/wp\/v2\/product"}],"about":[{"href":"https:\/\/chilimag.hu\/webshop\/wp-json\/wp\/v2\/types\/product"}],"replies":[{"embeddable":true,"href":"https:\/\/chilimag.hu\/webshop\/wp-json\/wp\/v2\/comments?post=22342"}],"wp:featuredmedia":[{"embeddable":true,"href":"https:\/\/chilimag.hu\/webshop\/wp-json\/wp\/v2\/media\/22343"}],"wp:attachment":[{"href":"https:\/\/chilimag.hu\/webshop\/wp-json\/wp\/v2\/media?parent=22342"}],"wp:term":[{"taxonomy":"product_brand","embeddable":true,"href":"https:\/\/chilimag.hu\/webshop\/wp-json\/wp\/v2\/product_brand?post=22342"},{"taxonomy":"product_cat","embeddable":true,"href":"https:\/\/chilimag.hu\/webshop\/wp-json\/wp\/v2\/product_cat?post=22342"},{"taxonomy":"product_tag","embeddable":true,"href":"https:\/\/chilimag.hu\/webshop\/wp-json\/wp\/v2\/product_tag?post=22342"}],"curies":[{"name":"wp","href":"https:\/\/api.w.org\/{rel}","templated":true}]}}