{"id":22338,"date":"2023-03-11T18:18:14","date_gmt":"2023-03-11T18:18:14","guid":{"rendered":"https:\/\/chilimag.hu\/webshop\/?post_type=product&#038;p=22338"},"modified":"2026-02-17T20:23:05","modified_gmt":"2026-02-17T20:23:05","slug":"kaposzta-rexoma-voroskaposzta-z-s-sl","status":"publish","type":"product","link":"https:\/\/chilimag.hu\/webshop\/termek\/kaposzta-rexoma-voroskaposzta-z-s-sl\/","title":{"rendered":"K\u00e1poszta (V\u00f6r\u00f6s k\u00e1poszta) Rexoma Hibrid  Z.S SL"},"content":{"rendered":"","protected":false},"excerpt":{"rendered":"<p><img decoding=\"async\" class=\"active-logo\" src=\"https:\/\/b2b.seklos.lt\/themes\/warehouse\/img\/logo_en.png\" alt=\"Agrofirma S\u0117klos, UAB\" width=\"280\" height=\"95\" \/><\/p>\n<p>Friss fogyaszt\u00e1sra, sal\u00e1t\u00e1k k\u00e9sz\u00edt\u00e9s\u00e9re \u00e9s hossz\u00fa t\u00e1v\u00fa t\u00e1rol\u00e1sra termesztett hibrid. A pal\u00e1nt\u00e1k ki\u00fcltet\u00e9se ut\u00e1n 110-120 napon bel\u00fcl \u00e9rik. A fejek kerekek, j\u00f3 bels\u0151 szerkezet\u0171ek, s\u0171r\u0171ek \u00e9s 2,5-3 kg t\u00f6meg\u0171ek. Megb\u00edzhat\u00f3 hibrid, ellen\u00e1ll a h\u0151m\u00e9rs\u00e9klet- \u00e9s p\u00e1ratartalom-ingadoz\u00e1soknak, a stresszes termeszt\u00e9si k\u00f6r\u00fclm\u00e9nyeknek. J\u00f3 term\u00e9st ad tr\u00e1gy\u00e1zott, nem savas, k\u00f6nny\u0171 \u00e9s k\u00f6zepes agyagos talajokon. A magvak kezelhet\u0151k. Ha a magvakat kezelik, a kezel\u00e9s neve a csomagol\u00e1s alj\u00e1n tal\u00e1lhat\u00f3.<br \/>\nSz\u00fcret VIII-IX<br \/>\nTerm\u0151f\u00f6ld<br \/>\nA pal\u00e1nt\u00e1k vet\u00e9si ideje III-IV, 1cm<br \/>\nGy\u00e1rt\u00f3 \u017dalia stotel\u0117<br \/>\nT\u00e1vols\u00e1gok, cm IV-V, 50&#215;50 cm<br \/>\nMagok sz\u00e1ma a csomagban, db. 20<\/p>\n","protected":false},"featured_media":22339,"comment_status":"closed","ping_status":"closed","template":"","meta":[],"product_brand":[],"product_cat":[415],"product_tag":[],"class_list":{"0":"post-22338","1":"product","2":"type-product","3":"status-publish","4":"has-post-thumbnail","6":"product_cat-kaposzta-es-karfiol-vetomagok-zalia-stotele","8":"first","9":"instock","10":"taxable","11":"shipping-taxable","12":"purchasable","13":"product-type-simple"},"_links":{"self":[{"href":"https:\/\/chilimag.hu\/webshop\/wp-json\/wp\/v2\/product\/22338","targetHints":{"allow":["GET"]}}],"collection":[{"href":"https:\/\/chilimag.hu\/webshop\/wp-json\/wp\/v2\/product"}],"about":[{"href":"https:\/\/chilimag.hu\/webshop\/wp-json\/wp\/v2\/types\/product"}],"replies":[{"embeddable":true,"href":"https:\/\/chilimag.hu\/webshop\/wp-json\/wp\/v2\/comments?post=22338"}],"wp:featuredmedia":[{"embeddable":true,"href":"https:\/\/chilimag.hu\/webshop\/wp-json\/wp\/v2\/media\/22339"}],"wp:attachment":[{"href":"https:\/\/chilimag.hu\/webshop\/wp-json\/wp\/v2\/media?parent=22338"}],"wp:term":[{"taxonomy":"product_brand","embeddable":true,"href":"https:\/\/chilimag.hu\/webshop\/wp-json\/wp\/v2\/product_brand?post=22338"},{"taxonomy":"product_cat","embeddable":true,"href":"https:\/\/chilimag.hu\/webshop\/wp-json\/wp\/v2\/product_cat?post=22338"},{"taxonomy":"product_tag","embeddable":true,"href":"https:\/\/chilimag.hu\/webshop\/wp-json\/wp\/v2\/product_tag?post=22338"}],"curies":[{"name":"wp","href":"https:\/\/api.w.org\/{rel}","templated":true}]}}