{"id":22336,"date":"2023-03-11T18:16:04","date_gmt":"2023-03-11T18:16:04","guid":{"rendered":"https:\/\/chilimag.hu\/webshop\/?post_type=product&#038;p=22336"},"modified":"2026-02-10T07:09:16","modified_gmt":"2026-02-10T07:09:16","slug":"kaposzta-cerox-z-s-sl","status":"publish","type":"product","link":"https:\/\/chilimag.hu\/webshop\/termek\/kaposzta-cerox-z-s-sl\/","title":{"rendered":"K\u00e1poszta Cerox Hibrid Z.S SL"},"content":{"rendered":"","protected":false},"excerpt":{"rendered":"<p><img decoding=\"async\" class=\"active-logo\" src=\"https:\/\/b2b.seklos.lt\/themes\/warehouse\/img\/logo_en.png\" alt=\"Agrofirma S\u0117klos, UAB\" width=\"280\" height=\"95\" \/><\/p>\n<p>Kev\u00e9s karbantart\u00e1st ig\u00e9nyl\u0151 hibrid ny\u00e1ri betakar\u00edt\u00e1sra, de alkalmas k\u00e9s\u0151bbi betakar\u00edt\u00e1sra is termeszteni \u2013 ekkor a fejek 4-5 h\u00f3napig j\u00f3l b\u00edrj\u00e1k. A pal\u00e1nt\u00e1k ki\u00fcltet\u00e9s\u00e9t\u0151l sz\u00e1m\u00edtott 79 napon bel\u00fcl n\u0151. A fejek kerekek, kem\u00e9nyek, s\u0171r\u0171ek, s\u00falyuk legfeljebb 3 kg. Ez a k\u00e1posztafajta j\u00f3l t\u0171ri a h\u0151t, amikor a talaj kisz\u00e1rad \u00e9s nincs nedvess\u00e9g. Fuzariozisnak ellen\u00e1ll\u00f3, elviseli a fekete rothad\u00e1st. Az \u00e9rett k\u00e1poszta reped\u00e9s n\u00e9lk\u00fcl ak\u00e1r m\u00e1sf\u00e9l h\u00f3napig is a sz\u00e1nt\u00f3f\u00f6ld\u00f6n marad. A magvak kezelhet\u0151k. Ha a magvakat kezelik, a kezel\u00e9s neve a csomagol\u00e1s alj\u00e1n tal\u00e1lhat\u00f3.<br \/>\nMennyis\u00e9g egy csomagban 0,1g<br \/>\nMagok sz\u00e1ma grammonk\u00e9nt 250-300<br \/>\nSz\u00fcret VII-IX<br \/>\nTerm\u0151f\u00f6ld<br \/>\nA pal\u00e1nt\u00e1k vet\u00e9si ideje III-IV, 1 cm<br \/>\nGy\u00e1rt\u00f3 \u017dalia stotel\u0117<br \/>\nT\u00e1vols\u00e1gok, cm IV-VI, 60&#215;50 cm<\/p>\n","protected":false},"featured_media":22337,"comment_status":"closed","ping_status":"closed","template":"","meta":[],"product_brand":[],"product_cat":[415],"product_tag":[],"class_list":{"0":"post-22336","1":"product","2":"type-product","3":"status-publish","4":"has-post-thumbnail","6":"product_cat-kaposzta-es-karfiol-vetomagok-zalia-stotele","8":"first","9":"instock","10":"taxable","11":"shipping-taxable","12":"purchasable","13":"product-type-simple"},"_links":{"self":[{"href":"https:\/\/chilimag.hu\/webshop\/wp-json\/wp\/v2\/product\/22336","targetHints":{"allow":["GET"]}}],"collection":[{"href":"https:\/\/chilimag.hu\/webshop\/wp-json\/wp\/v2\/product"}],"about":[{"href":"https:\/\/chilimag.hu\/webshop\/wp-json\/wp\/v2\/types\/product"}],"replies":[{"embeddable":true,"href":"https:\/\/chilimag.hu\/webshop\/wp-json\/wp\/v2\/comments?post=22336"}],"wp:featuredmedia":[{"embeddable":true,"href":"https:\/\/chilimag.hu\/webshop\/wp-json\/wp\/v2\/media\/22337"}],"wp:attachment":[{"href":"https:\/\/chilimag.hu\/webshop\/wp-json\/wp\/v2\/media?parent=22336"}],"wp:term":[{"taxonomy":"product_brand","embeddable":true,"href":"https:\/\/chilimag.hu\/webshop\/wp-json\/wp\/v2\/product_brand?post=22336"},{"taxonomy":"product_cat","embeddable":true,"href":"https:\/\/chilimag.hu\/webshop\/wp-json\/wp\/v2\/product_cat?post=22336"},{"taxonomy":"product_tag","embeddable":true,"href":"https:\/\/chilimag.hu\/webshop\/wp-json\/wp\/v2\/product_tag?post=22336"}],"curies":[{"name":"wp","href":"https:\/\/api.w.org\/{rel}","templated":true}]}}