{"id":22334,"date":"2023-03-11T18:13:51","date_gmt":"2023-03-11T18:13:51","guid":{"rendered":"https:\/\/chilimag.hu\/webshop\/?post_type=product&#038;p=22334"},"modified":"2026-02-12T01:07:25","modified_gmt":"2026-02-12T01:07:25","slug":"kaposzta-betti-z-s-sl","status":"publish","type":"product","link":"https:\/\/chilimag.hu\/webshop\/termek\/kaposzta-betti-z-s-sl\/","title":{"rendered":"K\u00e1poszta Betti  Hibrid Z.S SL"},"content":{"rendered":"","protected":false},"excerpt":{"rendered":"<p><img decoding=\"async\" class=\"active-logo\" src=\"https:\/\/b2b.seklos.lt\/themes\/warehouse\/img\/logo_en.png\" alt=\"Agrofirma S\u0117klos, UAB\" width=\"280\" height=\"95\" \/><\/p>\n<p>Korai hibrid fajta. A pal\u00e1nt\u00e1k ki\u00fcltet\u00e9se ut\u00e1n 55-65 napon bel\u00fcl \u00e9rik. A fejek k\u00f6zepes s\u0171r\u0171s\u00e9g\u0171ek, levelekkel j\u00f3l bor\u00edtottak, kerekek \u00e9s kb. 0,8-1,1 kg. M\u0171velt, k\u00f6zepes \u00e9s neh\u00e9z agyagos talajokon, tr\u00e1gy\u00e1val tr\u00e1gy\u00e1zott \u00e9vel\u0151 p\u00e1zsitf\u0171, uborka, h\u00fcvelyesek, egyny\u00e1ri f\u0171 ut\u00e1n j\u00f3l terem. Friss fogyaszt\u00e1sa javasolt.<br \/>\nMennyis\u00e9g egy csomagban 0,1g<br \/>\nMagok sz\u00e1ma grammonk\u00e9nt 250-300<br \/>\nSz\u00fcret VI-VII<br \/>\nTerm\u0151f\u00f6ld<br \/>\nA pal\u00e1nt\u00e1k vet\u00e9si ideje II-III, 1 cm<br \/>\nGy\u00e1rt\u00f3 \u017dalia stotel\u0117<br \/>\nT\u00e1vols\u00e1gok, cm IV-V, 40&#215;40 cm<\/p>\n","protected":false},"featured_media":22335,"comment_status":"closed","ping_status":"closed","template":"","meta":[],"product_brand":[],"product_cat":[415],"product_tag":[],"class_list":{"0":"post-22334","1":"product","2":"type-product","3":"status-publish","4":"has-post-thumbnail","6":"product_cat-kaposzta-es-karfiol-vetomagok-zalia-stotele","8":"first","9":"instock","10":"taxable","11":"shipping-taxable","12":"purchasable","13":"product-type-simple"},"_links":{"self":[{"href":"https:\/\/chilimag.hu\/webshop\/wp-json\/wp\/v2\/product\/22334","targetHints":{"allow":["GET"]}}],"collection":[{"href":"https:\/\/chilimag.hu\/webshop\/wp-json\/wp\/v2\/product"}],"about":[{"href":"https:\/\/chilimag.hu\/webshop\/wp-json\/wp\/v2\/types\/product"}],"replies":[{"embeddable":true,"href":"https:\/\/chilimag.hu\/webshop\/wp-json\/wp\/v2\/comments?post=22334"}],"wp:featuredmedia":[{"embeddable":true,"href":"https:\/\/chilimag.hu\/webshop\/wp-json\/wp\/v2\/media\/22335"}],"wp:attachment":[{"href":"https:\/\/chilimag.hu\/webshop\/wp-json\/wp\/v2\/media?parent=22334"}],"wp:term":[{"taxonomy":"product_brand","embeddable":true,"href":"https:\/\/chilimag.hu\/webshop\/wp-json\/wp\/v2\/product_brand?post=22334"},{"taxonomy":"product_cat","embeddable":true,"href":"https:\/\/chilimag.hu\/webshop\/wp-json\/wp\/v2\/product_cat?post=22334"},{"taxonomy":"product_tag","embeddable":true,"href":"https:\/\/chilimag.hu\/webshop\/wp-json\/wp\/v2\/product_tag?post=22334"}],"curies":[{"name":"wp","href":"https:\/\/api.w.org\/{rel}","templated":true}]}}