{"id":22332,"date":"2023-03-11T18:11:41","date_gmt":"2023-03-11T18:11:41","guid":{"rendered":"https:\/\/chilimag.hu\/webshop\/?post_type=product&#038;p=22332"},"modified":"2025-08-28T08:11:42","modified_gmt":"2025-08-28T08:11:42","slug":"karalabe-troja-z-s-sl","status":"publish","type":"product","link":"https:\/\/chilimag.hu\/webshop\/termek\/karalabe-troja-z-s-sl\/","title":{"rendered":"Karal\u00e1b\u00e9 Troja Hibrid Z.S SL"},"content":{"rendered":"","protected":false},"excerpt":{"rendered":"<p><img decoding=\"async\" class=\"active-logo\" src=\"https:\/\/b2b.seklos.lt\/themes\/warehouse\/img\/logo_en.png\" alt=\"Agrofirma S\u0117klos, UAB\" width=\"280\" height=\"95\" \/><\/p>\n<p>K\u00f6zepesen k\u00e9s\u0151i hibrid, amely nem hajlamos a t\u00falszaporod\u00e1sra. Veget\u00e1ci\u00f3s id\u0151szak \u2013 kb. 100 nappal a vet\u00e9s ut\u00e1n. Tavaszi, ny\u00e1ri \u00e9s \u0151szi betakar\u00edt\u00e1sra termesztik. A gum\u00f3k nagyok, kerekek, enyh\u00e9n laposak, j\u00f3 \u00edz\u0171ek. \u00c1tm\u00e9r\u0151j\u00fck el\u00e9rheti a 15-18 cm-t is. A gum\u00f3k frissen, s\u00fctve, f\u0151zve, p\u00e1rolva fogyaszthat\u00f3k. J\u00f3l n\u00f6vekszik humuszban gazdag, homokos \u00e9s k\u00f6nny\u0171 agyagos talajokon.<br \/>\nMennyis\u00e9g kiszerel\u00e9sben 0,3g<br \/>\nMagok sz\u00e1ma grammonk\u00e9nt 250-300<br \/>\nSz\u00fcret VI-IX<br \/>\nTerm\u0151f\u00f6ld<br \/>\nVet\u00e9sid\u0151 a talajban IV-VI, 1,5cm<br \/>\nGy\u00e1rt\u00f3 \u017dalia stotel\u0117<br \/>\nT\u00e1vols\u00e1gok, cm IV-V, 30&#215;25 cm<\/p>\n","protected":false},"featured_media":22333,"comment_status":"closed","ping_status":"closed","template":"","meta":[],"product_brand":[],"product_cat":[409],"product_tag":[],"class_list":{"0":"post-22332","1":"product","2":"type-product","3":"status-publish","4":"has-post-thumbnail","6":"product_cat-zeller-karalabe-cekla-vetomagok-zalia-stotele","8":"first","9":"instock","10":"taxable","11":"shipping-taxable","12":"purchasable","13":"product-type-simple"},"_links":{"self":[{"href":"https:\/\/chilimag.hu\/webshop\/wp-json\/wp\/v2\/product\/22332","targetHints":{"allow":["GET"]}}],"collection":[{"href":"https:\/\/chilimag.hu\/webshop\/wp-json\/wp\/v2\/product"}],"about":[{"href":"https:\/\/chilimag.hu\/webshop\/wp-json\/wp\/v2\/types\/product"}],"replies":[{"embeddable":true,"href":"https:\/\/chilimag.hu\/webshop\/wp-json\/wp\/v2\/comments?post=22332"}],"wp:featuredmedia":[{"embeddable":true,"href":"https:\/\/chilimag.hu\/webshop\/wp-json\/wp\/v2\/media\/22333"}],"wp:attachment":[{"href":"https:\/\/chilimag.hu\/webshop\/wp-json\/wp\/v2\/media?parent=22332"}],"wp:term":[{"taxonomy":"product_brand","embeddable":true,"href":"https:\/\/chilimag.hu\/webshop\/wp-json\/wp\/v2\/product_brand?post=22332"},{"taxonomy":"product_cat","embeddable":true,"href":"https:\/\/chilimag.hu\/webshop\/wp-json\/wp\/v2\/product_cat?post=22332"},{"taxonomy":"product_tag","embeddable":true,"href":"https:\/\/chilimag.hu\/webshop\/wp-json\/wp\/v2\/product_tag?post=22332"}],"curies":[{"name":"wp","href":"https:\/\/api.w.org\/{rel}","templated":true}]}}