{"id":22330,"date":"2023-03-11T18:08:57","date_gmt":"2023-03-11T18:08:57","guid":{"rendered":"https:\/\/chilimag.hu\/webshop\/?post_type=product&#038;p=22330"},"modified":"2026-01-14T13:53:01","modified_gmt":"2026-01-14T13:53:01","slug":"kinai-kell-scarvita-z-s-sl","status":"publish","type":"product","link":"https:\/\/chilimag.hu\/webshop\/termek\/kinai-kell-scarvita-z-s-sl\/","title":{"rendered":"K\u00ednai kel Scarvita Hibrid Z.S SL"},"content":{"rendered":"","protected":false},"excerpt":{"rendered":"<p><img decoding=\"async\" class=\"active-logo\" src=\"https:\/\/b2b.seklos.lt\/themes\/warehouse\/img\/logo_en.png\" alt=\"Agrofirma S\u0117klos, UAB\" width=\"280\" height=\"95\" \/><\/p>\n<p>Az egyedi sz\u00edn\u0171 k\u00ednai kel minden sal\u00e1t\u00e1t d\u00edsz\u00edt. A levelek ropog\u00f3sak, l\u00e9d\u00fasak, s\u00f6t\u00e9t r\u00f3zsasz\u00edn\u0171ek, a szem sz\u00e1m\u00e1ra meglehet\u0151sen szokatlan sz\u00edn\u0171ek. A vet\u00e9st\u0151l sz\u00e1m\u00edtott 75 napon bel\u00fcl megn\u00f6vekszik, 1,2\u20131,5 kg s\u00faly\u00fa lehet. \u0150szi betakar\u00edt\u00e1sra termesztik. A v\u00e1gott fejek j\u00f3l tartanak a min\u0151s\u00e9g roml\u00e1sa n\u00e9lk\u00fcl. A legjobban fejl\u0151dik homokos vagy k\u00f6nny\u0171 \u00e9s k\u00f6zepes agyagos talajokon.<br \/>\nSz\u00fcret IX-X<br \/>\nTerm\u0151f\u00f6ld<br \/>\nVet\u00e9sid\u0151 a talajban VII, 1 cm<br \/>\nGy\u00e1rt\u00f3 \u017dalia stotel\u0117<br \/>\nT\u00e1vols\u00e1gok, cm VII-VIII, 30x30cm<br \/>\nMagok sz\u00e1ma a csomagban, db. 12<\/p>\n","protected":false},"featured_media":22331,"comment_status":"closed","ping_status":"closed","template":"","meta":[],"product_brand":[],"product_cat":[415],"product_tag":[],"class_list":{"0":"post-22330","1":"product","2":"type-product","3":"status-publish","4":"has-post-thumbnail","6":"product_cat-kaposzta-es-karfiol-vetomagok-zalia-stotele","8":"first","9":"instock","10":"taxable","11":"shipping-taxable","12":"purchasable","13":"product-type-simple"},"_links":{"self":[{"href":"https:\/\/chilimag.hu\/webshop\/wp-json\/wp\/v2\/product\/22330","targetHints":{"allow":["GET"]}}],"collection":[{"href":"https:\/\/chilimag.hu\/webshop\/wp-json\/wp\/v2\/product"}],"about":[{"href":"https:\/\/chilimag.hu\/webshop\/wp-json\/wp\/v2\/types\/product"}],"replies":[{"embeddable":true,"href":"https:\/\/chilimag.hu\/webshop\/wp-json\/wp\/v2\/comments?post=22330"}],"wp:featuredmedia":[{"embeddable":true,"href":"https:\/\/chilimag.hu\/webshop\/wp-json\/wp\/v2\/media\/22331"}],"wp:attachment":[{"href":"https:\/\/chilimag.hu\/webshop\/wp-json\/wp\/v2\/media?parent=22330"}],"wp:term":[{"taxonomy":"product_brand","embeddable":true,"href":"https:\/\/chilimag.hu\/webshop\/wp-json\/wp\/v2\/product_brand?post=22330"},{"taxonomy":"product_cat","embeddable":true,"href":"https:\/\/chilimag.hu\/webshop\/wp-json\/wp\/v2\/product_cat?post=22330"},{"taxonomy":"product_tag","embeddable":true,"href":"https:\/\/chilimag.hu\/webshop\/wp-json\/wp\/v2\/product_tag?post=22330"}],"curies":[{"name":"wp","href":"https:\/\/api.w.org\/{rel}","templated":true}]}}