{"id":22328,"date":"2023-03-11T18:01:59","date_gmt":"2023-03-11T18:01:59","guid":{"rendered":"https:\/\/chilimag.hu\/webshop\/?post_type=product&#038;p=22328"},"modified":"2026-03-24T12:45:31","modified_gmt":"2026-03-24T12:45:31","slug":"cukkini-bianca-di-trieste-z-s-sl","status":"publish","type":"product","link":"https:\/\/chilimag.hu\/webshop\/termek\/cukkini-bianca-di-trieste-z-s-sl\/","title":{"rendered":"Cukkini Bianca Di Trieste Z.S SL"},"content":{"rendered":"","protected":false},"excerpt":{"rendered":"<p><img decoding=\"async\" class=\"active-logo\" src=\"https:\/\/b2b.seklos.lt\/themes\/warehouse\/img\/logo_en.png\" alt=\"Agrofirma S\u0117klos, UAB\" width=\"280\" height=\"95\" \/><\/p>\n<p>Bokor t\u00edpus\u00fa, gyorsan n\u00f6vekv\u0151 fajta. A veget\u00e1ci\u00f3 id\u0151tartama &#8211; 60 nap a vet\u00e9s ut\u00e1n. Gy\u00fcm\u00f6lcsei hossz\u00fak\u00e1sak, vil\u00e1gosz\u00f6ld h\u00e9j\u00faak, 15-20 cm hossz\u00faak, ropog\u00f3s, \u00edzletes h\u00fas\u00faak. A n\u00f6v\u00e9ny sok vir\u00e1got terem, amib\u0151l t\u00f6ltve \u00e9s s\u00fctve remek falat lesz. A fiatal, ak\u00e1r 10 cm hossz\u00fa cukkini frissen fogyaszthat\u00f3, a nagyobb term\u00e9sekb\u0151l pedig sz\u00e1mos finom \u00e9s k\u00f6nnyen em\u00e9szthet\u0151 \u00e9tel k\u00e9sz\u00edthet\u0151.<br \/>\nEgy csomagban l\u00e9v\u0151 mennyis\u00e9g 1 g<br \/>\nMagok sz\u00e1ma grammonk\u00e9nt 6-8<br \/>\nSz\u00fcret VI-VIII<br \/>\nTerm\u0151f\u00f6ld<br \/>\nVet\u00e9sid\u0151 a talajban V-VI, 3-4cm<br \/>\nA pal\u00e1nt\u00e1k vet\u00e9si ideje IV, 3-4 cm<br \/>\nGy\u00e1rt\u00f3 \u017dalia stotel\u0117<br \/>\nT\u00e1vols\u00e1gok, cm V-VI,100&#215;40 cm<\/p>\n","protected":false},"featured_media":22329,"comment_status":"closed","ping_status":"closed","template":"","meta":[],"product_brand":[],"product_cat":[420],"product_tag":[],"class_list":{"0":"post-22328","1":"product","2":"type-product","3":"status-publish","4":"has-post-thumbnail","6":"product_cat-dinnye-es-tok-vetomagok-zalia-stotele","8":"first","9":"instock","10":"taxable","11":"shipping-taxable","12":"purchasable","13":"product-type-simple"},"_links":{"self":[{"href":"https:\/\/chilimag.hu\/webshop\/wp-json\/wp\/v2\/product\/22328","targetHints":{"allow":["GET"]}}],"collection":[{"href":"https:\/\/chilimag.hu\/webshop\/wp-json\/wp\/v2\/product"}],"about":[{"href":"https:\/\/chilimag.hu\/webshop\/wp-json\/wp\/v2\/types\/product"}],"replies":[{"embeddable":true,"href":"https:\/\/chilimag.hu\/webshop\/wp-json\/wp\/v2\/comments?post=22328"}],"wp:featuredmedia":[{"embeddable":true,"href":"https:\/\/chilimag.hu\/webshop\/wp-json\/wp\/v2\/media\/22329"}],"wp:attachment":[{"href":"https:\/\/chilimag.hu\/webshop\/wp-json\/wp\/v2\/media?parent=22328"}],"wp:term":[{"taxonomy":"product_brand","embeddable":true,"href":"https:\/\/chilimag.hu\/webshop\/wp-json\/wp\/v2\/product_brand?post=22328"},{"taxonomy":"product_cat","embeddable":true,"href":"https:\/\/chilimag.hu\/webshop\/wp-json\/wp\/v2\/product_cat?post=22328"},{"taxonomy":"product_tag","embeddable":true,"href":"https:\/\/chilimag.hu\/webshop\/wp-json\/wp\/v2\/product_tag?post=22328"}],"curies":[{"name":"wp","href":"https:\/\/api.w.org\/{rel}","templated":true}]}}