{"id":22325,"date":"2023-03-11T17:56:52","date_gmt":"2023-03-11T17:56:52","guid":{"rendered":"https:\/\/chilimag.hu\/webshop\/?post_type=product&#038;p=22325"},"modified":"2026-03-13T06:30:25","modified_gmt":"2026-03-13T06:30:25","slug":"padlizsan-tsakoniki-z-s-sl","status":"publish","type":"product","link":"https:\/\/chilimag.hu\/webshop\/termek\/padlizsan-tsakoniki-z-s-sl\/","title":{"rendered":"Padlizs\u00e1n Tsakoniki Z.S SL"},"content":{"rendered":"","protected":false},"excerpt":{"rendered":"<p><img decoding=\"async\" class=\"active-logo\" src=\"https:\/\/b2b.seklos.lt\/themes\/warehouse\/img\/logo_en.png\" alt=\"Agrofirma S\u0117klos, UAB\" width=\"280\" height=\"95\" \/><\/p>\n<p>K\u00f6z\u00e9pkorai fajta, \u00fcvegh\u00e1zban termeszthet\u0151. A pal\u00e1nt\u00e1k ki\u00fcltet\u00e9s\u00e9t\u0151l sz\u00e1m\u00edtott 75-85 napon bel\u00fcl \u00e9rik. N\u00f6v\u00e9nymagass\u00e1g &#8211; 65-70 cm. Gy\u00fcm\u00f6lcsei 22-24 cm hossz\u00faak, lila h\u00e9j\u00faak, feh\u00e9r cs\u00edkokkal. A h\u00fas feh\u00e9r, t\u00f6m\u00f6r, nincs keser\u0171 ut\u00f3\u00edz. Lehet s\u00fctni, p\u00e1rolni \u00e9s bef\u0151zni. Alkalmas sz\u00f3szok k\u00e9sz\u00edt\u00e9s\u00e9re, t\u00f6ltel\u00e9kre, grillez\u00e9sre.<br \/>\nMennyis\u00e9g egy csomagban 0,2g<br \/>\nMagok sz\u00e1ma grammonk\u00e9nt 200-220<br \/>\nSz\u00fcret VII-IX<br \/>\nTermeszt\u00e9si hely \u00dcvegh\u00e1zban<br \/>\nA pal\u00e1nt\u00e1k vet\u00e9si ideje II-III,1-1,5 cm<br \/>\nGy\u00e1rt\u00f3 \u017dalia stotel\u0117<br \/>\nT\u00e1vols\u00e1gok, cm V-VI, 75&#215;40-50 cm<\/p>\n","protected":false},"featured_media":22326,"comment_status":"closed","ping_status":"closed","template":"","meta":[],"product_brand":[],"product_cat":[411],"product_tag":[],"class_list":{"0":"post-22325","1":"product","2":"type-product","3":"status-publish","4":"has-post-thumbnail","6":"product_cat-uborka-es-padlizsan-vetomagok-zalia-stotele","8":"first","9":"instock","10":"taxable","11":"shipping-taxable","12":"purchasable","13":"product-type-simple"},"_links":{"self":[{"href":"https:\/\/chilimag.hu\/webshop\/wp-json\/wp\/v2\/product\/22325","targetHints":{"allow":["GET"]}}],"collection":[{"href":"https:\/\/chilimag.hu\/webshop\/wp-json\/wp\/v2\/product"}],"about":[{"href":"https:\/\/chilimag.hu\/webshop\/wp-json\/wp\/v2\/types\/product"}],"replies":[{"embeddable":true,"href":"https:\/\/chilimag.hu\/webshop\/wp-json\/wp\/v2\/comments?post=22325"}],"wp:featuredmedia":[{"embeddable":true,"href":"https:\/\/chilimag.hu\/webshop\/wp-json\/wp\/v2\/media\/22326"}],"wp:attachment":[{"href":"https:\/\/chilimag.hu\/webshop\/wp-json\/wp\/v2\/media?parent=22325"}],"wp:term":[{"taxonomy":"product_brand","embeddable":true,"href":"https:\/\/chilimag.hu\/webshop\/wp-json\/wp\/v2\/product_brand?post=22325"},{"taxonomy":"product_cat","embeddable":true,"href":"https:\/\/chilimag.hu\/webshop\/wp-json\/wp\/v2\/product_cat?post=22325"},{"taxonomy":"product_tag","embeddable":true,"href":"https:\/\/chilimag.hu\/webshop\/wp-json\/wp\/v2\/product_tag?post=22325"}],"curies":[{"name":"wp","href":"https:\/\/api.w.org\/{rel}","templated":true}]}}