{"id":22317,"date":"2023-03-11T09:20:40","date_gmt":"2023-03-11T09:20:40","guid":{"rendered":"https:\/\/chilimag.hu\/webshop\/?post_type=product&#038;p=22317"},"modified":"2026-02-15T13:01:06","modified_gmt":"2026-02-15T13:01:06","slug":"padlizsan-agata-z-s-sl","status":"publish","type":"product","link":"https:\/\/chilimag.hu\/webshop\/termek\/padlizsan-agata-z-s-sl\/","title":{"rendered":"Padlizs\u00e1n Agata Hibrid Z.S SL"},"content":{"rendered":"","protected":false},"excerpt":{"rendered":"<p><img decoding=\"async\" class=\"active-logo\" src=\"https:\/\/b2b.seklos.lt\/themes\/warehouse\/img\/logo_en.png\" alt=\"Agrofirma S\u0117klos, UAB\" width=\"280\" height=\"95\" \/><\/p>\n<p>Korai hibrid \u00fcvegh\u00e1zi termeszt\u00e9sre. Ez a fajta a szabadban is termeszthet\u0151, ha biztos\u00edtottak a kedvez\u0151 felt\u00e9telek. A n\u00f6v\u00e9nyek meglehet\u0151sen magasak, d\u00fasak. Gy\u00fcm\u00f6lcse ov\u00e1lis, fekete f\u00e9nyes h\u00e9j\u00fa, s\u00falya kb. 550 g. H\u00fasa feh\u00e9r, t\u00f6m\u00f6r, nagyon kev\u00e9s magot tartalmaz. Lehet s\u00fctni, p\u00e1rolni \u00e9s bef\u0151zni. A sz\u00e9p, nagy term\u00e9sek nevel\u00e9s\u00e9hez legfeljebb 3-4 sz\u00e1rat szabad a n\u00f6v\u00e9nyen hagyni, a gyeng\u00e9bb \u00e1gakat le kell v\u00e1gni.<\/p>\n<p>Mennyis\u00e9g egy csomagban 0,1g<br \/>\nMagok sz\u00e1ma grammonk\u00e9nt 200-220<br \/>\nSz\u00fcret VII-IX<br \/>\nTermeszt\u00e9si hely \u00dcvegh\u00e1zban<br \/>\nA pal\u00e1nt\u00e1k vet\u00e9si ideje II-III,1-1,5 cm<br \/>\nGy\u00e1rt\u00f3 \u017dalia stotel\u0117<br \/>\nT\u00e1vols\u00e1gok, cm V-VI, 75&#215;40-50 cm<\/p>\n","protected":false},"featured_media":22318,"comment_status":"closed","ping_status":"closed","template":"","meta":[],"product_brand":[],"product_cat":[411],"product_tag":[],"class_list":{"0":"post-22317","1":"product","2":"type-product","3":"status-publish","4":"has-post-thumbnail","6":"product_cat-uborka-es-padlizsan-vetomagok-zalia-stotele","8":"first","9":"instock","10":"taxable","11":"shipping-taxable","12":"purchasable","13":"product-type-simple"},"_links":{"self":[{"href":"https:\/\/chilimag.hu\/webshop\/wp-json\/wp\/v2\/product\/22317","targetHints":{"allow":["GET"]}}],"collection":[{"href":"https:\/\/chilimag.hu\/webshop\/wp-json\/wp\/v2\/product"}],"about":[{"href":"https:\/\/chilimag.hu\/webshop\/wp-json\/wp\/v2\/types\/product"}],"replies":[{"embeddable":true,"href":"https:\/\/chilimag.hu\/webshop\/wp-json\/wp\/v2\/comments?post=22317"}],"wp:featuredmedia":[{"embeddable":true,"href":"https:\/\/chilimag.hu\/webshop\/wp-json\/wp\/v2\/media\/22318"}],"wp:attachment":[{"href":"https:\/\/chilimag.hu\/webshop\/wp-json\/wp\/v2\/media?parent=22317"}],"wp:term":[{"taxonomy":"product_brand","embeddable":true,"href":"https:\/\/chilimag.hu\/webshop\/wp-json\/wp\/v2\/product_brand?post=22317"},{"taxonomy":"product_cat","embeddable":true,"href":"https:\/\/chilimag.hu\/webshop\/wp-json\/wp\/v2\/product_cat?post=22317"},{"taxonomy":"product_tag","embeddable":true,"href":"https:\/\/chilimag.hu\/webshop\/wp-json\/wp\/v2\/product_tag?post=22317"}],"curies":[{"name":"wp","href":"https:\/\/api.w.org\/{rel}","templated":true}]}}