{"id":22314,"date":"2023-03-11T09:18:08","date_gmt":"2023-03-11T09:18:08","guid":{"rendered":"https:\/\/chilimag.hu\/webshop\/?post_type=product&#038;p=22314"},"modified":"2026-02-18T15:56:00","modified_gmt":"2026-02-18T15:56:00","slug":"gorogdinnye-pata-negra-z-s-sl","status":"publish","type":"product","link":"https:\/\/chilimag.hu\/webshop\/termek\/gorogdinnye-pata-negra-z-s-sl\/","title":{"rendered":"G\u00f6r\u00f6gdinnye Pata Negra Hibrid Z.S SL"},"content":{"rendered":"","protected":false},"excerpt":{"rendered":"<p><img decoding=\"async\" class=\"active-logo\" src=\"https:\/\/b2b.seklos.lt\/themes\/warehouse\/img\/logo_en.png\" alt=\"Agrofirma S\u0117klos, UAB\" width=\"280\" height=\"95\" \/><\/p>\n<p>Nagyon korai g\u00f6r\u00f6gdinnye hibrid. Gy\u00fcm\u00f6lcse kerek, 7-8 kg t\u00f6meg\u0171. A h\u00e9j s\u00f6t\u00e9tz\u00f6ld. A h\u00fas \u00e9l\u00e9nkv\u00f6r\u00f6s, ropog\u00f3s \u00e9s \u00e9des. A fajta ellen\u00e1ll a fuz\u00e1ri\u00f3zisnak. Takar\u00f3 alatt \u00e9s szabadban termesztik. A kor\u00e1bbi betakar\u00edt\u00e1s \u00e9rdek\u00e9ben pal\u00e1ntak\u00e9nt kell \u00fcltetni. J\u00f3l terem homokos, k\u00f6nny\u0171, nem agyagos, v\u00edz\u00e1tereszt\u0151 talajban, napos helyen.<br \/>\nSz\u00fcret VII-IX<br \/>\nTerm\u0151f\u00f6ld<br \/>\nVet\u00e9sid\u0151 a talajban V-VI, 2,5-3,5cm<br \/>\nA pal\u00e1nt\u00e1k vet\u00e9si ideje III-IV, 2,5-3,5 cm<br \/>\nVet\u00e9sid\u0151 \u00fcvegh\u00e1zban III-IV, 2,5-3,5 cm<br \/>\nGy\u00e1rt\u00f3 \u017dalia stotel\u0117<br \/>\nT\u00e1vols\u00e1gok, cm V, 100&#215;50-70 cm<br \/>\nMagok sz\u00e1ma a csomagban, db. 5<\/p>\n","protected":false},"featured_media":22315,"comment_status":"closed","ping_status":"closed","template":"","meta":[],"product_brand":[],"product_cat":[420],"product_tag":[],"class_list":{"0":"post-22314","1":"product","2":"type-product","3":"status-publish","4":"has-post-thumbnail","6":"product_cat-dinnye-es-tok-vetomagok-zalia-stotele","8":"first","9":"instock","10":"taxable","11":"shipping-taxable","12":"purchasable","13":"product-type-simple"},"_links":{"self":[{"href":"https:\/\/chilimag.hu\/webshop\/wp-json\/wp\/v2\/product\/22314","targetHints":{"allow":["GET"]}}],"collection":[{"href":"https:\/\/chilimag.hu\/webshop\/wp-json\/wp\/v2\/product"}],"about":[{"href":"https:\/\/chilimag.hu\/webshop\/wp-json\/wp\/v2\/types\/product"}],"replies":[{"embeddable":true,"href":"https:\/\/chilimag.hu\/webshop\/wp-json\/wp\/v2\/comments?post=22314"}],"wp:featuredmedia":[{"embeddable":true,"href":"https:\/\/chilimag.hu\/webshop\/wp-json\/wp\/v2\/media\/22315"}],"wp:attachment":[{"href":"https:\/\/chilimag.hu\/webshop\/wp-json\/wp\/v2\/media?parent=22314"}],"wp:term":[{"taxonomy":"product_brand","embeddable":true,"href":"https:\/\/chilimag.hu\/webshop\/wp-json\/wp\/v2\/product_brand?post=22314"},{"taxonomy":"product_cat","embeddable":true,"href":"https:\/\/chilimag.hu\/webshop\/wp-json\/wp\/v2\/product_cat?post=22314"},{"taxonomy":"product_tag","embeddable":true,"href":"https:\/\/chilimag.hu\/webshop\/wp-json\/wp\/v2\/product_tag?post=22314"}],"curies":[{"name":"wp","href":"https:\/\/api.w.org\/{rel}","templated":true}]}}