{"id":22310,"date":"2023-03-11T09:13:23","date_gmt":"2023-03-11T09:13:23","guid":{"rendered":"https:\/\/chilimag.hu\/webshop\/?post_type=product&#038;p=22310"},"modified":"2025-12-16T15:20:03","modified_gmt":"2025-12-16T15:20:03","slug":"gorogdinnye-moro-z-s-sl","status":"publish","type":"product","link":"https:\/\/chilimag.hu\/webshop\/termek\/gorogdinnye-moro-z-s-sl\/","title":{"rendered":"G\u00f6r\u00f6gdinnye Moro Hibrid Z.S SL"},"content":{"rendered":"","protected":false},"excerpt":{"rendered":"<p><img decoding=\"async\" class=\"active-logo\" src=\"https:\/\/b2b.seklos.lt\/themes\/warehouse\/img\/logo_en.png\" alt=\"Agrofirma S\u0117klos, UAB\" width=\"280\" height=\"95\" \/><\/p>\n<p>Takar\u00e1s alatt vagy szabadban termesztett korai hibrid. Gy\u00fcm\u00f6lcse kerek, 4-6 kg t\u00f6meg\u0171. A h\u00fas r\u00f3zsasz\u00edn, \u00e9des, arom\u00e1s. A kor\u00e1bbi betakar\u00edt\u00e1s \u00e9rdek\u00e9ben pal\u00e1ntak\u00e9nt kell \u00fcltetni. A pal\u00e1nt\u00e1kat m\u00e1jus v\u00e9g\u00e9t\u0151l j\u00fanius elej\u00e9ig kell \u00e1lland\u00f3 term\u0151helyre \u00fcltetni, amikor a talaj el\u00e9g meleg. J\u00f3l terem homokos, k\u00f6nny\u0171, nem agyagos, v\u00edz\u00e1tereszt\u0151 talajban, napos helyen.<\/p>\n<p>Egy csomagban l\u00e9v\u0151 mennyis\u00e9g 1 g<br \/>\nMagok sz\u00e1ma grammonk\u00e9nt 10-20 s<br \/>\nSz\u00fcret VII-IX<br \/>\nTerm\u0151f\u00f6ld<br \/>\nVet\u00e9sid\u0151 a talajban V-VI, 2,5-3,5cm<br \/>\nA pal\u00e1nt\u00e1k vet\u00e9si ideje III-IV, 2,5-3,5 cm<br \/>\nVet\u00e9sid\u0151 \u00fcvegh\u00e1zban III-IV, 2,5-3,5 cm<br \/>\nGy\u00e1rt\u00f3 \u017dalia stotel\u0117<br \/>\nT\u00e1vols\u00e1gok, cm V, 100&#215;50-70 cm<\/p>\n","protected":false},"featured_media":22311,"comment_status":"closed","ping_status":"closed","template":"","meta":[],"product_brand":[],"product_cat":[420],"product_tag":[],"class_list":{"0":"post-22310","1":"product","2":"type-product","3":"status-publish","4":"has-post-thumbnail","6":"product_cat-dinnye-es-tok-vetomagok-zalia-stotele","8":"first","9":"instock","10":"taxable","11":"shipping-taxable","12":"purchasable","13":"product-type-simple"},"_links":{"self":[{"href":"https:\/\/chilimag.hu\/webshop\/wp-json\/wp\/v2\/product\/22310","targetHints":{"allow":["GET"]}}],"collection":[{"href":"https:\/\/chilimag.hu\/webshop\/wp-json\/wp\/v2\/product"}],"about":[{"href":"https:\/\/chilimag.hu\/webshop\/wp-json\/wp\/v2\/types\/product"}],"replies":[{"embeddable":true,"href":"https:\/\/chilimag.hu\/webshop\/wp-json\/wp\/v2\/comments?post=22310"}],"wp:featuredmedia":[{"embeddable":true,"href":"https:\/\/chilimag.hu\/webshop\/wp-json\/wp\/v2\/media\/22311"}],"wp:attachment":[{"href":"https:\/\/chilimag.hu\/webshop\/wp-json\/wp\/v2\/media?parent=22310"}],"wp:term":[{"taxonomy":"product_brand","embeddable":true,"href":"https:\/\/chilimag.hu\/webshop\/wp-json\/wp\/v2\/product_brand?post=22310"},{"taxonomy":"product_cat","embeddable":true,"href":"https:\/\/chilimag.hu\/webshop\/wp-json\/wp\/v2\/product_cat?post=22310"},{"taxonomy":"product_tag","embeddable":true,"href":"https:\/\/chilimag.hu\/webshop\/wp-json\/wp\/v2\/product_tag?post=22310"}],"curies":[{"name":"wp","href":"https:\/\/api.w.org\/{rel}","templated":true}]}}