{"id":22306,"date":"2023-03-11T09:08:38","date_gmt":"2023-03-11T09:08:38","guid":{"rendered":"https:\/\/chilimag.hu\/webshop\/?post_type=product&#038;p=22306"},"modified":"2025-08-28T07:41:56","modified_gmt":"2025-08-28T07:41:56","slug":"uborka-ofelie-z-s-sl","status":"publish","type":"product","link":"https:\/\/chilimag.hu\/webshop\/termek\/uborka-ofelie-z-s-sl\/","title":{"rendered":"Uborka Ofelie Hibrid Z.S SL"},"content":{"rendered":"","protected":false},"excerpt":{"rendered":"<p><img decoding=\"async\" class=\"active-logo\" src=\"https:\/\/b2b.seklos.lt\/themes\/warehouse\/img\/logo_en.png\" alt=\"Agrofirma S\u0117klos, UAB\" width=\"280\" height=\"95\" \/><\/p>\n<p>Nagyon korai, magas hozam\u00fa, betegs\u00e9geknek ellen\u00e1ll\u00f3, \u00f6nbeporz\u00f3 hibrid. Gy\u00fcm\u00f6lcsei kiv\u00e1l\u00f3 \u00edz\u0171ek, sima, f\u00e9nyes h\u00e9j\u00faak, kis mag\u00fcreg\u0171ek, 8-17 cm hossz\u00faak, 120-300 g t\u00f6meg\u0171ek. B\u00e1r a legfinomabb gy\u00fcm\u00f6lcs\u00f6k k\u00f6r\u00fclbel\u00fcl 10 cm hossz\u00faak, a nagyobb \u00e9s hosszabb gy\u00fcm\u00f6lcs\u00f6k nem vesz\u00edtik el \u00edz\u00fcket. \u00dcvegh\u00e1zakban vagy takar\u00f3 alatt termesztik. Alkalmas szendvicsekhez, sal\u00e1t\u00e1khoz, italok \u00edzes\u00edt\u00e9s\u00e9hez.<br \/>\nSz\u00fcret V-IX<br \/>\nTermeszt\u00e9si hely \u00dcvegh\u00e1zban<br \/>\nA pal\u00e1nt\u00e1k vet\u00e9si ideje III-VI,1-2 cm<br \/>\nVet\u00e9sid\u0151 \u00fcvegh\u00e1zban III-VI,1-2 cm<br \/>\nGy\u00e1rt\u00f3 \u017dalia stotel\u0117<br \/>\nT\u00e1vols\u00e1gok, cm IV-VII, 80&#215;30 cm<br \/>\nMagok sz\u00e1ma a csomagban, db. 10<\/p>\n","protected":false},"featured_media":22307,"comment_status":"closed","ping_status":"closed","template":"","meta":[],"product_brand":[],"product_cat":[411],"product_tag":[],"class_list":{"0":"post-22306","1":"product","2":"type-product","3":"status-publish","4":"has-post-thumbnail","6":"product_cat-uborka-es-padlizsan-vetomagok-zalia-stotele","8":"first","9":"instock","10":"taxable","11":"shipping-taxable","12":"purchasable","13":"product-type-simple"},"_links":{"self":[{"href":"https:\/\/chilimag.hu\/webshop\/wp-json\/wp\/v2\/product\/22306","targetHints":{"allow":["GET"]}}],"collection":[{"href":"https:\/\/chilimag.hu\/webshop\/wp-json\/wp\/v2\/product"}],"about":[{"href":"https:\/\/chilimag.hu\/webshop\/wp-json\/wp\/v2\/types\/product"}],"replies":[{"embeddable":true,"href":"https:\/\/chilimag.hu\/webshop\/wp-json\/wp\/v2\/comments?post=22306"}],"wp:featuredmedia":[{"embeddable":true,"href":"https:\/\/chilimag.hu\/webshop\/wp-json\/wp\/v2\/media\/22307"}],"wp:attachment":[{"href":"https:\/\/chilimag.hu\/webshop\/wp-json\/wp\/v2\/media?parent=22306"}],"wp:term":[{"taxonomy":"product_brand","embeddable":true,"href":"https:\/\/chilimag.hu\/webshop\/wp-json\/wp\/v2\/product_brand?post=22306"},{"taxonomy":"product_cat","embeddable":true,"href":"https:\/\/chilimag.hu\/webshop\/wp-json\/wp\/v2\/product_cat?post=22306"},{"taxonomy":"product_tag","embeddable":true,"href":"https:\/\/chilimag.hu\/webshop\/wp-json\/wp\/v2\/product_tag?post=22306"}],"curies":[{"name":"wp","href":"https:\/\/api.w.org\/{rel}","templated":true}]}}