{"id":22304,"date":"2023-03-11T09:06:39","date_gmt":"2023-03-11T09:06:39","guid":{"rendered":"https:\/\/chilimag.hu\/webshop\/?post_type=product&#038;p=22304"},"modified":"2025-08-28T07:39:21","modified_gmt":"2025-08-28T07:39:21","slug":"uborka-lenara-z-s-sl","status":"publish","type":"product","link":"https:\/\/chilimag.hu\/webshop\/termek\/uborka-lenara-z-s-sl\/","title":{"rendered":"Uborka Lenara Hibrid Z.S SL"},"content":{"rendered":"","protected":false},"excerpt":{"rendered":"<p><img decoding=\"async\" class=\"active-logo\" src=\"https:\/\/b2b.seklos.lt\/themes\/warehouse\/img\/logo_en.png\" alt=\"Agrofirma S\u0117klos, UAB\" width=\"280\" height=\"95\" \/><\/p>\n<p>\u00d6nbeporz\u00f3, betegs\u00e9geknek ellen\u00e1ll\u00f3, nagyon korai \u00e9s gyorsan n\u00f6v\u0151 hibrid. Nagyra \u00e9rt\u00e9kelik a magas \u00e9s egyenletes hozamok \u00e9s a hossz\u00fa term\u0151id\u0151 miatt. Ez a fajta csak korl\u00e1tozottan hajlamos oldalhajt\u00e1sok kialak\u00edt\u00e1s\u00e1ra. Tavaszi, ny\u00e1ri \u00e9s \u0151szi betakar\u00edt\u00e1sra termesztik. Gy\u00fcm\u00f6lcse 9-13 cm hossz\u00fa, ropog\u00f3s, kis mag\u00fcreg\u0171, p\u00e1col\u00e1sra, bef\u0151z\u00e9sre alkalmas. K\u00fcl\u00f6nb\u00f6z\u0151 t\u00edpus\u00fa \u00fcvegh\u00e1zakban fejl\u0151dik a legjobban, de szabadban is termeszthet\u0151.<br \/>\nMennyis\u00e9g kiszerel\u00e9sben 0,4g<br \/>\nMagok sz\u00e1ma grammonk\u00e9nt 35-52<br \/>\nSz\u00fcret VI-IX<br \/>\nTerm\u0151f\u00f6ld<br \/>\nVet\u00e9sid\u0151 a talajban V-VI, 2-3 cm<br \/>\nA pal\u00e1nt\u00e1k vet\u00e9si ideje IV, 2-3 cm<br \/>\nVet\u00e9sid\u0151 \u00fcvegh\u00e1zban IV, 2-3 cm<br \/>\nGy\u00e1rt\u00f3 \u017dalia stotel\u0117<br \/>\nT\u00e1vols\u00e1gok, cm V-VI, 80&#215;30 cm<\/p>\n","protected":false},"featured_media":22305,"comment_status":"closed","ping_status":"closed","template":"","meta":[],"product_brand":[],"product_cat":[411],"product_tag":[],"class_list":{"0":"post-22304","1":"product","2":"type-product","3":"status-publish","4":"has-post-thumbnail","6":"product_cat-uborka-es-padlizsan-vetomagok-zalia-stotele","8":"first","9":"instock","10":"taxable","11":"shipping-taxable","12":"purchasable","13":"product-type-simple"},"_links":{"self":[{"href":"https:\/\/chilimag.hu\/webshop\/wp-json\/wp\/v2\/product\/22304","targetHints":{"allow":["GET"]}}],"collection":[{"href":"https:\/\/chilimag.hu\/webshop\/wp-json\/wp\/v2\/product"}],"about":[{"href":"https:\/\/chilimag.hu\/webshop\/wp-json\/wp\/v2\/types\/product"}],"replies":[{"embeddable":true,"href":"https:\/\/chilimag.hu\/webshop\/wp-json\/wp\/v2\/comments?post=22304"}],"wp:featuredmedia":[{"embeddable":true,"href":"https:\/\/chilimag.hu\/webshop\/wp-json\/wp\/v2\/media\/22305"}],"wp:attachment":[{"href":"https:\/\/chilimag.hu\/webshop\/wp-json\/wp\/v2\/media?parent=22304"}],"wp:term":[{"taxonomy":"product_brand","embeddable":true,"href":"https:\/\/chilimag.hu\/webshop\/wp-json\/wp\/v2\/product_brand?post=22304"},{"taxonomy":"product_cat","embeddable":true,"href":"https:\/\/chilimag.hu\/webshop\/wp-json\/wp\/v2\/product_cat?post=22304"},{"taxonomy":"product_tag","embeddable":true,"href":"https:\/\/chilimag.hu\/webshop\/wp-json\/wp\/v2\/product_tag?post=22304"}],"curies":[{"name":"wp","href":"https:\/\/api.w.org\/{rel}","templated":true}]}}