{"id":22292,"date":"2023-03-11T08:25:41","date_gmt":"2023-03-11T08:25:41","guid":{"rendered":"https:\/\/chilimag.hu\/webshop\/?post_type=product&#038;p=22292"},"modified":"2026-02-18T12:26:58","modified_gmt":"2026-02-18T12:26:58","slug":"edeskomeny-romy-z-s-sl","status":"publish","type":"product","link":"https:\/\/chilimag.hu\/webshop\/termek\/edeskomeny-romy-z-s-sl\/","title":{"rendered":"\u00c9desk\u00f6m\u00e9ny Romy Z.S SL"},"content":{"rendered":"","protected":false},"excerpt":{"rendered":"<p><img decoding=\"async\" class=\"active-logo\" src=\"https:\/\/b2b.seklos.lt\/themes\/warehouse\/img\/logo_en.png\" alt=\"Agrofirma S\u0117klos, UAB\" width=\"280\" height=\"95\" \/><\/p>\n<p>Korai \u00e9r\u00e9s\u0171 fajta. Veget\u00e1ci\u00f3s id\u0151szak \u2013 70-75 nappal a vet\u00e9s ut\u00e1n. A hagyma kerek, s\u00falya 350-400 g. Az \u00e9desk\u00f6m\u00e9ny a kapor legk\u00f6zelebbi rokona, de \u00edze \u00e9s illata \u00e1nizsszer\u0171. Haszn\u00e1lhat\u00f3k sal\u00e1t\u00e1khoz, levesekhez, p\u00e1rol\u00e1sra, grillez\u00e9sre, a sz\u00e1r\u00edtott hagymadarabok \u00e9s levelek \u00e9telek \u00edzes\u00edt\u00e9s\u00e9re haszn\u00e1lhat\u00f3k. A magvakat p\u00e1colt vagy tart\u00f3s\u00edtott z\u00f6lds\u00e9gek \u00edzes\u00edt\u00e9s\u00e9re lehet haszn\u00e1lni.<br \/>\nC \u00e1rcsoport<br \/>\nEgy csomagban l\u00e9v\u0151 mennyis\u00e9g 1 g<br \/>\n\u00dcltet\u00e9si t\u00e1vols\u00e1gok IV-VI, 30&#215;30 cm<br \/>\nNapos hely Igen<br \/>\nTerm\u0151f\u00f6ld<br \/>\nA fajta korai ideje Korai<br \/>\nA pal\u00e1nt\u00e1k vet\u00e9si ideje III-IV<br \/>\nGy\u00e1rt\u00f3 \u017dalia stotel\u0117<\/p>\n","protected":false},"featured_media":22293,"comment_status":"closed","ping_status":"closed","template":"","meta":[],"product_brand":[],"product_cat":[357],"product_tag":[],"class_list":{"0":"post-22292","1":"product","2":"type-product","3":"status-publish","4":"has-post-thumbnail","6":"product_cat-retek-salata-es-levelzoldseg-vetomagok","8":"first","9":"instock","10":"taxable","11":"shipping-taxable","12":"purchasable","13":"product-type-simple"},"_links":{"self":[{"href":"https:\/\/chilimag.hu\/webshop\/wp-json\/wp\/v2\/product\/22292","targetHints":{"allow":["GET"]}}],"collection":[{"href":"https:\/\/chilimag.hu\/webshop\/wp-json\/wp\/v2\/product"}],"about":[{"href":"https:\/\/chilimag.hu\/webshop\/wp-json\/wp\/v2\/types\/product"}],"replies":[{"embeddable":true,"href":"https:\/\/chilimag.hu\/webshop\/wp-json\/wp\/v2\/comments?post=22292"}],"wp:featuredmedia":[{"embeddable":true,"href":"https:\/\/chilimag.hu\/webshop\/wp-json\/wp\/v2\/media\/22293"}],"wp:attachment":[{"href":"https:\/\/chilimag.hu\/webshop\/wp-json\/wp\/v2\/media?parent=22292"}],"wp:term":[{"taxonomy":"product_brand","embeddable":true,"href":"https:\/\/chilimag.hu\/webshop\/wp-json\/wp\/v2\/product_brand?post=22292"},{"taxonomy":"product_cat","embeddable":true,"href":"https:\/\/chilimag.hu\/webshop\/wp-json\/wp\/v2\/product_cat?post=22292"},{"taxonomy":"product_tag","embeddable":true,"href":"https:\/\/chilimag.hu\/webshop\/wp-json\/wp\/v2\/product_tag?post=22292"}],"curies":[{"name":"wp","href":"https:\/\/api.w.org\/{rel}","templated":true}]}}