{"id":22287,"date":"2023-03-11T08:20:46","date_gmt":"2023-03-11T08:20:46","guid":{"rendered":"https:\/\/chilimag.hu\/webshop\/?post_type=product&#038;p=22287"},"modified":"2025-08-17T15:26:43","modified_gmt":"2025-08-17T15:26:43","slug":"husveti-fu-z-s-sl","status":"publish","type":"product","link":"https:\/\/chilimag.hu\/webshop\/termek\/husveti-fu-z-s-sl\/","title":{"rendered":"H\u00fasv\u00e9ti f\u0171 Z.S SL"},"content":{"rendered":"","protected":false},"excerpt":{"rendered":"<p><img decoding=\"async\" class=\"active-logo\" src=\"https:\/\/b2b.seklos.lt\/themes\/warehouse\/img\/logo_en.png\" alt=\"Agrofirma S\u0117klos, UAB\" width=\"280\" height=\"95\" \/><\/p>\n<p>Gyorsan n\u0151. A z\u00f6ld, puha f\u0171 j\u00f3 a h\u00fasv\u00e9ti asztald\u00edsznek, papag\u00e1j \u00e9s kis\u00e1llat etet\u00e9s\u00e9re. H\u00fasv\u00e9t el\u0151tt 3 h\u00e9ttel nagyon s\u0171r\u0171n vetik a f\u00f6ldbe vagy a gyapj\u00faba. Tartsa meleg helyen az ablak k\u00f6zel\u00e9ben, am\u00edg ki nem cs\u00edr\u00e1zik. A talajt vagy a gyapj\u00fat folyamatosan nedvesen kell tartani. Ha t\u00fal kor\u00e1n n\u0151 fel a f\u0171, vagy ha d\u00fasabbra szeretn\u00e9d, ha 8-10 cm-n\u00e9l nagyobbra n\u0151 a f\u0171, nyugodtan ny\u00edrhatod, \u00e9s m\u00e9g er\u0151teljesebben n\u0151 vissza.<br \/>\nKiszerel\u00e9s egy csomagban 6 g<br \/>\nVir\u00e1gz\u00e1si id\u0151, magass\u00e1g I-XII<br \/>\nSz\u00edn Z\u00f6ld<br \/>\nTerm\u0151hely Erk\u00e9ly<br \/>\nGy\u00e1rt\u00f3 \u017dalia stotel\u0117<br \/>\nVeget\u00e1ci\u00f3 Egyny\u00e1ri<br \/>\nSzob\u00e1kban, vir\u00e1goskertekben termeszthet\u0151<br \/>\n\u00c9ghajlat R\u00e9szleges \u00e1rny\u00e9k, napos<br \/>\nVir\u00e1gz\u00e1si id\u0151szak I-XII<br \/>\nN\u00f6v\u00e9nymagass\u00e1g, cm 10 cm<\/p>\n","protected":false},"featured_media":22288,"comment_status":"closed","ping_status":"closed","template":"","meta":[],"product_brand":[],"product_cat":[363],"product_tag":[],"class_list":{"0":"post-22287","1":"product","2":"type-product","3":"status-publish","4":"has-post-thumbnail","6":"product_cat-virag-vetomagok-zalia-stotele","8":"first","9":"instock","10":"taxable","11":"shipping-taxable","12":"purchasable","13":"product-type-simple"},"_links":{"self":[{"href":"https:\/\/chilimag.hu\/webshop\/wp-json\/wp\/v2\/product\/22287","targetHints":{"allow":["GET"]}}],"collection":[{"href":"https:\/\/chilimag.hu\/webshop\/wp-json\/wp\/v2\/product"}],"about":[{"href":"https:\/\/chilimag.hu\/webshop\/wp-json\/wp\/v2\/types\/product"}],"replies":[{"embeddable":true,"href":"https:\/\/chilimag.hu\/webshop\/wp-json\/wp\/v2\/comments?post=22287"}],"wp:featuredmedia":[{"embeddable":true,"href":"https:\/\/chilimag.hu\/webshop\/wp-json\/wp\/v2\/media\/22288"}],"wp:attachment":[{"href":"https:\/\/chilimag.hu\/webshop\/wp-json\/wp\/v2\/media?parent=22287"}],"wp:term":[{"taxonomy":"product_brand","embeddable":true,"href":"https:\/\/chilimag.hu\/webshop\/wp-json\/wp\/v2\/product_brand?post=22287"},{"taxonomy":"product_cat","embeddable":true,"href":"https:\/\/chilimag.hu\/webshop\/wp-json\/wp\/v2\/product_cat?post=22287"},{"taxonomy":"product_tag","embeddable":true,"href":"https:\/\/chilimag.hu\/webshop\/wp-json\/wp\/v2\/product_tag?post=22287"}],"curies":[{"name":"wp","href":"https:\/\/api.w.org\/{rel}","templated":true}]}}