{"id":22283,"date":"2023-03-11T08:13:24","date_gmt":"2023-03-11T08:13:24","guid":{"rendered":"https:\/\/chilimag.hu\/webshop\/?post_type=product&#038;p=22283"},"modified":"2026-05-12T06:37:18","modified_gmt":"2026-05-12T06:37:18","slug":"bab-runner-tuzbab-z-s-sl","status":"publish","type":"product","link":"https:\/\/chilimag.hu\/webshop\/termek\/bab-runner-tuzbab-z-s-sl\/","title":{"rendered":"Bab RAUDON\u017dIED\u0116S PUPEL\u0116S (T\u0171zbab) Z.S SL"},"content":{"rendered":"","protected":false},"excerpt":{"rendered":"<p><img decoding=\"async\" class=\"active-logo\" src=\"https:\/\/b2b.seklos.lt\/themes\/warehouse\/img\/logo_en.png\" alt=\"Agrofirma S\u0117klos, UAB\" width=\"280\" height=\"95\" \/><\/p>\n<p>Egyny\u00e1ri, gyorsan n\u00f6vekv\u0151 k\u00fasz\u00f3n\u00f6v\u00e9nyek. Szab\u00e1lytalan alak\u00fa vir\u00e1gok, sepr\u0171 alak\u00fa f\u00fcrt\u00f6kben, b\u0151s\u00e9ges lombozat kontrasztot alkot a f\u00e9nyes vir\u00e1gokkal. J\u00f3l n\u0151 \u00e9s vir\u00e1gzik meszes talajban, sz\u00e9lt\u0151l v\u00e9dett ter\u00fcleten. Vet\u00e9s el\u0151tt a magokat v\u00edzbe kell \u00e1ztatni, majd nedves talajba kell vetni. A babot erk\u00e9lyekre, ker\u00edt\u00e9sekre, \u00e9p\u00fcletek falaira \u00fcltetik. Fagy\u00e9rz\u00e9keny.<br \/>\nKiszerel\u00e9s egy csomagban 8 g<br \/>\nTranszplant\u00e1ci\u00f3 V<br \/>\nVir\u00e1gz\u00e1si id\u0151, magass\u00e1g VI\u2013IX, 100 cm<br \/>\nNapos hely Igen<br \/>\nPiros sz\u00edn<br \/>\nTerm\u0151hely Erk\u00e9ly<br \/>\nGy\u00e1rt\u00f3 \u017dalia stotel\u0117<br \/>\nVeget\u00e1ci\u00f3 Egyny\u00e1ri<br \/>\nVir\u00e1goskertekben termeszthet\u0151, hegym\u00e1sz\u00e1sra<br \/>\nNapos \u00e9ghajlat<br \/>\nVir\u00e1gz\u00e1si id\u0151szak IV-V<br \/>\nN\u00f6v\u00e9nymagass\u00e1g, cm 100 cm<\/p>\n","protected":false},"featured_media":22284,"comment_status":"closed","ping_status":"closed","template":"","meta":[],"product_brand":[],"product_cat":[416],"product_tag":[],"class_list":{"0":"post-22283","1":"product","2":"type-product","3":"status-publish","4":"has-post-thumbnail","6":"product_cat-huvelyesek-vetomagok-zalia-stotele","8":"first","9":"instock","10":"taxable","11":"shipping-taxable","12":"purchasable","13":"product-type-simple"},"_links":{"self":[{"href":"https:\/\/chilimag.hu\/webshop\/wp-json\/wp\/v2\/product\/22283","targetHints":{"allow":["GET"]}}],"collection":[{"href":"https:\/\/chilimag.hu\/webshop\/wp-json\/wp\/v2\/product"}],"about":[{"href":"https:\/\/chilimag.hu\/webshop\/wp-json\/wp\/v2\/types\/product"}],"replies":[{"embeddable":true,"href":"https:\/\/chilimag.hu\/webshop\/wp-json\/wp\/v2\/comments?post=22283"}],"wp:featuredmedia":[{"embeddable":true,"href":"https:\/\/chilimag.hu\/webshop\/wp-json\/wp\/v2\/media\/22284"}],"wp:attachment":[{"href":"https:\/\/chilimag.hu\/webshop\/wp-json\/wp\/v2\/media?parent=22283"}],"wp:term":[{"taxonomy":"product_brand","embeddable":true,"href":"https:\/\/chilimag.hu\/webshop\/wp-json\/wp\/v2\/product_brand?post=22283"},{"taxonomy":"product_cat","embeddable":true,"href":"https:\/\/chilimag.hu\/webshop\/wp-json\/wp\/v2\/product_cat?post=22283"},{"taxonomy":"product_tag","embeddable":true,"href":"https:\/\/chilimag.hu\/webshop\/wp-json\/wp\/v2\/product_tag?post=22283"}],"curies":[{"name":"wp","href":"https:\/\/api.w.org\/{rel}","templated":true}]}}