{"id":22281,"date":"2023-03-11T08:08:35","date_gmt":"2023-03-11T08:08:35","guid":{"rendered":"https:\/\/chilimag.hu\/webshop\/?post_type=product&#038;p=22281"},"modified":"2026-02-16T17:21:39","modified_gmt":"2026-02-16T17:21:39","slug":"mexikoi-feather-grass-z-s-sl","status":"publish","type":"product","link":"https:\/\/chilimag.hu\/webshop\/termek\/mexikoi-feather-grass-z-s-sl\/","title":{"rendered":"Mexik\u00f3i tollf\u0171 Mexikan Feather Grass  Z.S SL"},"content":{"rendered":"","protected":false},"excerpt":{"rendered":"<p><img decoding=\"async\" class=\"active-logo\" src=\"https:\/\/b2b.seklos.lt\/themes\/warehouse\/img\/logo_en.png\" alt=\"Agrofirma S\u0117klos, UAB\" width=\"280\" height=\"95\" \/><\/p>\n<p>\u00c9vel\u0151, kiv\u00e9telesen sz\u00e9p f\u0171. A vir\u00e1gzat a tollakra eml\u00e9keztet, szeles, nyitott vir\u00e1goskertben termesztve nagyon sz\u00e9pnek t\u0171nik \u2013 a vir\u00e1gok \u00e9s a levelek hull\u00e1mokat keltenek a sz\u00e9lben, \u00e9s k\u00fcl\u00f6n\u00f6sen dekorat\u00edvak a ny\u00e1r m\u00e1sodik fel\u00e9ben. A n\u00f6v\u00e9nyek sz\u00e1razs\u00e1gt\u0171r\u0151k, az els\u0151 fagyok ut\u00e1n is meg\u0151rzik d\u00edszterm\u00e9szet\u00fcket.<br \/>\nNapos helyen termesztik. A k\u00f6nny\u0171 laza talajt kedveli. Ugyanazon a helyen 3-4 \u00e9vig termeszthet\u0151. A telel\u00e9shez le kell takarni.<\/p>\n<p>Kiszerel\u00e9s egy csomagban 0,2 g<br \/>\nA magok sz\u00e1ma grammonk\u00e9nt ~ 3500<br \/>\n\u00dcltet\u00e9si t\u00e1vols\u00e1gok 70&#215;70 cm<br \/>\nVir\u00e1gz\u00e1si id\u0151, magass\u00e1g VII-VIII, 40-60 cm<br \/>\nNapos hely Igen<br \/>\nSz\u00edn Z\u00f6ld<br \/>\nVet\u00e9sid\u0151 a talajban V, X<br \/>\nA pal\u00e1nt\u00e1k vet\u00e9sideje III\u2013IV<br \/>\nGy\u00e1rt\u00f3 \u017dalia stotel\u0117<br \/>\nVeget\u00e1ci\u00f3 \u00e9vel\u0151<br \/>\nVir\u00e1goskertekben, Alpinariumokban termeszthet\u0151<br \/>\nNapos \u00e9ghajlat<br \/>\nVir\u00e1gz\u00e1si id\u0151szak III-V, X<br \/>\nT\u00e1vols\u00e1gok, cm 70&#215;70 cm<br \/>\nN\u00f6v\u00e9nymagass\u00e1g, cm 40-60 cm<\/p>\n","protected":false},"featured_media":22282,"comment_status":"closed","ping_status":"closed","template":"","meta":[],"product_brand":[],"product_cat":[363],"product_tag":[],"class_list":{"0":"post-22281","1":"product","2":"type-product","3":"status-publish","4":"has-post-thumbnail","6":"product_cat-virag-vetomagok-zalia-stotele","8":"first","9":"instock","10":"taxable","11":"shipping-taxable","12":"purchasable","13":"product-type-simple"},"_links":{"self":[{"href":"https:\/\/chilimag.hu\/webshop\/wp-json\/wp\/v2\/product\/22281","targetHints":{"allow":["GET"]}}],"collection":[{"href":"https:\/\/chilimag.hu\/webshop\/wp-json\/wp\/v2\/product"}],"about":[{"href":"https:\/\/chilimag.hu\/webshop\/wp-json\/wp\/v2\/types\/product"}],"replies":[{"embeddable":true,"href":"https:\/\/chilimag.hu\/webshop\/wp-json\/wp\/v2\/comments?post=22281"}],"wp:featuredmedia":[{"embeddable":true,"href":"https:\/\/chilimag.hu\/webshop\/wp-json\/wp\/v2\/media\/22282"}],"wp:attachment":[{"href":"https:\/\/chilimag.hu\/webshop\/wp-json\/wp\/v2\/media?parent=22281"}],"wp:term":[{"taxonomy":"product_brand","embeddable":true,"href":"https:\/\/chilimag.hu\/webshop\/wp-json\/wp\/v2\/product_brand?post=22281"},{"taxonomy":"product_cat","embeddable":true,"href":"https:\/\/chilimag.hu\/webshop\/wp-json\/wp\/v2\/product_cat?post=22281"},{"taxonomy":"product_tag","embeddable":true,"href":"https:\/\/chilimag.hu\/webshop\/wp-json\/wp\/v2\/product_tag?post=22281"}],"curies":[{"name":"wp","href":"https:\/\/api.w.org\/{rel}","templated":true}]}}