{"id":22273,"date":"2023-03-11T07:58:00","date_gmt":"2023-03-11T07:58:00","guid":{"rendered":"https:\/\/chilimag.hu\/webshop\/?post_type=product&#038;p=22273"},"modified":"2026-03-23T09:33:40","modified_gmt":"2026-03-23T09:33:40","slug":"fodros-kell-scarlet-z-s-sl","status":"publish","type":"product","link":"https:\/\/chilimag.hu\/webshop\/termek\/fodros-kell-scarlet-z-s-sl\/","title":{"rendered":"Fodros kel Scarlet Z.S SL"},"content":{"rendered":"","protected":false},"excerpt":{"rendered":"<p><img decoding=\"async\" class=\"active-logo\" src=\"https:\/\/b2b.seklos.lt\/themes\/warehouse\/img\/logo_en.png\" alt=\"Agrofirma S\u0117klos, UAB\" width=\"280\" height=\"95\" \/><\/p>\n<p>A n\u00f6v\u00e9nyek 60 cm magasra n\u0151nek. Ellen\u00e1ll a nagyobb fagynak is, ez\u00e9rt ha a szabadban hagyjuk \u00e1ttelelni, decemberben leszedhetj\u00fck a friss leveleket. A kelk\u00e1poszt\u00e1t m\u00e9lt\u00e1n nevezik szuper\u00e9lelmiszernek: nagyon \u00e9rt\u00e9kes z\u00f6lds\u00e9g, nagyon kev\u00e9s kal\u00f3ri\u00e1val, de gazdag rostokban, vasban, kalciumban, A-, C- \u00e9s K-vitaminban, folsavban, antioxid\u00e1nsokban, karotinoidokban, flavonoidokban, fitoncidekben, k\u00fcl\u00f6nf\u00e9le enzimekben, \u00e1sv\u00e1nyi s\u00f3kban, k\u00e1lium, foszfor, k\u00e9n, j\u00f3d.<br \/>\nB \u00e1rcsoport<br \/>\nMennyis\u00e9g kiszerel\u00e9sben 0,5g<br \/>\nMagok sz\u00e1ma grammonk\u00e9nt Kb. 260-310 mag<br \/>\nTranszplant\u00e1ci\u00f3 IV-V<br \/>\nSz\u00fcret VI-XII<br \/>\nNapos hely Igen<br \/>\nTerm\u0151f\u00f6ld<br \/>\nA fajta korai \u00e9r\u00e9se M\u00e9rs\u00e9kelten k\u00e9s\u0151i<br \/>\nA pal\u00e1nt\u00e1k vet\u00e9si ideje III-IV<br \/>\nGy\u00fcm\u00f6lcs sz\u00edne lila<br \/>\nGy\u00e1rt\u00f3 \u017dalia stotel\u0117<\/p>\n","protected":false},"featured_media":22274,"comment_status":"closed","ping_status":"closed","template":"","meta":[],"product_brand":[],"product_cat":[415],"product_tag":[],"class_list":{"0":"post-22273","1":"product","2":"type-product","3":"status-publish","4":"has-post-thumbnail","6":"product_cat-kaposzta-es-karfiol-vetomagok-zalia-stotele","8":"first","9":"instock","10":"taxable","11":"shipping-taxable","12":"purchasable","13":"product-type-simple"},"_links":{"self":[{"href":"https:\/\/chilimag.hu\/webshop\/wp-json\/wp\/v2\/product\/22273","targetHints":{"allow":["GET"]}}],"collection":[{"href":"https:\/\/chilimag.hu\/webshop\/wp-json\/wp\/v2\/product"}],"about":[{"href":"https:\/\/chilimag.hu\/webshop\/wp-json\/wp\/v2\/types\/product"}],"replies":[{"embeddable":true,"href":"https:\/\/chilimag.hu\/webshop\/wp-json\/wp\/v2\/comments?post=22273"}],"wp:featuredmedia":[{"embeddable":true,"href":"https:\/\/chilimag.hu\/webshop\/wp-json\/wp\/v2\/media\/22274"}],"wp:attachment":[{"href":"https:\/\/chilimag.hu\/webshop\/wp-json\/wp\/v2\/media?parent=22273"}],"wp:term":[{"taxonomy":"product_brand","embeddable":true,"href":"https:\/\/chilimag.hu\/webshop\/wp-json\/wp\/v2\/product_brand?post=22273"},{"taxonomy":"product_cat","embeddable":true,"href":"https:\/\/chilimag.hu\/webshop\/wp-json\/wp\/v2\/product_cat?post=22273"},{"taxonomy":"product_tag","embeddable":true,"href":"https:\/\/chilimag.hu\/webshop\/wp-json\/wp\/v2\/product_tag?post=22273"}],"curies":[{"name":"wp","href":"https:\/\/api.w.org\/{rel}","templated":true}]}}