{"id":22259,"date":"2023-03-11T07:19:10","date_gmt":"2023-03-11T07:19:10","guid":{"rendered":"https:\/\/chilimag.hu\/webshop\/?post_type=product&#038;p=22259"},"modified":"2026-04-08T22:21:41","modified_gmt":"2026-04-08T22:21:41","slug":"borso-ambrosia-z-s-sl","status":"publish","type":"product","link":"https:\/\/chilimag.hu\/webshop\/termek\/borso-ambrosia-z-s-sl\/","title":{"rendered":"Bors\u00f3 Ambrosia Z.S SL"},"content":{"rendered":"","protected":false},"excerpt":{"rendered":"<p><img decoding=\"async\" class=\"active-logo\" src=\"https:\/\/b2b.seklos.lt\/themes\/warehouse\/img\/logo_en.png\" alt=\"Agrofirma S\u0117klos, UAB\" width=\"280\" height=\"95\" \/><\/p>\n<p>K\u00f6z\u00e9pkorai fajta cukorbors\u00f3. A n\u00f6v\u00e9ny k\u00f6r\u00fclbel\u00fcl 60 cm magas. A h\u00fcvelyek 50-65 napon bel\u00fcl feln\u0151nek. A magvakat tartalmaz\u00f3 h\u00fcvelyeket \u00e9tkez\u00e9sre haszn\u00e1lj\u00e1k. Alkalmas forral\u00e1sra, p\u00e1rol\u00e1sra, bef\u0151z\u00e9sre, fagyaszt\u00e1sra. K\u00f6zepesen neh\u00e9z, v\u00edz- \u00e9s leveg\u0151\u00e1tereszt\u0151 talajon n\u0151 a legjobban. A bors\u00f3t 4-5 \u00e9v m\u00falva kell ugyanoda vetni.<br \/>\nB \u00e1rcsoport<br \/>\nMennyis\u00e9g egy csomagban 30gr<br \/>\nMagok sz\u00e1ma grammonk\u00e9nt K\u00f6r\u00fclbel\u00fcl 3-6 mag<br \/>\nSp\u00e1rga t\u00edpus<br \/>\nTerm\u0151f\u00f6ld<br \/>\nElk\u00e9sz\u00edt\u00e9si m\u00f3dszerek H\u0171t\u00e9s, Konzerv\u00e1l\u00e1s<br \/>\nA fajta korai ideje M\u00e9rs\u00e9kelten korai<br \/>\nVet\u00e9sid\u0151 a talajban III-IV<br \/>\nGy\u00e1rt\u00f3 \u017dalia stotel\u0117<\/p>\n","protected":false},"featured_media":22260,"comment_status":"closed","ping_status":"closed","template":"","meta":[],"product_brand":[],"product_cat":[416],"product_tag":[],"class_list":{"0":"post-22259","1":"product","2":"type-product","3":"status-publish","4":"has-post-thumbnail","6":"product_cat-huvelyesek-vetomagok-zalia-stotele","8":"first","9":"instock","10":"taxable","11":"shipping-taxable","12":"purchasable","13":"product-type-simple"},"_links":{"self":[{"href":"https:\/\/chilimag.hu\/webshop\/wp-json\/wp\/v2\/product\/22259","targetHints":{"allow":["GET"]}}],"collection":[{"href":"https:\/\/chilimag.hu\/webshop\/wp-json\/wp\/v2\/product"}],"about":[{"href":"https:\/\/chilimag.hu\/webshop\/wp-json\/wp\/v2\/types\/product"}],"replies":[{"embeddable":true,"href":"https:\/\/chilimag.hu\/webshop\/wp-json\/wp\/v2\/comments?post=22259"}],"wp:featuredmedia":[{"embeddable":true,"href":"https:\/\/chilimag.hu\/webshop\/wp-json\/wp\/v2\/media\/22260"}],"wp:attachment":[{"href":"https:\/\/chilimag.hu\/webshop\/wp-json\/wp\/v2\/media?parent=22259"}],"wp:term":[{"taxonomy":"product_brand","embeddable":true,"href":"https:\/\/chilimag.hu\/webshop\/wp-json\/wp\/v2\/product_brand?post=22259"},{"taxonomy":"product_cat","embeddable":true,"href":"https:\/\/chilimag.hu\/webshop\/wp-json\/wp\/v2\/product_cat?post=22259"},{"taxonomy":"product_tag","embeddable":true,"href":"https:\/\/chilimag.hu\/webshop\/wp-json\/wp\/v2\/product_tag?post=22259"}],"curies":[{"name":"wp","href":"https:\/\/api.w.org\/{rel}","templated":true}]}}