{"id":22253,"date":"2023-03-11T07:10:11","date_gmt":"2023-03-11T07:10:11","guid":{"rendered":"https:\/\/chilimag.hu\/webshop\/?post_type=product&#038;p=22253"},"modified":"2025-08-31T13:55:24","modified_gmt":"2025-08-31T13:55:24","slug":"hagyma-bajkal-z-s-sl","status":"publish","type":"product","link":"https:\/\/chilimag.hu\/webshop\/termek\/hagyma-bajkal-z-s-sl\/","title":{"rendered":"Hagyma Bajkal Z.S SL"},"content":{"rendered":"","protected":false},"excerpt":{"rendered":"<p><img decoding=\"async\" class=\"active-logo\" src=\"https:\/\/b2b.seklos.lt\/themes\/warehouse\/img\/logo_en.png\" alt=\"Agrofirma S\u0117klos, UAB\" width=\"280\" height=\"95\" \/><\/p>\n<p>Az egyik legkor\u00e1bbi \u00e9vel\u0151 tavaszi z\u00f6lds\u00e9g. Ugyanazon helyen 3-5 \u00e9vig n\u0151het. Ellen\u00e1ll a hidegnek, nagyon korai visszan\u00f6v\u00e9s tavasszal. J\u00f3l fejl\u0151dik humuszban gazdag k\u00f6nny\u0171 agyagos vagy homokos v\u00e1lyogtalajban. A leveleket kora tavaszt\u00f3l k\u00e9s\u0151 \u0151szig sal\u00e1t\u00e1khoz haszn\u00e1lj\u00e1k.<br \/>\nB \u00e1rcsoport<br \/>\nMennyis\u00e9g egy csomagban 2 g<br \/>\nMagok sz\u00e1ma grammonk\u00e9nt Kb. 250-450 mag<br \/>\nTerm\u0151f\u00f6ld<br \/>\nA fajta korai ideje M\u00e9rs\u00e9kelten korai<br \/>\nVet\u00e9sid\u0151 a talajban IV, VII-VIII<br \/>\nGy\u00e1rt\u00f3 \u017dalia stotel\u0117<\/p>\n","protected":false},"featured_media":22254,"comment_status":"closed","ping_status":"closed","template":"","meta":[],"product_brand":[],"product_cat":[417],"product_tag":[],"class_list":{"0":"post-22253","1":"product","2":"type-product","3":"status-publish","4":"has-post-thumbnail","6":"product_cat-hagyma-vetomagok-zalia-stotele","8":"first","9":"instock","10":"taxable","11":"shipping-taxable","12":"purchasable","13":"product-type-simple"},"_links":{"self":[{"href":"https:\/\/chilimag.hu\/webshop\/wp-json\/wp\/v2\/product\/22253","targetHints":{"allow":["GET"]}}],"collection":[{"href":"https:\/\/chilimag.hu\/webshop\/wp-json\/wp\/v2\/product"}],"about":[{"href":"https:\/\/chilimag.hu\/webshop\/wp-json\/wp\/v2\/types\/product"}],"replies":[{"embeddable":true,"href":"https:\/\/chilimag.hu\/webshop\/wp-json\/wp\/v2\/comments?post=22253"}],"wp:featuredmedia":[{"embeddable":true,"href":"https:\/\/chilimag.hu\/webshop\/wp-json\/wp\/v2\/media\/22254"}],"wp:attachment":[{"href":"https:\/\/chilimag.hu\/webshop\/wp-json\/wp\/v2\/media?parent=22253"}],"wp:term":[{"taxonomy":"product_brand","embeddable":true,"href":"https:\/\/chilimag.hu\/webshop\/wp-json\/wp\/v2\/product_brand?post=22253"},{"taxonomy":"product_cat","embeddable":true,"href":"https:\/\/chilimag.hu\/webshop\/wp-json\/wp\/v2\/product_cat?post=22253"},{"taxonomy":"product_tag","embeddable":true,"href":"https:\/\/chilimag.hu\/webshop\/wp-json\/wp\/v2\/product_tag?post=22253"}],"curies":[{"name":"wp","href":"https:\/\/api.w.org\/{rel}","templated":true}]}}