{"id":22249,"date":"2023-03-11T07:03:40","date_gmt":"2023-03-11T07:03:40","guid":{"rendered":"https:\/\/chilimag.hu\/webshop\/?post_type=product&#038;p=22249"},"modified":"2025-12-18T20:09:29","modified_gmt":"2025-12-18T20:09:29","slug":"hagyma-borettana-z-s-sl","status":"publish","type":"product","link":"https:\/\/chilimag.hu\/webshop\/termek\/hagyma-borettana-z-s-sl\/","title":{"rendered":"Hagyma Borettana Z.S SL"},"content":{"rendered":"","protected":false},"excerpt":{"rendered":"<p><img decoding=\"async\" class=\"active-logo\" src=\"https:\/\/b2b.seklos.lt\/themes\/warehouse\/img\/logo_en.png\" alt=\"Agrofirma S\u0117klos, UAB\" width=\"280\" height=\"95\" \/><\/p>\n<p>Olaszorsz\u00e1gban ennek a fajt\u00e1nak a hagym\u00e1j\u00e1t \u201ecipollini\u201d-nak h\u00edvj\u00e1k, \u00e9s hagyom\u00e1nyosan s\u00fct\u0151ben s\u00fctik, vagy nem apr\u00f3ra v\u00e1gva p\u00e1colj\u00e1k. Frissen is fogyaszthat\u00f3 \u2013 enyhe \u00edz\u00fck miatt sal\u00e1t\u00e1khoz kiv\u00e1l\u00f3an alkalmas. Veget\u00e1ci\u00f3s id\u0151szak \u2013 120 nappal a vet\u00e9s ut\u00e1n. A hagym\u00e1k laposak, kicsik, 3,5\u20136 cm \u00e1tm\u00e9r\u0151j\u0171ek. Nagyobb hagym\u00e1kat is lehet nevelni, ha nagyobb t\u00e1vols\u00e1got hagyunk a n\u00f6v\u00e9nyek k\u00f6z\u00f6tt. A betakar\u00edt\u00e1s ut\u00e1n k\u00f6r\u00fclbel\u00fcl 5 h\u00f3napig t\u00e1rolhat\u00f3.<br \/>\nC \u00e1rcsoport<br \/>\nMennyis\u00e9g egy csomagban 2 g<br \/>\nMagok sz\u00e1ma grammonk\u00e9nt Kb. 250-450 mag<br \/>\n\u00dcltet\u00e9si t\u00e1vols\u00e1gok 20 x 5 cm<br \/>\nSz\u00fcret VIII-IX<br \/>\nNapos hely Igen<br \/>\nT\u00edpus feh\u00e9rr\u00e9pa<br \/>\nTerm\u0151f\u00f6ld<br \/>\nA fajta korai ideje M\u00e9rs\u00e9kelten korai<br \/>\nVet\u00e9sid\u0151 a talajban IV-V<br \/>\nGy\u00fcm\u00f6lcs sz\u00edne S\u00e1rga<br \/>\nGy\u00e1rt\u00f3 \u017dalia stotel\u0117<\/p>\n","protected":false},"featured_media":22250,"comment_status":"closed","ping_status":"closed","template":"","meta":[],"product_brand":[],"product_cat":[417],"product_tag":[],"class_list":{"0":"post-22249","1":"product","2":"type-product","3":"status-publish","4":"has-post-thumbnail","6":"product_cat-hagyma-vetomagok-zalia-stotele","8":"first","9":"instock","10":"taxable","11":"shipping-taxable","12":"purchasable","13":"product-type-simple"},"_links":{"self":[{"href":"https:\/\/chilimag.hu\/webshop\/wp-json\/wp\/v2\/product\/22249","targetHints":{"allow":["GET"]}}],"collection":[{"href":"https:\/\/chilimag.hu\/webshop\/wp-json\/wp\/v2\/product"}],"about":[{"href":"https:\/\/chilimag.hu\/webshop\/wp-json\/wp\/v2\/types\/product"}],"replies":[{"embeddable":true,"href":"https:\/\/chilimag.hu\/webshop\/wp-json\/wp\/v2\/comments?post=22249"}],"wp:featuredmedia":[{"embeddable":true,"href":"https:\/\/chilimag.hu\/webshop\/wp-json\/wp\/v2\/media\/22250"}],"wp:attachment":[{"href":"https:\/\/chilimag.hu\/webshop\/wp-json\/wp\/v2\/media?parent=22249"}],"wp:term":[{"taxonomy":"product_brand","embeddable":true,"href":"https:\/\/chilimag.hu\/webshop\/wp-json\/wp\/v2\/product_brand?post=22249"},{"taxonomy":"product_cat","embeddable":true,"href":"https:\/\/chilimag.hu\/webshop\/wp-json\/wp\/v2\/product_cat?post=22249"},{"taxonomy":"product_tag","embeddable":true,"href":"https:\/\/chilimag.hu\/webshop\/wp-json\/wp\/v2\/product_tag?post=22249"}],"curies":[{"name":"wp","href":"https:\/\/api.w.org\/{rel}","templated":true}]}}