{"id":22247,"date":"2023-03-11T07:01:32","date_gmt":"2023-03-11T07:01:32","guid":{"rendered":"https:\/\/chilimag.hu\/webshop\/?post_type=product&#038;p=22247"},"modified":"2025-08-22T11:22:18","modified_gmt":"2025-08-22T11:22:18","slug":"hagyma-freddy-z-s-sl","status":"publish","type":"product","link":"https:\/\/chilimag.hu\/webshop\/termek\/hagyma-freddy-z-s-sl\/","title":{"rendered":"Hagyma Freddy Z.S SL"},"content":{"rendered":"","protected":false},"excerpt":{"rendered":"<p><img decoding=\"async\" class=\"active-logo\" src=\"https:\/\/b2b.seklos.lt\/themes\/warehouse\/img\/logo_en.png\" alt=\"Agrofirma S\u0117klos, UAB\" width=\"280\" height=\"95\" \/><\/p>\n<p>K\u00fcl\u00f6nf\u00e9le \u00fajhagyma, amely nem terem hagym\u00e1t. A veget\u00e1ci\u00f3s id\u0151szak 60-75 nap. Tavasszal vetik, de a k\u00f6vetkez\u0151 \u00e9v kora tavaszi betakar\u00edt\u00e1s\u00e1nak legjobb ideje j\u00falius-augusztus. T\u00e9l\u00e1ll\u00f3 fajta. V\u00e1g\u00e1s ut\u00e1n \u00fajra n\u0151. M\u0171velt homokos v\u00e1lyogban, k\u00f6nny\u0171 homokos v\u00e1lyog talajban fejl\u0151dik a legjobban.<br \/>\nD \u00e1rcsoport<br \/>\nEgy csomagban l\u00e9v\u0151 mennyis\u00e9g 1 g<br \/>\nMagok sz\u00e1ma grammonk\u00e9nt Kb. 250-450 mag<br \/>\nTerm\u0151f\u00f6ld, \u00fcvegh\u00e1zban<br \/>\nA fajta korai ideje Korai<br \/>\nVet\u00e9sid\u0151 a talajban III-VI, VII-VIII<br \/>\nVet\u00e9sid\u0151 \u00fcvegh\u00e1zban III-IV<br \/>\nGy\u00e1rt\u00f3 \u017dalia stotel\u0117<\/p>\n","protected":false},"featured_media":22248,"comment_status":"closed","ping_status":"closed","template":"","meta":[],"product_brand":[],"product_cat":[417],"product_tag":[],"class_list":{"0":"post-22247","1":"product","2":"type-product","3":"status-publish","4":"has-post-thumbnail","6":"product_cat-hagyma-vetomagok-zalia-stotele","8":"first","9":"instock","10":"taxable","11":"shipping-taxable","12":"purchasable","13":"product-type-simple"},"_links":{"self":[{"href":"https:\/\/chilimag.hu\/webshop\/wp-json\/wp\/v2\/product\/22247","targetHints":{"allow":["GET"]}}],"collection":[{"href":"https:\/\/chilimag.hu\/webshop\/wp-json\/wp\/v2\/product"}],"about":[{"href":"https:\/\/chilimag.hu\/webshop\/wp-json\/wp\/v2\/types\/product"}],"replies":[{"embeddable":true,"href":"https:\/\/chilimag.hu\/webshop\/wp-json\/wp\/v2\/comments?post=22247"}],"wp:featuredmedia":[{"embeddable":true,"href":"https:\/\/chilimag.hu\/webshop\/wp-json\/wp\/v2\/media\/22248"}],"wp:attachment":[{"href":"https:\/\/chilimag.hu\/webshop\/wp-json\/wp\/v2\/media?parent=22247"}],"wp:term":[{"taxonomy":"product_brand","embeddable":true,"href":"https:\/\/chilimag.hu\/webshop\/wp-json\/wp\/v2\/product_brand?post=22247"},{"taxonomy":"product_cat","embeddable":true,"href":"https:\/\/chilimag.hu\/webshop\/wp-json\/wp\/v2\/product_cat?post=22247"},{"taxonomy":"product_tag","embeddable":true,"href":"https:\/\/chilimag.hu\/webshop\/wp-json\/wp\/v2\/product_tag?post=22247"}],"curies":[{"name":"wp","href":"https:\/\/api.w.org\/{rel}","templated":true}]}}