{"id":22241,"date":"2023-03-11T06:53:12","date_gmt":"2023-03-11T06:53:12","guid":{"rendered":"https:\/\/chilimag.hu\/webshop\/?post_type=product&#038;p=22241"},"modified":"2025-12-18T20:09:29","modified_gmt":"2025-12-18T20:09:29","slug":"hagyma-albienka-z-s-sl","status":"publish","type":"product","link":"https:\/\/chilimag.hu\/webshop\/termek\/hagyma-albienka-z-s-sl\/","title":{"rendered":"Hagyma Albienka Z.S SL"},"content":{"rendered":"","protected":false},"excerpt":{"rendered":"<p><img decoding=\"async\" class=\"active-logo\" src=\"https:\/\/b2b.seklos.lt\/themes\/warehouse\/img\/logo_en.png\" alt=\"Agrofirma S\u0117klos, UAB\" width=\"280\" height=\"95\" \/><\/p>\n<p>K\u00f6z\u00e9pkorai fajta. A vet\u00e9s ut\u00e1n 125 napon bel\u00fcl \u00e9rik. A hagym\u00e1k lapos kerekek, feh\u00e9r h\u00e9j\u00faak, k\u00f6r\u00fclbel\u00fcl 105 g t\u00f6meg\u0171ek \u00e9s enyhe \u00edz\u0171ek. Frissen haszn\u00e1lt, r\u00f6vid ideig t\u00e1rolhat\u00f3. Ennek a fajt\u00e1nak a hagym\u00e1ja \u00fajhagymak\u00e9nt \u00e9s kis hagym\u00e1nak (konzervez\u00e9shez) termeszthet\u0151. \u00c1prilis v\u00e9g\u00e9n vagy m\u00e1jus elej\u00e9n szabadf\u00f6ldre vetik. J\u00f3l n\u0151 homokos v\u00e1lyogban \u00e9s humuszban &#8211; gazdag, meglehet\u0151sen sz\u00e1raz k\u00f6nny\u0171 homokos v\u00e1lyog talajban.<br \/>\nB \u00e1rcsoport<br \/>\nEgy csomagban l\u00e9v\u0151 mennyis\u00e9g 1 g<br \/>\nMagok sz\u00e1ma grammonk\u00e9nt Kb. 250-450 mag<br \/>\nT\u00edpus feh\u00e9rr\u00e9pa<br \/>\nTerm\u0151f\u00f6ld<br \/>\nA fajta korai ideje M\u00e9rs\u00e9kelten korai<br \/>\nVet\u00e9sid\u0151 a talajban IV-V<br \/>\nGy\u00fcm\u00f6lcs sz\u00edne Feh\u00e9r<br \/>\nGy\u00e1rt\u00f3 \u017dalia stotel\u0117<\/p>\n","protected":false},"featured_media":22242,"comment_status":"closed","ping_status":"closed","template":"","meta":[],"product_brand":[],"product_cat":[417],"product_tag":[],"class_list":{"0":"post-22241","1":"product","2":"type-product","3":"status-publish","4":"has-post-thumbnail","6":"product_cat-hagyma-vetomagok-zalia-stotele","8":"first","9":"instock","10":"taxable","11":"shipping-taxable","12":"purchasable","13":"product-type-simple"},"_links":{"self":[{"href":"https:\/\/chilimag.hu\/webshop\/wp-json\/wp\/v2\/product\/22241","targetHints":{"allow":["GET"]}}],"collection":[{"href":"https:\/\/chilimag.hu\/webshop\/wp-json\/wp\/v2\/product"}],"about":[{"href":"https:\/\/chilimag.hu\/webshop\/wp-json\/wp\/v2\/types\/product"}],"replies":[{"embeddable":true,"href":"https:\/\/chilimag.hu\/webshop\/wp-json\/wp\/v2\/comments?post=22241"}],"wp:featuredmedia":[{"embeddable":true,"href":"https:\/\/chilimag.hu\/webshop\/wp-json\/wp\/v2\/media\/22242"}],"wp:attachment":[{"href":"https:\/\/chilimag.hu\/webshop\/wp-json\/wp\/v2\/media?parent=22241"}],"wp:term":[{"taxonomy":"product_brand","embeddable":true,"href":"https:\/\/chilimag.hu\/webshop\/wp-json\/wp\/v2\/product_brand?post=22241"},{"taxonomy":"product_cat","embeddable":true,"href":"https:\/\/chilimag.hu\/webshop\/wp-json\/wp\/v2\/product_cat?post=22241"},{"taxonomy":"product_tag","embeddable":true,"href":"https:\/\/chilimag.hu\/webshop\/wp-json\/wp\/v2\/product_tag?post=22241"}],"curies":[{"name":"wp","href":"https:\/\/api.w.org\/{rel}","templated":true}]}}