{"id":22239,"date":"2023-03-11T06:50:05","date_gmt":"2023-03-11T06:50:05","guid":{"rendered":"https:\/\/chilimag.hu\/webshop\/?post_type=product&#038;p=22239"},"modified":"2025-08-22T11:24:05","modified_gmt":"2025-08-22T11:24:05","slug":"hagyma-parade-z-s-sl","status":"publish","type":"product","link":"https:\/\/chilimag.hu\/webshop\/termek\/hagyma-parade-z-s-sl\/","title":{"rendered":"Hagyma Parade Z.S SL"},"content":{"rendered":"","protected":false},"excerpt":{"rendered":"<p><img decoding=\"async\" class=\"active-logo\" src=\"https:\/\/b2b.seklos.lt\/themes\/warehouse\/img\/logo_en.png\" alt=\"Agrofirma S\u0117klos, UAB\" width=\"280\" height=\"95\" \/><\/p>\n<p>V\u00e1ltozatos \u00fajhagyma. A veget\u00e1ci\u00f3s id\u0151szak 60-75 nap. Vastag sz\u00e1rra termesztik. Sz\u00e1ra buja, s\u00f6t\u00e9tz\u00f6ld \u00e9s enyhe \u00edz\u0171. A n\u00f6v\u00e9nyek sz\u00e1razs\u00e1gt\u0171r\u0151k, j\u00f3l t\u0171rik az alacsony h\u0151m\u00e9rs\u00e9kletet. A legjobban termesztett homokos v\u00e1lyog vagy k\u00f6nny\u0171 homokos v\u00e1lyog talajban n\u0151. \u00dcvegh\u00e1zakban, szabadf\u00f6ld\u00f6n \u00e9s takar\u00e1s alatt termesztik. Ha szabadban termesztik, a veget\u00e1ci\u00f3s id\u0151szak 60-90 napig tart. A magvak kezelhet\u0151k. Ha a magvakat kezelik, a kezel\u00e9s neve a csomagol\u00e1s alj\u00e1n tal\u00e1lhat\u00f3.<br \/>\nB \u00e1rcsoport<br \/>\nMennyis\u00e9g egy csomagban 0,2g<br \/>\nMagok sz\u00e1ma grammonk\u00e9nt Kb. 250-450 mag<br \/>\nProfesszion\u00e1lis haszn\u00e1latra alkalmas Igen<br \/>\nT\u00edpus Leafy<br \/>\nTerm\u0151f\u00f6ld, \u00fcvegh\u00e1zban<br \/>\nA fajta korai ideje Korai<br \/>\nVet\u00e9sid\u0151 a talajban III-VI<br \/>\nVet\u00e9sid\u0151 \u00fcvegh\u00e1zban III-IV<br \/>\nGy\u00e1rt\u00f3 \u017dalia stotel\u0117<\/p>\n","protected":false},"featured_media":22240,"comment_status":"closed","ping_status":"closed","template":"","meta":[],"product_brand":[],"product_cat":[417],"product_tag":[],"class_list":{"0":"post-22239","1":"product","2":"type-product","3":"status-publish","4":"has-post-thumbnail","6":"product_cat-hagyma-vetomagok-zalia-stotele","8":"first","9":"instock","10":"taxable","11":"shipping-taxable","12":"purchasable","13":"product-type-simple"},"_links":{"self":[{"href":"https:\/\/chilimag.hu\/webshop\/wp-json\/wp\/v2\/product\/22239","targetHints":{"allow":["GET"]}}],"collection":[{"href":"https:\/\/chilimag.hu\/webshop\/wp-json\/wp\/v2\/product"}],"about":[{"href":"https:\/\/chilimag.hu\/webshop\/wp-json\/wp\/v2\/types\/product"}],"replies":[{"embeddable":true,"href":"https:\/\/chilimag.hu\/webshop\/wp-json\/wp\/v2\/comments?post=22239"}],"wp:featuredmedia":[{"embeddable":true,"href":"https:\/\/chilimag.hu\/webshop\/wp-json\/wp\/v2\/media\/22240"}],"wp:attachment":[{"href":"https:\/\/chilimag.hu\/webshop\/wp-json\/wp\/v2\/media?parent=22239"}],"wp:term":[{"taxonomy":"product_brand","embeddable":true,"href":"https:\/\/chilimag.hu\/webshop\/wp-json\/wp\/v2\/product_brand?post=22239"},{"taxonomy":"product_cat","embeddable":true,"href":"https:\/\/chilimag.hu\/webshop\/wp-json\/wp\/v2\/product_cat?post=22239"},{"taxonomy":"product_tag","embeddable":true,"href":"https:\/\/chilimag.hu\/webshop\/wp-json\/wp\/v2\/product_tag?post=22239"}],"curies":[{"name":"wp","href":"https:\/\/api.w.org\/{rel}","templated":true}]}}