{"id":22235,"date":"2023-03-11T06:21:30","date_gmt":"2023-03-11T06:21:30","guid":{"rendered":"https:\/\/chilimag.hu\/webshop\/?post_type=product&#038;p=22235"},"modified":"2026-02-17T20:23:05","modified_gmt":"2026-02-17T20:23:05","slug":"hagyma-ramata-di-milano-z-s-sl","status":"publish","type":"product","link":"https:\/\/chilimag.hu\/webshop\/termek\/hagyma-ramata-di-milano-z-s-sl\/","title":{"rendered":"Hagyma Ramata Di Milano Z.S SL"},"content":{"rendered":"","protected":false},"excerpt":{"rendered":"<p><img decoding=\"async\" class=\"active-logo\" src=\"https:\/\/b2b.seklos.lt\/themes\/warehouse\/img\/logo_en.png\" alt=\"Agrofirma S\u0117klos, UAB\" width=\"280\" height=\"95\" \/><\/p>\n<p>K\u00e9s\u0151i fajta. A vet\u00e9s ut\u00e1n 110-120 napon bel\u00fcl betakar\u00edtj\u00e1k. A hagym\u00e1kat \u00e9l\u00e9nkv\u00f6r\u00f6s h\u00e9j bor\u00edtja, k\u00f6zepes m\u00e9ret\u0171, enyhe \u00edz\u0171. T\u00e9li t\u00e1rol\u00e1sra kiv\u00e1l\u00f3an alkalmas. \u00c1prilis v\u00e9g\u00e9n vagy m\u00e1jus elej\u00e9n szabadf\u00f6ldre vetik. J\u00f3l fejl\u0151dik homokos v\u00e1lyogban \u00e9s humuszban gazdag, meglehet\u0151sen sz\u00e1raz, k\u00f6nny\u0171 homokos v\u00e1lyogtalajban. A hagym\u00e1nak megfelel\u0151 el\u0151vetem\u00e9ny a c\u00e9kla, uborka, paradicsom, retek.<br \/>\nB \u00e1rcsoport<br \/>\nEgy csomagban l\u00e9v\u0151 mennyis\u00e9g 1 g<br \/>\nMagok sz\u00e1ma grammonk\u00e9nt Kb. 250-450 mag<br \/>\nT\u00edpus feh\u00e9rr\u00e9pa<br \/>\nTerm\u0151f\u00f6ld<br \/>\nA fajta korai megjelen\u00e9se K\u00e9s\u0151i<br \/>\nVet\u00e9sid\u0151 a talajban IV-V<br \/>\nGy\u00fcm\u00f6lcs sz\u00edne R\u00f3zsasz\u00edn<br \/>\nGy\u00e1rt\u00f3 \u017dalia stotel\u0117<\/p>\n","protected":false},"featured_media":22236,"comment_status":"closed","ping_status":"closed","template":"","meta":[],"product_brand":[],"product_cat":[417],"product_tag":[],"class_list":{"0":"post-22235","1":"product","2":"type-product","3":"status-publish","4":"has-post-thumbnail","6":"product_cat-hagyma-vetomagok-zalia-stotele","8":"first","9":"instock","10":"taxable","11":"shipping-taxable","12":"purchasable","13":"product-type-simple"},"_links":{"self":[{"href":"https:\/\/chilimag.hu\/webshop\/wp-json\/wp\/v2\/product\/22235","targetHints":{"allow":["GET"]}}],"collection":[{"href":"https:\/\/chilimag.hu\/webshop\/wp-json\/wp\/v2\/product"}],"about":[{"href":"https:\/\/chilimag.hu\/webshop\/wp-json\/wp\/v2\/types\/product"}],"replies":[{"embeddable":true,"href":"https:\/\/chilimag.hu\/webshop\/wp-json\/wp\/v2\/comments?post=22235"}],"wp:featuredmedia":[{"embeddable":true,"href":"https:\/\/chilimag.hu\/webshop\/wp-json\/wp\/v2\/media\/22236"}],"wp:attachment":[{"href":"https:\/\/chilimag.hu\/webshop\/wp-json\/wp\/v2\/media?parent=22235"}],"wp:term":[{"taxonomy":"product_brand","embeddable":true,"href":"https:\/\/chilimag.hu\/webshop\/wp-json\/wp\/v2\/product_brand?post=22235"},{"taxonomy":"product_cat","embeddable":true,"href":"https:\/\/chilimag.hu\/webshop\/wp-json\/wp\/v2\/product_cat?post=22235"},{"taxonomy":"product_tag","embeddable":true,"href":"https:\/\/chilimag.hu\/webshop\/wp-json\/wp\/v2\/product_tag?post=22235"}],"curies":[{"name":"wp","href":"https:\/\/api.w.org\/{rel}","templated":true}]}}