{"id":22231,"date":"2023-03-11T06:15:41","date_gmt":"2023-03-11T06:15:41","guid":{"rendered":"https:\/\/chilimag.hu\/webshop\/?post_type=product&#038;p=22231"},"modified":"2025-08-22T11:21:37","modified_gmt":"2025-08-22T11:21:37","slug":"hagyma-elista-z-s-sl","status":"publish","type":"product","link":"https:\/\/chilimag.hu\/webshop\/termek\/hagyma-elista-z-s-sl\/","title":{"rendered":"Hagyma Elista Z.S SL"},"content":{"rendered":"","protected":false},"excerpt":{"rendered":"<p><img decoding=\"async\" class=\"active-logo\" src=\"https:\/\/b2b.seklos.lt\/themes\/warehouse\/img\/logo_en.png\" alt=\"Agrofirma S\u0117klos, UAB\" width=\"280\" height=\"95\" \/><\/p>\n<p>Korai v\u00e1ltozatoss\u00e1g. A vet\u00e9s ut\u00e1n 120 napon bel\u00fcl betakar\u00edtj\u00e1k. A hagym\u00e1k t\u00f6mege k\u00f6r\u00fclbel\u00fcl 105 gramm, ellipszis alak\u00faak, s\u00e1rg\u00e1s h\u00e9jjal. Magas sz\u00e1razanyag-tartalm\u00e1nak k\u00f6sz\u00f6nhet\u0151en t\u00e9len is j\u00f3l megmarad. J\u00f3l fejl\u0151dik homokos v\u00e1lyogban \u00e9s humuszban gazdag, meglehet\u0151sen sz\u00e1raz, k\u00f6nny\u0171 homokos v\u00e1lyogtalajban. A hagyma legjobb el\u0151term\u00e9ke a c\u00e9kla, uborka, paradicsom, retek.<br \/>\nB \u00e1rcsoport<br \/>\nMennyis\u00e9g kiszerel\u00e9sben 0,5g<br \/>\nMagok sz\u00e1ma grammonk\u00e9nt Kb. 250-450 mag<br \/>\nT\u00edpus feh\u00e9rr\u00e9pa<br \/>\nTerm\u0151f\u00f6ld<br \/>\nA fajta korai ideje Korai<br \/>\nVet\u00e9sid\u0151 a talajban IV-V<br \/>\nGy\u00fcm\u00f6lcs sz\u00edne S\u00e1rga<br \/>\nGy\u00e1rt\u00f3 \u017dalia stotel\u0117<\/p>\n","protected":false},"featured_media":22232,"comment_status":"closed","ping_status":"closed","template":"","meta":[],"product_brand":[],"product_cat":[417],"product_tag":[],"class_list":{"0":"post-22231","1":"product","2":"type-product","3":"status-publish","4":"has-post-thumbnail","6":"product_cat-hagyma-vetomagok-zalia-stotele","8":"first","9":"instock","10":"taxable","11":"shipping-taxable","12":"purchasable","13":"product-type-simple"},"_links":{"self":[{"href":"https:\/\/chilimag.hu\/webshop\/wp-json\/wp\/v2\/product\/22231","targetHints":{"allow":["GET"]}}],"collection":[{"href":"https:\/\/chilimag.hu\/webshop\/wp-json\/wp\/v2\/product"}],"about":[{"href":"https:\/\/chilimag.hu\/webshop\/wp-json\/wp\/v2\/types\/product"}],"replies":[{"embeddable":true,"href":"https:\/\/chilimag.hu\/webshop\/wp-json\/wp\/v2\/comments?post=22231"}],"wp:featuredmedia":[{"embeddable":true,"href":"https:\/\/chilimag.hu\/webshop\/wp-json\/wp\/v2\/media\/22232"}],"wp:attachment":[{"href":"https:\/\/chilimag.hu\/webshop\/wp-json\/wp\/v2\/media?parent=22231"}],"wp:term":[{"taxonomy":"product_brand","embeddable":true,"href":"https:\/\/chilimag.hu\/webshop\/wp-json\/wp\/v2\/product_brand?post=22231"},{"taxonomy":"product_cat","embeddable":true,"href":"https:\/\/chilimag.hu\/webshop\/wp-json\/wp\/v2\/product_cat?post=22231"},{"taxonomy":"product_tag","embeddable":true,"href":"https:\/\/chilimag.hu\/webshop\/wp-json\/wp\/v2\/product_tag?post=22231"}],"curies":[{"name":"wp","href":"https:\/\/api.w.org\/{rel}","templated":true}]}}