{"id":22229,"date":"2023-03-11T06:13:42","date_gmt":"2023-03-11T06:13:42","guid":{"rendered":"https:\/\/chilimag.hu\/webshop\/?post_type=product&#038;p=22229"},"modified":"2025-08-22T11:25:40","modified_gmt":"2025-08-22T11:25:40","slug":"hagyma-stuttgarter-riese-z-s-sl","status":"publish","type":"product","link":"https:\/\/chilimag.hu\/webshop\/termek\/hagyma-stuttgarter-riese-z-s-sl\/","title":{"rendered":"Hagyma Stuttgarter Riese Z.S SL"},"content":{"rendered":"","protected":false},"excerpt":{"rendered":"<p><img decoding=\"async\" class=\"active-logo\" src=\"https:\/\/b2b.seklos.lt\/themes\/warehouse\/img\/logo_en.png\" alt=\"Agrofirma S\u0117klos, UAB\" width=\"280\" height=\"95\" \/><\/p>\n<p>Klasszikus hagymafajta. Pal\u00e1nt\u00e1r\u00f3l (\u00fcltet\u00e9s ut\u00e1n 100 napon bel\u00fcl n\u0151) \u00e9s magr\u00f3l (f\u0171r\u00e9szel\u00e9s ut\u00e1n 130-145 napon bel\u00fcl n\u0151) termeszthet\u0151. A hagym\u00e1k lapos g\u00f6mb\u00f6ly\u0171ek, \u00edz\u00fck f\u00e9lig cs\u00edp\u0151s, s\u00falya k\u00f6r\u00fclbel\u00fcl 60-70 g. A fajta alkalmas t\u00e9li t\u00e1rol\u00e1sra. A hagyma v\u00edz\u00e1tereszt\u0151, humuszban gazdag v\u00e1lyogban vagy homokos v\u00e1lyogban n\u0151 a legjobban, j\u00f3l n\u0151 a gabonaf\u00e9l\u00e9k, burgonya, uborka, paradicsom, s\u00e1rgar\u00e9pa ut\u00e1n.<br \/>\nB \u00e1rcsoport<br \/>\nKiszerel\u00e9s egy csomagban 3 g<br \/>\nMagok sz\u00e1ma grammonk\u00e9nt Kb. 250-450 mag<br \/>\nA legkelend\u0151bbek k\u00f6z\u00f6tt Igen<br \/>\nT\u00edpus feh\u00e9rr\u00e9pa<br \/>\nTerm\u0151f\u00f6ld<br \/>\nA fajta korai \u00e9r\u00e9se M\u00e9rs\u00e9kelten k\u00e9s\u0151i<br \/>\nVet\u00e9sid\u0151 a talajban IV<br \/>\nGy\u00fcm\u00f6lcs sz\u00edne S\u00e1rga<br \/>\nGy\u00e1rt\u00f3 \u017dalia stotel\u0117<\/p>\n","protected":false},"featured_media":22230,"comment_status":"closed","ping_status":"closed","template":"","meta":[],"product_brand":[],"product_cat":[417],"product_tag":[],"class_list":{"0":"post-22229","1":"product","2":"type-product","3":"status-publish","4":"has-post-thumbnail","6":"product_cat-hagyma-vetomagok-zalia-stotele","8":"first","9":"instock","10":"taxable","11":"shipping-taxable","12":"purchasable","13":"product-type-simple"},"_links":{"self":[{"href":"https:\/\/chilimag.hu\/webshop\/wp-json\/wp\/v2\/product\/22229","targetHints":{"allow":["GET"]}}],"collection":[{"href":"https:\/\/chilimag.hu\/webshop\/wp-json\/wp\/v2\/product"}],"about":[{"href":"https:\/\/chilimag.hu\/webshop\/wp-json\/wp\/v2\/types\/product"}],"replies":[{"embeddable":true,"href":"https:\/\/chilimag.hu\/webshop\/wp-json\/wp\/v2\/comments?post=22229"}],"wp:featuredmedia":[{"embeddable":true,"href":"https:\/\/chilimag.hu\/webshop\/wp-json\/wp\/v2\/media\/22230"}],"wp:attachment":[{"href":"https:\/\/chilimag.hu\/webshop\/wp-json\/wp\/v2\/media?parent=22229"}],"wp:term":[{"taxonomy":"product_brand","embeddable":true,"href":"https:\/\/chilimag.hu\/webshop\/wp-json\/wp\/v2\/product_brand?post=22229"},{"taxonomy":"product_cat","embeddable":true,"href":"https:\/\/chilimag.hu\/webshop\/wp-json\/wp\/v2\/product_cat?post=22229"},{"taxonomy":"product_tag","embeddable":true,"href":"https:\/\/chilimag.hu\/webshop\/wp-json\/wp\/v2\/product_tag?post=22229"}],"curies":[{"name":"wp","href":"https:\/\/api.w.org\/{rel}","templated":true}]}}