{"id":22219,"date":"2023-03-11T06:02:23","date_gmt":"2023-03-11T06:02:23","guid":{"rendered":"https:\/\/chilimag.hu\/webshop\/?post_type=product&#038;p=22219"},"modified":"2025-08-31T10:07:30","modified_gmt":"2025-08-31T10:07:30","slug":"salata-zwart-duits-z-s-sl","status":"publish","type":"product","link":"https:\/\/chilimag.hu\/webshop\/termek\/salata-zwart-duits-z-s-sl\/","title":{"rendered":"Sal\u00e1ta Zwart Duits Z.S SL"},"content":{"rendered":"","protected":false},"excerpt":{"rendered":"<p><img decoding=\"async\" class=\"logo\" src=\"https:\/\/b2b.seklos.lt\/themes\/warehouse\/img\/logo_en.png\" alt=\"Agrofirma S\u0117klos, UAB\" \/><\/p>\n<p>Butterhead t\u00edpus\u00fa sal\u00e1ta. A fejek k\u00f6zepes m\u00e9ret\u0171ek, nyitottak, ropog\u00f3s, enyhe \u00edz\u0171 levelekkel. A magvak cs\u00edr\u00e1z\u00e1sa ut\u00e1n 65 napon bel\u00fcl n\u0151. Pal\u00e1ntak\u00e9nt vagy k\u00f6zvetlen\u00fcl a talajba kell \u00fcltetni. K\u00e9s\u0151bb a n\u00f6v\u00e9nyek k\u00f6z\u00f6tti megfelel\u0151 t\u00e1vols\u00e1g megtart\u00e1s\u00e1val ritk\u00edtani kell. A pal\u00e1nt\u00e1kat \u00fcvegh\u00e1zban vagy szabadban nevelhetj\u00fck. A pal\u00e1nt\u00e1kat akkor kell \u00e1gyba \u00fcltetni, amikor a n\u00f6v\u00e9nynek 5-6 val\u00f3di levele van. Laza, term\u00e9keny talajban fejl\u0151dik a legjobban.<br \/>\nMennyis\u00e9g egy csomagban 2 g<br \/>\nMagok sz\u00e1ma grammonk\u00e9nt K\u00f6r\u00fclbel\u00fcl 700-1200 mag<br \/>\nT\u00edpus Fejvaj t\u00edpus\u00fa<br \/>\nMagh\u00edrek 2020<br \/>\nTerm\u0151f\u00f6ld<br \/>\nA fajta korai ideje M\u00e9rs\u00e9kelten korai<br \/>\nVet\u00e9sid\u0151 a talajban IV-V<br \/>\nA pal\u00e1nt\u00e1k vet\u00e9si ideje III-IV<br \/>\nGy\u00fcm\u00f6lcs sz\u00edne Z\u00f6ld<br \/>\nGy\u00e1rt\u00f3 \u017dalia stotel\u0117<\/p>\n","protected":false},"featured_media":22220,"comment_status":"closed","ping_status":"closed","template":"","meta":[],"product_brand":[],"product_cat":[357],"product_tag":[],"class_list":{"0":"post-22219","1":"product","2":"type-product","3":"status-publish","4":"has-post-thumbnail","6":"product_cat-retek-salata-es-levelzoldseg-vetomagok","8":"first","9":"instock","10":"taxable","11":"shipping-taxable","12":"purchasable","13":"product-type-simple"},"_links":{"self":[{"href":"https:\/\/chilimag.hu\/webshop\/wp-json\/wp\/v2\/product\/22219","targetHints":{"allow":["GET"]}}],"collection":[{"href":"https:\/\/chilimag.hu\/webshop\/wp-json\/wp\/v2\/product"}],"about":[{"href":"https:\/\/chilimag.hu\/webshop\/wp-json\/wp\/v2\/types\/product"}],"replies":[{"embeddable":true,"href":"https:\/\/chilimag.hu\/webshop\/wp-json\/wp\/v2\/comments?post=22219"}],"wp:featuredmedia":[{"embeddable":true,"href":"https:\/\/chilimag.hu\/webshop\/wp-json\/wp\/v2\/media\/22220"}],"wp:attachment":[{"href":"https:\/\/chilimag.hu\/webshop\/wp-json\/wp\/v2\/media?parent=22219"}],"wp:term":[{"taxonomy":"product_brand","embeddable":true,"href":"https:\/\/chilimag.hu\/webshop\/wp-json\/wp\/v2\/product_brand?post=22219"},{"taxonomy":"product_cat","embeddable":true,"href":"https:\/\/chilimag.hu\/webshop\/wp-json\/wp\/v2\/product_cat?post=22219"},{"taxonomy":"product_tag","embeddable":true,"href":"https:\/\/chilimag.hu\/webshop\/wp-json\/wp\/v2\/product_tag?post=22219"}],"curies":[{"name":"wp","href":"https:\/\/api.w.org\/{rel}","templated":true}]}}