{"id":22217,"date":"2023-03-11T06:00:14","date_gmt":"2023-03-11T06:00:14","guid":{"rendered":"https:\/\/chilimag.hu\/webshop\/?post_type=product&#038;p=22217"},"modified":"2025-08-31T09:56:53","modified_gmt":"2025-08-31T09:56:53","slug":"salata-bellino-z-s-sl","status":"publish","type":"product","link":"https:\/\/chilimag.hu\/webshop\/termek\/salata-bellino-z-s-sl\/","title":{"rendered":"Sal\u00e1ta Bellino Z.S SL"},"content":{"rendered":"","protected":false},"excerpt":{"rendered":"<p><img decoding=\"async\" class=\"logo\" src=\"https:\/\/b2b.seklos.lt\/themes\/warehouse\/img\/logo_en.png\" alt=\"Agrofirma S\u0117klos, UAB\" \/><\/p>\n<p>Betegs\u00e9gekkel szemben ellen\u00e1ll\u00f3 t\u00f6lgylevel\u0171 sal\u00e1tafajta. Ny\u00edlt talajon termesztik tavaszi, ny\u00e1ri \u00e9s \u0151szi betakar\u00edt\u00e1sra. Nem hajlamos a csavarod\u00e1sra. A fej nagy, sok cseresznyev\u00f6r\u00f6s m\u00e9lyen kar\u00e9jos lev\u00e9llel, amely a n\u00f6v\u00e9ny belsej\u00e9t takarja. Laza, term\u00e9keny talajban fejl\u0151dik a legjobban. A sal\u00e1ta levelei feh\u00e9rj\u00e9t, sz\u00e9nhidr\u00e1tot, \u00e1sv\u00e1nyi anyagokat \u00e9s k\u00fcl\u00f6nf\u00e9le vitaminokat tartalmaznak.<\/p>\n<p>D \u00e1rcsoport<br \/>\nMennyis\u00e9g kiszerel\u00e9sben 0,3g<br \/>\nMagok sz\u00e1ma grammonk\u00e9nt K\u00f6r\u00fclbel\u00fcl 700-1200 mag<br \/>\n\u00dcltet\u00e9si t\u00e1vols\u00e1gok IV-VII, 30&#215;30 cm<br \/>\nSz\u00fcret V-IX<br \/>\nNapos hely Igen<br \/>\nT\u00edpus Leafy<br \/>\nTerm\u0151f\u00f6ld<br \/>\nA fajta korai ideje M\u00e9rs\u00e9kelten korai<br \/>\nVet\u00e9sid\u0151 a talajban III-V<br \/>\nGy\u00fcm\u00f6lcs sz\u00edne lila<br \/>\nGy\u00e1rt\u00f3 \u017dalia stotel\u0117<\/p>\n","protected":false},"featured_media":31053,"comment_status":"closed","ping_status":"closed","template":"","meta":[],"product_brand":[],"product_cat":[357],"product_tag":[],"class_list":{"0":"post-22217","1":"product","2":"type-product","3":"status-publish","4":"has-post-thumbnail","6":"product_cat-retek-salata-es-levelzoldseg-vetomagok","8":"first","9":"instock","10":"taxable","11":"shipping-taxable","12":"purchasable","13":"product-type-simple"},"_links":{"self":[{"href":"https:\/\/chilimag.hu\/webshop\/wp-json\/wp\/v2\/product\/22217","targetHints":{"allow":["GET"]}}],"collection":[{"href":"https:\/\/chilimag.hu\/webshop\/wp-json\/wp\/v2\/product"}],"about":[{"href":"https:\/\/chilimag.hu\/webshop\/wp-json\/wp\/v2\/types\/product"}],"replies":[{"embeddable":true,"href":"https:\/\/chilimag.hu\/webshop\/wp-json\/wp\/v2\/comments?post=22217"}],"wp:featuredmedia":[{"embeddable":true,"href":"https:\/\/chilimag.hu\/webshop\/wp-json\/wp\/v2\/media\/31053"}],"wp:attachment":[{"href":"https:\/\/chilimag.hu\/webshop\/wp-json\/wp\/v2\/media?parent=22217"}],"wp:term":[{"taxonomy":"product_brand","embeddable":true,"href":"https:\/\/chilimag.hu\/webshop\/wp-json\/wp\/v2\/product_brand?post=22217"},{"taxonomy":"product_cat","embeddable":true,"href":"https:\/\/chilimag.hu\/webshop\/wp-json\/wp\/v2\/product_cat?post=22217"},{"taxonomy":"product_tag","embeddable":true,"href":"https:\/\/chilimag.hu\/webshop\/wp-json\/wp\/v2\/product_tag?post=22217"}],"curies":[{"name":"wp","href":"https:\/\/api.w.org\/{rel}","templated":true}]}}