{"id":22213,"date":"2023-03-11T05:54:55","date_gmt":"2023-03-11T05:54:55","guid":{"rendered":"https:\/\/chilimag.hu\/webshop\/?post_type=product&#038;p=22213"},"modified":"2025-08-31T09:57:44","modified_gmt":"2025-08-31T09:57:44","slug":"salata-caipira-z-s-sl","status":"publish","type":"product","link":"https:\/\/chilimag.hu\/webshop\/termek\/salata-caipira-z-s-sl\/","title":{"rendered":"Sal\u00e1ta Caipira Z.S SL"},"content":{"rendered":"","protected":false},"excerpt":{"rendered":"<p><img decoding=\"async\" class=\"active-logo\" src=\"https:\/\/b2b.seklos.lt\/themes\/warehouse\/img\/logo_en.png\" alt=\"Agrofirma S\u0117klos, UAB\" width=\"280\" height=\"95\" \/><\/p>\n<p>Profi termeszt\u0151k k\u00f6r\u00e9ben kedvelt korai &#8216;Grand Rapids&#8217; t\u00edpus\u00fa sal\u00e1tafajta. Lisztharmatnak ellen\u00e1ll\u00f3, sal\u00e1ta mozaikv\u00edrussal szemben k\u00f6zepesen ellen\u00e1ll\u00f3, sok\u00e1ig nem n\u00f6vekszik. A fej nagy, enyh\u00e9n bord\u00e1zott, \u00e9l\u00e9nkz\u00f6ld, legyez\u0151 t\u00edpus\u00fa levelekkel. \u00dcvegh\u00e1zakban \u00e9s szabadban termesztik tavaszi, ny\u00e1ri \u00e9s \u0151szi betakar\u00edt\u00e1s c\u00e9lj\u00e1b\u00f3l. K\u00f6zvetlen\u00fcl a talajba vethet\u0151, vagy pal\u00e1nt\u00e1r\u00f3l nevelhet\u0151. Alkalmas hidroponikus termeszt\u00e9sre. Ragad\u00f3s kever\u00e9kkel bevont magvak. Nagyon fontos, hogy a cs\u00edr\u00e1z\u00e1s sor\u00e1n nedves legyen \u2013 sz\u00e1raz talajban nem cs\u00edr\u00e1znak. A bevonat \u00f6sszetev\u0151i: t\u0151zeg, dolomit, agyag. Bevonat\/mag: 3\/1<br \/>\nH \u00e1rcsoport<br \/>\n\u00dcltet\u00e9si t\u00e1vols\u00e1gok IV-V, 30&#215;20 cm<br \/>\nSz\u00fcret IV-VII, IX<br \/>\nNapos hely Igen<br \/>\nProfesszion\u00e1lis haszn\u00e1latra alkalmas Igen<br \/>\nT\u00edpus Leafy<br \/>\nTermeszt\u00e9si hely \u00dcvegh\u00e1zban, sz\u00e1nt\u00f3f\u00f6ld\u00f6n<br \/>\nA fajta korai ideje Korai<br \/>\nVet\u00e9sid\u0151 a talajban IV-VII, X<br \/>\nA pal\u00e1nt\u00e1k vet\u00e9si ideje III-IV<br \/>\nVet\u00e9sid\u0151 \u00fcvegh\u00e1zban III-IV<br \/>\nGy\u00fcm\u00f6lcs sz\u00edne Z\u00f6ld<br \/>\nGy\u00e1rt\u00f3 \u017dalia stotel\u0117<br \/>\nMagok sz\u00e1ma a csomagban, db. 20<\/p>\n","protected":false},"featured_media":22214,"comment_status":"closed","ping_status":"closed","template":"","meta":[],"product_brand":[],"product_cat":[357],"product_tag":[],"class_list":{"0":"post-22213","1":"product","2":"type-product","3":"status-publish","4":"has-post-thumbnail","6":"product_cat-retek-salata-es-levelzoldseg-vetomagok","8":"first","9":"instock","10":"taxable","11":"shipping-taxable","12":"purchasable","13":"product-type-simple"},"_links":{"self":[{"href":"https:\/\/chilimag.hu\/webshop\/wp-json\/wp\/v2\/product\/22213","targetHints":{"allow":["GET"]}}],"collection":[{"href":"https:\/\/chilimag.hu\/webshop\/wp-json\/wp\/v2\/product"}],"about":[{"href":"https:\/\/chilimag.hu\/webshop\/wp-json\/wp\/v2\/types\/product"}],"replies":[{"embeddable":true,"href":"https:\/\/chilimag.hu\/webshop\/wp-json\/wp\/v2\/comments?post=22213"}],"wp:featuredmedia":[{"embeddable":true,"href":"https:\/\/chilimag.hu\/webshop\/wp-json\/wp\/v2\/media\/22214"}],"wp:attachment":[{"href":"https:\/\/chilimag.hu\/webshop\/wp-json\/wp\/v2\/media?parent=22213"}],"wp:term":[{"taxonomy":"product_brand","embeddable":true,"href":"https:\/\/chilimag.hu\/webshop\/wp-json\/wp\/v2\/product_brand?post=22213"},{"taxonomy":"product_cat","embeddable":true,"href":"https:\/\/chilimag.hu\/webshop\/wp-json\/wp\/v2\/product_cat?post=22213"},{"taxonomy":"product_tag","embeddable":true,"href":"https:\/\/chilimag.hu\/webshop\/wp-json\/wp\/v2\/product_tag?post=22213"}],"curies":[{"name":"wp","href":"https:\/\/api.w.org\/{rel}","templated":true}]}}