{"id":22211,"date":"2023-03-11T05:41:30","date_gmt":"2023-03-11T05:41:30","guid":{"rendered":"https:\/\/chilimag.hu\/webshop\/?post_type=product&#038;p=22211"},"modified":"2025-12-16T15:20:03","modified_gmt":"2025-12-16T15:20:03","slug":"salata-frillice-z-s-sl","status":"publish","type":"product","link":"https:\/\/chilimag.hu\/webshop\/termek\/salata-frillice-z-s-sl\/","title":{"rendered":"Sal\u00e1ta Frillice Z.S SL"},"content":{"rendered":"","protected":false},"excerpt":{"rendered":"<p><img decoding=\"async\" class=\"active-logo\" src=\"https:\/\/b2b.seklos.lt\/themes\/warehouse\/img\/logo_en.png\" alt=\"Agrofirma S\u0117klos, UAB\" width=\"280\" height=\"95\" \/><\/p>\n<p>Laza level\u0171 Iceberg t\u00edpus\u00fa ropog\u00f3s sal\u00e1ta. Nagy fej s\u00falya 250 gramm. Levelei z\u00f6ldek, d\u00edszesek, f\u00e9nyesen fogazottak, ropog\u00f3sak \u00e9s nagyon j\u00f3 \u00edz\u0171ek. A fajta ellen\u00e1ll a betegs\u00e9geknek \u00e9s a csavarod\u00e1snak. Ez a fajta pal\u00e1nt\u00e1kb\u00f3l n\u0151. M\u0171anyag alagutakban, \u00fcvegh\u00e1zakban \u00e9s szabadban termesztik. Ragad\u00f3s kever\u00e9kkel bevont magvak. Nagyon fontos, hogy a cs\u00edr\u00e1z\u00e1s sor\u00e1n nedves legyen \u2013 sz\u00e1raz talajban nem cs\u00edr\u00e1znak. A bevonat \u00f6sszetev\u0151i: t\u0151zeg, dolomit, agyag. Bevonat\/mag: 3\/1<br \/>\nJ \u00e1rcsoport<br \/>\nTranszplant\u00e1ci\u00f3 IV-VII<br \/>\n\u00dcltet\u00e9si t\u00e1vols\u00e1gok 30 x 30 cm<br \/>\nSz\u00fcret V-IX<br \/>\nNapos hely Igen<br \/>\nProfesszion\u00e1lis haszn\u00e1latra alkalmas Igen<br \/>\nT\u00edpus Leafy<br \/>\nTermeszt\u00e9si hely \u00dcvegh\u00e1zban, sz\u00e1nt\u00f3f\u00f6ld\u00f6n<br \/>\nA fajta korai ideje M\u00e9rs\u00e9kelten korai<br \/>\nVet\u00e9sid\u0151 a talajban IV-VII<br \/>\nVet\u00e9sid\u0151 \u00fcvegh\u00e1zban III-IV<br \/>\nGy\u00fcm\u00f6lcs sz\u00edne Z\u00f6ld<br \/>\nGy\u00e1rt\u00f3 \u017dalia stotel\u0117<br \/>\nMagok sz\u00e1ma a csomagban, db. 25<\/p>\n","protected":false},"featured_media":22212,"comment_status":"closed","ping_status":"closed","template":"","meta":[],"product_brand":[],"product_cat":[357],"product_tag":[],"class_list":{"0":"post-22211","1":"product","2":"type-product","3":"status-publish","4":"has-post-thumbnail","6":"product_cat-retek-salata-es-levelzoldseg-vetomagok","8":"first","9":"instock","10":"taxable","11":"shipping-taxable","12":"purchasable","13":"product-type-simple"},"_links":{"self":[{"href":"https:\/\/chilimag.hu\/webshop\/wp-json\/wp\/v2\/product\/22211","targetHints":{"allow":["GET"]}}],"collection":[{"href":"https:\/\/chilimag.hu\/webshop\/wp-json\/wp\/v2\/product"}],"about":[{"href":"https:\/\/chilimag.hu\/webshop\/wp-json\/wp\/v2\/types\/product"}],"replies":[{"embeddable":true,"href":"https:\/\/chilimag.hu\/webshop\/wp-json\/wp\/v2\/comments?post=22211"}],"wp:featuredmedia":[{"embeddable":true,"href":"https:\/\/chilimag.hu\/webshop\/wp-json\/wp\/v2\/media\/22212"}],"wp:attachment":[{"href":"https:\/\/chilimag.hu\/webshop\/wp-json\/wp\/v2\/media?parent=22211"}],"wp:term":[{"taxonomy":"product_brand","embeddable":true,"href":"https:\/\/chilimag.hu\/webshop\/wp-json\/wp\/v2\/product_brand?post=22211"},{"taxonomy":"product_cat","embeddable":true,"href":"https:\/\/chilimag.hu\/webshop\/wp-json\/wp\/v2\/product_cat?post=22211"},{"taxonomy":"product_tag","embeddable":true,"href":"https:\/\/chilimag.hu\/webshop\/wp-json\/wp\/v2\/product_tag?post=22211"}],"curies":[{"name":"wp","href":"https:\/\/api.w.org\/{rel}","templated":true}]}}