{"id":22209,"date":"2023-03-11T05:39:13","date_gmt":"2023-03-11T05:39:13","guid":{"rendered":"https:\/\/chilimag.hu\/webshop\/?post_type=product&#038;p=22209"},"modified":"2025-08-31T10:07:07","modified_gmt":"2025-08-31T10:07:07","slug":"salata-vizir-z-s-sl","status":"publish","type":"product","link":"https:\/\/chilimag.hu\/webshop\/termek\/salata-vizir-z-s-sl\/","title":{"rendered":"Sal\u00e1ta Vizir Z.S SL"},"content":{"rendered":"","protected":false},"excerpt":{"rendered":"<p><img decoding=\"async\" class=\"active-logo\" src=\"https:\/\/b2b.seklos.lt\/themes\/warehouse\/img\/logo_en.png\" alt=\"Agrofirma S\u0117klos, UAB\" width=\"280\" height=\"95\" \/><\/p>\n<p>Betegs\u00e9g\u00e1ll\u00f3 t\u00f6lgy \u2013 leveles sal\u00e1tafajta. Szabadf\u00f6ld\u00f6n termesztik tavaszi, ny\u00e1ri \u00e9s \u0151szi betakar\u00edt\u00e1s c\u00e9lj\u00e1b\u00f3l. Ne hajlamos a csavaroz\u00e1sra. A fej nagy, sok t\u00f6lgyfalev\u00e9lre eml\u00e9keztet\u0151 csipk\u00e9zett lev\u00e9llel. A sal\u00e1t\u00e1k nem ig\u00e9nyelnek nagy h\u0151t, de ink\u00e1bb a f\u00e9nyt. Laza, term\u00e9keny talajban fejl\u0151dik a legjobban. A sal\u00e1ta levelei feh\u00e9rj\u00e9t, sz\u00e9nhidr\u00e1tot, \u00e1sv\u00e1nyi anyagokat, k\u00fcl\u00f6nf\u00e9le vitaminokat tartalmaznak. Ragad\u00f3s kever\u00e9kkel bevont magvak. Nagyon fontos, hogy a cs\u00edr\u00e1z\u00e1s sor\u00e1n nedves legyen \u2013 sz\u00e1raz talajban nem cs\u00edr\u00e1znak. A bevonat \u00f6sszetev\u0151i: t\u0151zeg, dolomit, agyag. Bevonat\/mag: 3\/1<br \/>\nH \u00e1rcsoport<br \/>\nProfesszion\u00e1lis haszn\u00e1latra alkalmas Igen<br \/>\nT\u00edpus Leafy<br \/>\nTerm\u0151f\u00f6ld<br \/>\nA fajta korai ideje M\u00e9rs\u00e9kelten korai<br \/>\nVet\u00e9sid\u0151 a talajban IV-VII<br \/>\nVet\u00e9sid\u0151 \u00fcvegh\u00e1zban III-IV<br \/>\nGy\u00fcm\u00f6lcs sz\u00edne Z\u00f6ld<br \/>\nGy\u00e1rt\u00f3 \u017dalia stotel\u0117<br \/>\nMagok sz\u00e1ma a csomagban, db. 25<\/p>\n","protected":false},"featured_media":22210,"comment_status":"closed","ping_status":"closed","template":"","meta":[],"product_brand":[],"product_cat":[357],"product_tag":[],"class_list":{"0":"post-22209","1":"product","2":"type-product","3":"status-publish","4":"has-post-thumbnail","6":"product_cat-retek-salata-es-levelzoldseg-vetomagok","8":"first","9":"instock","10":"taxable","11":"shipping-taxable","12":"purchasable","13":"product-type-simple"},"_links":{"self":[{"href":"https:\/\/chilimag.hu\/webshop\/wp-json\/wp\/v2\/product\/22209","targetHints":{"allow":["GET"]}}],"collection":[{"href":"https:\/\/chilimag.hu\/webshop\/wp-json\/wp\/v2\/product"}],"about":[{"href":"https:\/\/chilimag.hu\/webshop\/wp-json\/wp\/v2\/types\/product"}],"replies":[{"embeddable":true,"href":"https:\/\/chilimag.hu\/webshop\/wp-json\/wp\/v2\/comments?post=22209"}],"wp:featuredmedia":[{"embeddable":true,"href":"https:\/\/chilimag.hu\/webshop\/wp-json\/wp\/v2\/media\/22210"}],"wp:attachment":[{"href":"https:\/\/chilimag.hu\/webshop\/wp-json\/wp\/v2\/media?parent=22209"}],"wp:term":[{"taxonomy":"product_brand","embeddable":true,"href":"https:\/\/chilimag.hu\/webshop\/wp-json\/wp\/v2\/product_brand?post=22209"},{"taxonomy":"product_cat","embeddable":true,"href":"https:\/\/chilimag.hu\/webshop\/wp-json\/wp\/v2\/product_cat?post=22209"},{"taxonomy":"product_tag","embeddable":true,"href":"https:\/\/chilimag.hu\/webshop\/wp-json\/wp\/v2\/product_tag?post=22209"}],"curies":[{"name":"wp","href":"https:\/\/api.w.org\/{rel}","templated":true}]}}