{"id":22188,"date":"2023-03-10T19:32:19","date_gmt":"2023-03-10T19:32:19","guid":{"rendered":"https:\/\/chilimag.hu\/webshop\/?post_type=product&#038;p=22188"},"modified":"2026-01-26T21:48:10","modified_gmt":"2026-01-26T21:48:10","slug":"salata-lollo-rossa-z-s-sl","status":"publish","type":"product","link":"https:\/\/chilimag.hu\/webshop\/termek\/salata-lollo-rossa-z-s-sl\/","title":{"rendered":"Sal\u00e1ta Lollo Rossa Z.S SL"},"content":{"rendered":"","protected":false},"excerpt":{"rendered":"<p><img decoding=\"async\" class=\"logo\" src=\"https:\/\/b2b.seklos.lt\/themes\/warehouse\/img\/logo_en.png\" alt=\"Agrofirma S\u0117klos, UAB\" \/><\/p>\n<p>K\u00f6z\u00e9pkorai leveles sal\u00e1tafajta. A magvak cs\u00edr\u00e1z\u00e1sa ut\u00e1n 45-50 nappal betakar\u00edtj\u00e1k. Levelei nagyon g\u00f6nd\u00f6rek, z\u00f6ldek, sz\u00e9l\u00fck v\u00f6r\u00f6ses. V\u00e1g\u00e1s ut\u00e1n gyorsan visszan\u0151. \u00dcvegh\u00e1zban \u00e9s szabadf\u00f6ld\u00f6n is vethet\u0151. Homokos v\u00e1lyogban vagy agyagos, j\u00f3l m\u0171velt, nem gyomos talajban n\u0151 a legjobban. A sal\u00e1ta nem ig\u00e9nyel nagy h\u0151t, de ink\u00e1bb a f\u00e9nyt kedveli. A sal\u00e1ta levelei feh\u00e9rj\u00e9t, sz\u00e9nhidr\u00e1tot, \u00e1sv\u00e1nyi anyagokat, vitaminokat tartalmaznak.<br \/>\nA \u00e1rcsoport<br \/>\nEgy csomagban l\u00e9v\u0151 mennyis\u00e9g 1 g<br \/>\nMagok sz\u00e1ma grammonk\u00e9nt K\u00f6r\u00fclbel\u00fcl 700-1200 mag<br \/>\nT\u00edpus Leafy<br \/>\nTermeszt\u00e9si hely \u00dcvegh\u00e1zban, sz\u00e1nt\u00f3f\u00f6ld\u00f6n<br \/>\nA fajta korai ideje M\u00e9rs\u00e9kelten korai<br \/>\nVet\u00e9sid\u0151 talajban VIII, IV-V<br \/>\nVet\u00e9sid\u0151 \u00fcvegh\u00e1zban III-IV<br \/>\nGy\u00fcm\u00f6lcs sz\u00edne R\u00f3zsasz\u00edn<br \/>\nGy\u00e1rt\u00f3 \u017dalia stotel\u0117<\/p>\n","protected":false},"featured_media":22189,"comment_status":"closed","ping_status":"closed","template":"","meta":[],"product_brand":[],"product_cat":[357],"product_tag":[],"class_list":{"0":"post-22188","1":"product","2":"type-product","3":"status-publish","4":"has-post-thumbnail","6":"product_cat-retek-salata-es-levelzoldseg-vetomagok","8":"first","9":"instock","10":"taxable","11":"shipping-taxable","12":"purchasable","13":"product-type-simple"},"_links":{"self":[{"href":"https:\/\/chilimag.hu\/webshop\/wp-json\/wp\/v2\/product\/22188","targetHints":{"allow":["GET"]}}],"collection":[{"href":"https:\/\/chilimag.hu\/webshop\/wp-json\/wp\/v2\/product"}],"about":[{"href":"https:\/\/chilimag.hu\/webshop\/wp-json\/wp\/v2\/types\/product"}],"replies":[{"embeddable":true,"href":"https:\/\/chilimag.hu\/webshop\/wp-json\/wp\/v2\/comments?post=22188"}],"wp:featuredmedia":[{"embeddable":true,"href":"https:\/\/chilimag.hu\/webshop\/wp-json\/wp\/v2\/media\/22189"}],"wp:attachment":[{"href":"https:\/\/chilimag.hu\/webshop\/wp-json\/wp\/v2\/media?parent=22188"}],"wp:term":[{"taxonomy":"product_brand","embeddable":true,"href":"https:\/\/chilimag.hu\/webshop\/wp-json\/wp\/v2\/product_brand?post=22188"},{"taxonomy":"product_cat","embeddable":true,"href":"https:\/\/chilimag.hu\/webshop\/wp-json\/wp\/v2\/product_cat?post=22188"},{"taxonomy":"product_tag","embeddable":true,"href":"https:\/\/chilimag.hu\/webshop\/wp-json\/wp\/v2\/product_tag?post=22188"}],"curies":[{"name":"wp","href":"https:\/\/api.w.org\/{rel}","templated":true}]}}