{"id":22186,"date":"2023-03-10T19:30:00","date_gmt":"2023-03-10T19:30:00","guid":{"rendered":"https:\/\/chilimag.hu\/webshop\/?post_type=product&#038;p=22186"},"modified":"2026-03-02T10:50:17","modified_gmt":"2026-03-02T10:50:17","slug":"salata-lollo-bionda-z-s-sl","status":"publish","type":"product","link":"https:\/\/chilimag.hu\/webshop\/termek\/salata-lollo-bionda-z-s-sl\/","title":{"rendered":"Sal\u00e1ta Lollo Bionda Z.S SL"},"content":{"rendered":"","protected":false},"excerpt":{"rendered":"<p><img decoding=\"async\" class=\"logo\" src=\"https:\/\/b2b.seklos.lt\/themes\/warehouse\/img\/logo_en.png\" alt=\"Agrofirma S\u0117klos, UAB\" \/><\/p>\n<p>K\u00f6z\u00e9pkorai, magas hozam\u00fa, betegs\u00e9geknek ellen\u00e1ll\u00f3 leveles sal\u00e1tafajta. M\u0171anyag \u00fcvegh\u00e1zakban \u00e9s szabadf\u00f6ld\u00f6n termesztik. 50-63 napon bel\u00fcl n\u0151, v\u00e1g\u00e1s ut\u00e1n \u00fajra n\u0151. Laza, term\u00e9keny talajban fejl\u0151dik a legjobban. A sal\u00e1ta fagy\u00e1ll\u00f3, ez\u00e9rt a csik\u00f3vir\u00e1gz\u00e1s megkezd\u00e9se ut\u00e1n szabadba is vethet\u0151. A sal\u00e1ta nem ig\u00e9nyel nagy h\u0151t, de ink\u00e1bb a f\u00e9nyt kedveli.. A sal\u00e1talev\u00e9l feh\u00e9rj\u00e9t, sz\u00e9nhidr\u00e1tot, \u00e1sv\u00e1nyi anyagokat, k\u00fcl\u00f6nf\u00e9le vitaminokat tartalmaz.<br \/>\nB \u00e1rcsoport<br \/>\nEgy csomagban l\u00e9v\u0151 mennyis\u00e9g 1 g<br \/>\nMagok sz\u00e1ma grammonk\u00e9nt K\u00f6r\u00fclbel\u00fcl 700-1200 mag<br \/>\nA legkelend\u0151bbek k\u00f6z\u00f6tt Igen<br \/>\nT\u00edpus Leafy<br \/>\nTermeszt\u00e9si hely \u00dcvegh\u00e1zban, sz\u00e1nt\u00f3f\u00f6ld\u00f6n<br \/>\nA fajta korai ideje M\u00e9rs\u00e9kelten korai<br \/>\nVet\u00e9sid\u0151 a talajban IV-VIII, X<br \/>\nVet\u00e9sid\u0151 \u00fcvegh\u00e1zban III-IV<br \/>\nGy\u00fcm\u00f6lcs sz\u00edne Z\u00f6ld<br \/>\nGy\u00e1rt\u00f3 \u017dalia stotel\u0117<\/p>\n","protected":false},"featured_media":22187,"comment_status":"closed","ping_status":"closed","template":"","meta":[],"product_brand":[],"product_cat":[357],"product_tag":[],"class_list":{"0":"post-22186","1":"product","2":"type-product","3":"status-publish","4":"has-post-thumbnail","6":"product_cat-retek-salata-es-levelzoldseg-vetomagok","8":"first","9":"instock","10":"taxable","11":"shipping-taxable","12":"purchasable","13":"product-type-simple"},"_links":{"self":[{"href":"https:\/\/chilimag.hu\/webshop\/wp-json\/wp\/v2\/product\/22186","targetHints":{"allow":["GET"]}}],"collection":[{"href":"https:\/\/chilimag.hu\/webshop\/wp-json\/wp\/v2\/product"}],"about":[{"href":"https:\/\/chilimag.hu\/webshop\/wp-json\/wp\/v2\/types\/product"}],"replies":[{"embeddable":true,"href":"https:\/\/chilimag.hu\/webshop\/wp-json\/wp\/v2\/comments?post=22186"}],"wp:featuredmedia":[{"embeddable":true,"href":"https:\/\/chilimag.hu\/webshop\/wp-json\/wp\/v2\/media\/22187"}],"wp:attachment":[{"href":"https:\/\/chilimag.hu\/webshop\/wp-json\/wp\/v2\/media?parent=22186"}],"wp:term":[{"taxonomy":"product_brand","embeddable":true,"href":"https:\/\/chilimag.hu\/webshop\/wp-json\/wp\/v2\/product_brand?post=22186"},{"taxonomy":"product_cat","embeddable":true,"href":"https:\/\/chilimag.hu\/webshop\/wp-json\/wp\/v2\/product_cat?post=22186"},{"taxonomy":"product_tag","embeddable":true,"href":"https:\/\/chilimag.hu\/webshop\/wp-json\/wp\/v2\/product_tag?post=22186"}],"curies":[{"name":"wp","href":"https:\/\/api.w.org\/{rel}","templated":true}]}}