{"id":22180,"date":"2023-03-10T19:21:26","date_gmt":"2023-03-10T19:21:26","guid":{"rendered":"https:\/\/chilimag.hu\/webshop\/?post_type=product&#038;p=22180"},"modified":"2026-02-16T16:46:00","modified_gmt":"2026-02-16T16:46:00","slug":"zellerszar-nuget-z-s-sl","status":"publish","type":"product","link":"https:\/\/chilimag.hu\/webshop\/termek\/zellerszar-nuget-z-s-sl\/","title":{"rendered":"Zellersz\u00e1r Nuget Z.S SL"},"content":{"rendered":"","protected":false},"excerpt":{"rendered":"<p><img decoding=\"async\" class=\"logo\" src=\"https:\/\/b2b.seklos.lt\/themes\/warehouse\/img\/logo_en.png\" alt=\"Agrofirma S\u0117klos, UAB\" \/><\/p>\n<p>A zeller korai fajt\u00e1ja. A vet\u00e9s ut\u00e1n 70-80 napon bel\u00fcl n\u0151. A sz\u00e1rak vastagok, h\u00fasosak, vil\u00e1goss\u00e1rga-z\u00f6ld lombozattal, k\u00f6r\u00fclbel\u00fcl 40-70 cm hossz\u00faak. Neh\u00e9z, humuszban gazdag, j\u00f3l m\u0171velt, de nem nedves talajban n\u0151 a legjobban.<br \/>\nB \u00e1rcsoport<br \/>\nMennyis\u00e9g egy csomagban 0,2g<br \/>\nMagok sz\u00e1ma grammonk\u00e9nt Kb. 2000-2600 mag<br \/>\nTranszplant\u00e1ci\u00f3 IV-V<br \/>\n\u00dcltet\u00e9si t\u00e1vols\u00e1gok 30 x 30 cm<br \/>\nSz\u00fcret VIII-IX<br \/>\nNapos hely Igen<br \/>\nT\u00edpus Lombhullat\u00f3<br \/>\nTerm\u0151f\u00f6ld<br \/>\nA fajta korai ideje Korai<br \/>\nA pal\u00e1nt\u00e1k vet\u00e9si ideje III-IV<br \/>\nGy\u00e1rt\u00f3 \u017dalia stotel\u0117<\/p>\n","protected":false},"featured_media":22181,"comment_status":"closed","ping_status":"closed","template":"","meta":[],"product_brand":[],"product_cat":[409],"product_tag":[],"class_list":{"0":"post-22180","1":"product","2":"type-product","3":"status-publish","4":"has-post-thumbnail","6":"product_cat-zeller-karalabe-cekla-vetomagok-zalia-stotele","8":"first","9":"instock","10":"taxable","11":"shipping-taxable","12":"purchasable","13":"product-type-simple"},"_links":{"self":[{"href":"https:\/\/chilimag.hu\/webshop\/wp-json\/wp\/v2\/product\/22180","targetHints":{"allow":["GET"]}}],"collection":[{"href":"https:\/\/chilimag.hu\/webshop\/wp-json\/wp\/v2\/product"}],"about":[{"href":"https:\/\/chilimag.hu\/webshop\/wp-json\/wp\/v2\/types\/product"}],"replies":[{"embeddable":true,"href":"https:\/\/chilimag.hu\/webshop\/wp-json\/wp\/v2\/comments?post=22180"}],"wp:featuredmedia":[{"embeddable":true,"href":"https:\/\/chilimag.hu\/webshop\/wp-json\/wp\/v2\/media\/22181"}],"wp:attachment":[{"href":"https:\/\/chilimag.hu\/webshop\/wp-json\/wp\/v2\/media?parent=22180"}],"wp:term":[{"taxonomy":"product_brand","embeddable":true,"href":"https:\/\/chilimag.hu\/webshop\/wp-json\/wp\/v2\/product_brand?post=22180"},{"taxonomy":"product_cat","embeddable":true,"href":"https:\/\/chilimag.hu\/webshop\/wp-json\/wp\/v2\/product_cat?post=22180"},{"taxonomy":"product_tag","embeddable":true,"href":"https:\/\/chilimag.hu\/webshop\/wp-json\/wp\/v2\/product_tag?post=22180"}],"curies":[{"name":"wp","href":"https:\/\/api.w.org\/{rel}","templated":true}]}}