{"id":22174,"date":"2023-03-10T19:13:52","date_gmt":"2023-03-10T19:13:52","guid":{"rendered":"https:\/\/chilimag.hu\/webshop\/?post_type=product&#038;p=22174"},"modified":"2026-01-24T19:30:46","modified_gmt":"2026-01-24T19:30:46","slug":"tarlorepa-des-vertus-marteau-z-s-sl","status":"publish","type":"product","link":"https:\/\/chilimag.hu\/webshop\/termek\/tarlorepa-des-vertus-marteau-z-s-sl\/","title":{"rendered":"Tarl\u00f3r\u00e9pa Des Vertus Marteau Z.S SL"},"content":{"rendered":"","protected":false},"excerpt":{"rendered":"<p><img decoding=\"async\" class=\"active-logo\" src=\"https:\/\/b2b.seklos.lt\/themes\/warehouse\/img\/logo_en.png\" alt=\"Agrofirma S\u0117klos, UAB\" width=\"280\" height=\"95\" \/><\/p>\n<p>Korai v\u00e1ltozatoss\u00e1g. N\u00f6vekszik a cs\u00edr\u00e1z\u00e1s ut\u00e1n 40 napon bel\u00fcl. Gy\u00f6kerei hossz\u00fak\u00e1sak, feh\u00e9rek. Feh\u00e9r, ropog\u00f3s, l\u00e9d\u00fas h\u00fas, enyhe \u00edz. K\u00f6zvetlen\u00fcl a talajba vetve m\u00e1rcius v\u00e9g\u00e9t\u0151l j\u00fanius k\u00f6zep\u00e9ig. A pal\u00e1nt\u00e1k -4 \u00baC-ig fagyt\u0171r\u0151ek. A fiatal levelek \u00e9tkez\u00e9sre is felhaszn\u00e1lhat\u00f3k. A term\u00e9st ritk\u00edtj\u00e1k, csak a leger\u0151sebb n\u00f6v\u00e9nyek maradnak meg. Nem ig\u00e9nyes a talajra. Nedvess\u00e9g hi\u00e1ny\u00e1ban vagy k\u00e9s\u0151i betakar\u00edt\u00e1skor kem\u00e9ny \u00e9s kellemetlen lesz.<br \/>\nB \u00e1rcsoport<br \/>\nMennyis\u00e9g egy csomagban 2 g<br \/>\nMagok sz\u00e1ma grammonk\u00e9nt K\u00f6r\u00fclbel\u00fcl 500 mag<br \/>\nTerm\u0151f\u00f6ld<br \/>\nElk\u00e9sz\u00edt\u00e9si m\u00f3dszerek Konzerv\u00e1l\u00e1s<br \/>\nA fajta korai ideje Korai<br \/>\nVet\u00e9sid\u0151 a talajban IV-VII<br \/>\nGy\u00fcm\u00f6lcs sz\u00edne Feh\u00e9r<br \/>\nGy\u00e1rt\u00f3 \u017dalia stotel\u0117<\/p>\n","protected":false},"featured_media":22175,"comment_status":"closed","ping_status":"closed","template":"","meta":[],"product_brand":[],"product_cat":[408],"product_tag":[],"class_list":{"0":"post-22174","1":"product","2":"type-product","3":"status-publish","4":"has-post-thumbnail","6":"product_cat-zoldseg-vetomagok-zalia-stotele","8":"first","9":"instock","10":"taxable","11":"shipping-taxable","12":"purchasable","13":"product-type-simple"},"_links":{"self":[{"href":"https:\/\/chilimag.hu\/webshop\/wp-json\/wp\/v2\/product\/22174","targetHints":{"allow":["GET"]}}],"collection":[{"href":"https:\/\/chilimag.hu\/webshop\/wp-json\/wp\/v2\/product"}],"about":[{"href":"https:\/\/chilimag.hu\/webshop\/wp-json\/wp\/v2\/types\/product"}],"replies":[{"embeddable":true,"href":"https:\/\/chilimag.hu\/webshop\/wp-json\/wp\/v2\/comments?post=22174"}],"wp:featuredmedia":[{"embeddable":true,"href":"https:\/\/chilimag.hu\/webshop\/wp-json\/wp\/v2\/media\/22175"}],"wp:attachment":[{"href":"https:\/\/chilimag.hu\/webshop\/wp-json\/wp\/v2\/media?parent=22174"}],"wp:term":[{"taxonomy":"product_brand","embeddable":true,"href":"https:\/\/chilimag.hu\/webshop\/wp-json\/wp\/v2\/product_brand?post=22174"},{"taxonomy":"product_cat","embeddable":true,"href":"https:\/\/chilimag.hu\/webshop\/wp-json\/wp\/v2\/product_cat?post=22174"},{"taxonomy":"product_tag","embeddable":true,"href":"https:\/\/chilimag.hu\/webshop\/wp-json\/wp\/v2\/product_tag?post=22174"}],"curies":[{"name":"wp","href":"https:\/\/api.w.org\/{rel}","templated":true}]}}