{"id":22172,"date":"2023-03-10T19:09:58","date_gmt":"2023-03-10T19:09:58","guid":{"rendered":"https:\/\/chilimag.hu\/webshop\/?post_type=product&#038;p=22172"},"modified":"2025-12-16T15:20:03","modified_gmt":"2025-12-16T15:20:03","slug":"retek-flamboyant-z-s-sl","status":"publish","type":"product","link":"https:\/\/chilimag.hu\/webshop\/termek\/retek-flamboyant-z-s-sl\/","title":{"rendered":"Retek Flamboyant Z.S SL"},"content":{"rendered":"","protected":false},"excerpt":{"rendered":"<p><img decoding=\"async\" class=\"logo\" src=\"https:\/\/b2b.seklos.lt\/themes\/warehouse\/img\/logo_en.png\" alt=\"Agrofirma S\u0117klos, UAB\" \/><\/p>\n<p>Korai fajta. A cs\u00edr\u00e1z\u00e1s ut\u00e1n 28-34 napon bel\u00fcl n\u0151. Gy\u00f6kerei megny\u00faltak, v\u00f6r\u00f6sek, feh\u00e9r hegy\u00fckkel, finomak, ropog\u00f3sak, lassan n\u00f6vekszenek. Szabadf\u00f6ld\u00f6n \u00e9s f\u0171tetlen \u00fcvegh\u00e1zakban termesztik. A szabadf\u00f6ldi retek termeszt\u00e9s\u00e9nek legjobb vet\u00e9si ideje \u2013 m\u00e1rcius \u00e9s \u00e1prilis. Az \u0151szi betakar\u00edt\u00e1shoz a retket augusztus m\u00e1sodik fel\u00e9ben kell elvetni. A retek vitaminokban, \u00e1sv\u00e1nyi anyagokban gazdag, em\u00e9szt\u00e9st jav\u00edt\u00f3 enzimeket tartalmaz.<br \/>\nMennyis\u00e9g egy csomagban 5 g<br \/>\nMagok sz\u00e1ma grammonk\u00e9nt K\u00f6r\u00fclbel\u00fcl 70-130 mag<br \/>\n\u00dcltet\u00e9si t\u00e1vols\u00e1gok 15 x 3 cm<br \/>\nMagh\u00edrek 2020<br \/>\nTermeszt\u00e9si hely \u00dcvegh\u00e1zban, sz\u00e1nt\u00f3f\u00f6ld\u00f6n<br \/>\nA fajta korai ideje Korai<br \/>\nVet\u00e9sid\u0151 talajban VIII, IV-V<br \/>\nVet\u00e9sid\u0151 \u00fcvegh\u00e1zban III-IV<br \/>\nGy\u00fcm\u00f6lcs sz\u00edne Piros<br \/>\nA gy\u00fcm\u00f6lcs alakja El\u00e9g hossz\u00fa<br \/>\nGy\u00e1rt\u00f3 \u017dalia stotel\u0117<\/p>\n","protected":false},"featured_media":22173,"comment_status":"closed","ping_status":"closed","template":"","meta":[],"product_brand":[],"product_cat":[357],"product_tag":[],"class_list":{"0":"post-22172","1":"product","2":"type-product","3":"status-publish","4":"has-post-thumbnail","6":"product_cat-retek-salata-es-levelzoldseg-vetomagok","8":"first","9":"instock","10":"taxable","11":"shipping-taxable","12":"purchasable","13":"product-type-simple"},"_links":{"self":[{"href":"https:\/\/chilimag.hu\/webshop\/wp-json\/wp\/v2\/product\/22172","targetHints":{"allow":["GET"]}}],"collection":[{"href":"https:\/\/chilimag.hu\/webshop\/wp-json\/wp\/v2\/product"}],"about":[{"href":"https:\/\/chilimag.hu\/webshop\/wp-json\/wp\/v2\/types\/product"}],"replies":[{"embeddable":true,"href":"https:\/\/chilimag.hu\/webshop\/wp-json\/wp\/v2\/comments?post=22172"}],"wp:featuredmedia":[{"embeddable":true,"href":"https:\/\/chilimag.hu\/webshop\/wp-json\/wp\/v2\/media\/22173"}],"wp:attachment":[{"href":"https:\/\/chilimag.hu\/webshop\/wp-json\/wp\/v2\/media?parent=22172"}],"wp:term":[{"taxonomy":"product_brand","embeddable":true,"href":"https:\/\/chilimag.hu\/webshop\/wp-json\/wp\/v2\/product_brand?post=22172"},{"taxonomy":"product_cat","embeddable":true,"href":"https:\/\/chilimag.hu\/webshop\/wp-json\/wp\/v2\/product_cat?post=22172"},{"taxonomy":"product_tag","embeddable":true,"href":"https:\/\/chilimag.hu\/webshop\/wp-json\/wp\/v2\/product_tag?post=22172"}],"curies":[{"name":"wp","href":"https:\/\/api.w.org\/{rel}","templated":true}]}}