{"id":22170,"date":"2023-03-10T19:07:35","date_gmt":"2023-03-10T19:07:35","guid":{"rendered":"https:\/\/chilimag.hu\/webshop\/?post_type=product&#038;p=22170"},"modified":"2026-03-08T16:19:24","modified_gmt":"2026-03-08T16:19:24","slug":"retek-sora-z-s-sl","status":"publish","type":"product","link":"https:\/\/chilimag.hu\/webshop\/termek\/retek-sora-z-s-sl\/","title":{"rendered":"Retek Sora Z.S SL"},"content":{"rendered":"","protected":false},"excerpt":{"rendered":"<p><img decoding=\"async\" class=\"logo\" src=\"https:\/\/b2b.seklos.lt\/themes\/warehouse\/img\/logo_en.png\" alt=\"Agrofirma S\u0117klos, UAB\" \/><\/p>\n<p>Korai, rendk\u00edv\u00fcl h\u0151\u00e1ll\u00f3 fajta. Szabadban termesztik tavaszi, ny\u00e1ri \u00e9s \u0151szi betakar\u00edt\u00e1s c\u00e9lj\u00e1b\u00f3l. A veget\u00e1ci\u00f3s id\u0151szak 22-27 nap a magvak cs\u00edr\u00e1z\u00e1s\u00e1t\u00f3l sz\u00e1m\u00edtva. A gy\u00f6kerek kerekek, nagyok &#8211; 4-5 cm \u00e1tm\u00e9r\u0151j\u0171ek, ellen\u00e1llnak a reped\u00e9snek \u00e9s a duzzanatnak. H\u00fasa feh\u00e9r, l\u00e9d\u00fas, l\u00e1gy. Legjobban k\u00f6nny\u0171 vagy m\u00e9rs\u00e9kelt, porhany\u00f3s, humuszban gazdag, gyommentes \u00e9s nem savas (pH 6-7) talajban fejl\u0151dik a legjobban.<br \/>\nG \u00e1rcsoport<br \/>\nKiszerel\u00e9s egy csomagban 3 g<br \/>\nMagok sz\u00e1ma grammonk\u00e9nt K\u00f6r\u00fclbel\u00fcl 70-130 mag<br \/>\n\u00dcltet\u00e9si t\u00e1vols\u00e1gok 15 x 3 cm<br \/>\nNapos hely Igen<br \/>\nTerm\u0151f\u00f6ld<br \/>\nA fajta korai ideje Korai<br \/>\nVet\u00e9sid\u0151 talajban VIII, III-V<br \/>\nGy\u00fcm\u00f6lcs sz\u00edne Piros<br \/>\nA gy\u00fcm\u00f6lcs alakja Kerek<br \/>\nGy\u00e1rt\u00f3 \u017dalia stotel\u0117<\/p>\n","protected":false},"featured_media":22171,"comment_status":"closed","ping_status":"closed","template":"","meta":[],"product_brand":[],"product_cat":[357],"product_tag":[],"class_list":{"0":"post-22170","1":"product","2":"type-product","3":"status-publish","4":"has-post-thumbnail","6":"product_cat-retek-salata-es-levelzoldseg-vetomagok","8":"first","9":"instock","10":"taxable","11":"shipping-taxable","12":"purchasable","13":"product-type-simple"},"_links":{"self":[{"href":"https:\/\/chilimag.hu\/webshop\/wp-json\/wp\/v2\/product\/22170","targetHints":{"allow":["GET"]}}],"collection":[{"href":"https:\/\/chilimag.hu\/webshop\/wp-json\/wp\/v2\/product"}],"about":[{"href":"https:\/\/chilimag.hu\/webshop\/wp-json\/wp\/v2\/types\/product"}],"replies":[{"embeddable":true,"href":"https:\/\/chilimag.hu\/webshop\/wp-json\/wp\/v2\/comments?post=22170"}],"wp:featuredmedia":[{"embeddable":true,"href":"https:\/\/chilimag.hu\/webshop\/wp-json\/wp\/v2\/media\/22171"}],"wp:attachment":[{"href":"https:\/\/chilimag.hu\/webshop\/wp-json\/wp\/v2\/media?parent=22170"}],"wp:term":[{"taxonomy":"product_brand","embeddable":true,"href":"https:\/\/chilimag.hu\/webshop\/wp-json\/wp\/v2\/product_brand?post=22170"},{"taxonomy":"product_cat","embeddable":true,"href":"https:\/\/chilimag.hu\/webshop\/wp-json\/wp\/v2\/product_cat?post=22170"},{"taxonomy":"product_tag","embeddable":true,"href":"https:\/\/chilimag.hu\/webshop\/wp-json\/wp\/v2\/product_tag?post=22170"}],"curies":[{"name":"wp","href":"https:\/\/api.w.org\/{rel}","templated":true}]}}