{"id":22160,"date":"2023-03-10T18:39:23","date_gmt":"2023-03-10T18:39:23","guid":{"rendered":"https:\/\/chilimag.hu\/webshop\/?post_type=product&#038;p=22160"},"modified":"2026-02-07T20:28:51","modified_gmt":"2026-02-07T20:28:51","slug":"retek-kiva-z-s-sl","status":"publish","type":"product","link":"https:\/\/chilimag.hu\/webshop\/termek\/retek-kiva-z-s-sl\/","title":{"rendered":"Retek Kiva Z.S SL"},"content":{"rendered":"","protected":false},"excerpt":{"rendered":"<p><img decoding=\"async\" class=\"active-logo\" src=\"https:\/\/b2b.seklos.lt\/themes\/warehouse\/img\/logo_en.png\" alt=\"Agrofirma S\u0117klos, UAB\" width=\"280\" height=\"95\" \/><\/p>\n<p>Korai v\u00e1ltozatoss\u00e1g. Gy\u00f6kerei hossz\u00fak\u00e1sak, v\u00f6r\u00f6sek, feh\u00e9r v\u00e9ggel, a p\u00e9p szil\u00e1rd, t\u00f6k\u00e9letes \u00edz\u0171. \u00dcvegh\u00e1zban \u00e9s szabadf\u00f6ld\u00f6n termesztik kora tavaszi betakar\u00edt\u00e1s c\u00e9lj\u00e1b\u00f3l. A retek termeszt\u00e9s\u00e9nek legkedvez\u0151bb h\u0151m\u00e9rs\u00e9klete 18-20 \u00b0C, 26 \u00b0C-n\u00e1l magasabb h\u0151m\u00e9rs\u00e9kleten a gy\u00f6k\u00e9rn\u00f6v\u00e9nyek megkem\u00e9nyednek \u00e9s megduzzadnak. A retek \u00e9rz\u00e9kenyek az el\u00e9gtelen nedvess\u00e9gre. K\u00f6nny\u0171 vagy k\u00f6zepes, laza, nem savas (pH 6-7) gyommentes talajban n\u0151 a legjobban.<br \/>\nB \u00e1rcsoport<br \/>\nKiszerel\u00e9s egy csomagban 4 g<br \/>\nMagok sz\u00e1ma grammonk\u00e9nt K\u00f6r\u00fclbel\u00fcl 70-130 mag<br \/>\n\u00dcltet\u00e9si t\u00e1vols\u00e1gok 15 x 3 cm<br \/>\nNapos hely Igen<br \/>\nTermeszt\u00e9si hely \u00dcvegh\u00e1zban, sz\u00e1nt\u00f3f\u00f6ld\u00f6n<br \/>\nA fajta korai ideje Korai<br \/>\nVet\u00e9sid\u0151 a talajban IV-V<br \/>\nVet\u00e9sid\u0151 \u00fcvegh\u00e1zban III-IV<br \/>\nGy\u00fcm\u00f6lcs sz\u00edne Piros<br \/>\nA gy\u00fcm\u00f6lcs alakja El\u00e9g hossz\u00fa<br \/>\nGy\u00e1rt\u00f3 \u017dalia stotel\u0117<\/p>\n","protected":false},"featured_media":22161,"comment_status":"closed","ping_status":"closed","template":"","meta":[],"product_brand":[],"product_cat":[357],"product_tag":[],"class_list":{"0":"post-22160","1":"product","2":"type-product","3":"status-publish","4":"has-post-thumbnail","6":"product_cat-retek-salata-es-levelzoldseg-vetomagok","8":"first","9":"instock","10":"taxable","11":"shipping-taxable","12":"purchasable","13":"product-type-simple"},"_links":{"self":[{"href":"https:\/\/chilimag.hu\/webshop\/wp-json\/wp\/v2\/product\/22160","targetHints":{"allow":["GET"]}}],"collection":[{"href":"https:\/\/chilimag.hu\/webshop\/wp-json\/wp\/v2\/product"}],"about":[{"href":"https:\/\/chilimag.hu\/webshop\/wp-json\/wp\/v2\/types\/product"}],"replies":[{"embeddable":true,"href":"https:\/\/chilimag.hu\/webshop\/wp-json\/wp\/v2\/comments?post=22160"}],"wp:featuredmedia":[{"embeddable":true,"href":"https:\/\/chilimag.hu\/webshop\/wp-json\/wp\/v2\/media\/22161"}],"wp:attachment":[{"href":"https:\/\/chilimag.hu\/webshop\/wp-json\/wp\/v2\/media?parent=22160"}],"wp:term":[{"taxonomy":"product_brand","embeddable":true,"href":"https:\/\/chilimag.hu\/webshop\/wp-json\/wp\/v2\/product_brand?post=22160"},{"taxonomy":"product_cat","embeddable":true,"href":"https:\/\/chilimag.hu\/webshop\/wp-json\/wp\/v2\/product_cat?post=22160"},{"taxonomy":"product_tag","embeddable":true,"href":"https:\/\/chilimag.hu\/webshop\/wp-json\/wp\/v2\/product_tag?post=22160"}],"curies":[{"name":"wp","href":"https:\/\/api.w.org\/{rel}","templated":true}]}}