{"id":22156,"date":"2023-03-10T18:35:05","date_gmt":"2023-03-10T18:35:05","guid":{"rendered":"https:\/\/chilimag.hu\/webshop\/?post_type=product&#038;p=22156"},"modified":"2026-03-15T15:45:16","modified_gmt":"2026-03-15T15:45:16","slug":"retek-cherry-belle-z-s-sl","status":"publish","type":"product","link":"https:\/\/chilimag.hu\/webshop\/termek\/retek-cherry-belle-z-s-sl\/","title":{"rendered":"Retek Cherry Belle Z.S SL"},"content":{"rendered":"","protected":false},"excerpt":{"rendered":"<p><img decoding=\"async\" class=\"logo\" src=\"https:\/\/b2b.seklos.lt\/themes\/warehouse\/img\/logo_en.png\" alt=\"Agrofirma S\u0117klos, UAB\" \/><\/p>\n<p>Korai fajta, a magvak cs\u00edr\u00e1z\u00e1sa ut\u00e1n 20-27 nappal betakar\u00edtott. Gy\u00f6kere kerek, piros, h\u00fasa feh\u00e9r, l\u00e9d\u00fas, enyhe \u00edz\u0171. Legjobban k\u00f6nny\u0171 vagy k\u00f6zepes, puha, humuszban gazdag, nem savas (pH 6-7) gyommentes talajban fejl\u0151dik. A szabadban termesztett retek legmegfelel\u0151bb vet\u00e9si ideje m\u00e1rcius-\u00e1prilis. Az \u0151szi betakar\u00edt\u00e1sra a retket augusztus m\u00e1sodik fel\u00e9ben vetik.<br \/>\nB \u00e1rcsoport<br \/>\nMennyis\u00e9g egy csomagban 5 g<br \/>\nMagok sz\u00e1ma grammonk\u00e9nt K\u00f6r\u00fclbel\u00fcl 70-130 mag<br \/>\n\u00dcltet\u00e9si t\u00e1vols\u00e1gok 15 x 3 cm<br \/>\nNapos hely Igen<br \/>\nA legkelend\u0151bbek k\u00f6z\u00f6tt Igen<br \/>\nTermeszt\u00e9si hely \u00dcvegh\u00e1zban, sz\u00e1nt\u00f3f\u00f6ld\u00f6n<br \/>\nA fajta korai ideje Korai<br \/>\nVet\u00e9sid\u0151 talajban VIII, IV-V<br \/>\nVet\u00e9sid\u0151 \u00fcvegh\u00e1zban III-IV<br \/>\nGy\u00fcm\u00f6lcs sz\u00edne Piros<br \/>\nA gy\u00fcm\u00f6lcs alakja Kerek<br \/>\nGy\u00e1rt\u00f3 \u017dalia stotel\u0117<\/p>\n","protected":false},"featured_media":22157,"comment_status":"closed","ping_status":"closed","template":"","meta":[],"product_brand":[],"product_cat":[357],"product_tag":[],"class_list":{"0":"post-22156","1":"product","2":"type-product","3":"status-publish","4":"has-post-thumbnail","6":"product_cat-retek-salata-es-levelzoldseg-vetomagok","8":"first","9":"instock","10":"taxable","11":"shipping-taxable","12":"purchasable","13":"product-type-simple"},"_links":{"self":[{"href":"https:\/\/chilimag.hu\/webshop\/wp-json\/wp\/v2\/product\/22156","targetHints":{"allow":["GET"]}}],"collection":[{"href":"https:\/\/chilimag.hu\/webshop\/wp-json\/wp\/v2\/product"}],"about":[{"href":"https:\/\/chilimag.hu\/webshop\/wp-json\/wp\/v2\/types\/product"}],"replies":[{"embeddable":true,"href":"https:\/\/chilimag.hu\/webshop\/wp-json\/wp\/v2\/comments?post=22156"}],"wp:featuredmedia":[{"embeddable":true,"href":"https:\/\/chilimag.hu\/webshop\/wp-json\/wp\/v2\/media\/22157"}],"wp:attachment":[{"href":"https:\/\/chilimag.hu\/webshop\/wp-json\/wp\/v2\/media?parent=22156"}],"wp:term":[{"taxonomy":"product_brand","embeddable":true,"href":"https:\/\/chilimag.hu\/webshop\/wp-json\/wp\/v2\/product_brand?post=22156"},{"taxonomy":"product_cat","embeddable":true,"href":"https:\/\/chilimag.hu\/webshop\/wp-json\/wp\/v2\/product_cat?post=22156"},{"taxonomy":"product_tag","embeddable":true,"href":"https:\/\/chilimag.hu\/webshop\/wp-json\/wp\/v2\/product_tag?post=22156"}],"curies":[{"name":"wp","href":"https:\/\/api.w.org\/{rel}","templated":true}]}}