{"id":22130,"date":"2023-03-10T18:02:32","date_gmt":"2023-03-10T18:02:32","guid":{"rendered":"https:\/\/chilimag.hu\/webshop\/?post_type=product&#038;p=22130"},"modified":"2026-01-27T16:00:59","modified_gmt":"2026-01-27T16:00:59","slug":"retek-runder-schwarzer-winter-z-s-sl","status":"publish","type":"product","link":"https:\/\/chilimag.hu\/webshop\/termek\/retek-runder-schwarzer-winter-z-s-sl\/","title":{"rendered":"Retek Runder Schwarzer Winter Z.S SL"},"content":{"rendered":"","protected":false},"excerpt":{"rendered":"<p><img decoding=\"async\" class=\"logo\" src=\"https:\/\/b2b.seklos.lt\/themes\/warehouse\/img\/logo_en.png\" alt=\"Agrofirma S\u0117klos, UAB\" \/><\/p>\n<p>K\u00f6z\u00e9pkorai t\u00e9li retek fajta. A magvak cs\u00edr\u00e1z\u00e1sa ut\u00e1n 68-75 napon bel\u00fcl n\u0151. Gy\u00f6kere fekete, kerek, s\u00falya k\u00f6r\u00fclbel\u00fcl 250-400 g. H\u00fasa feh\u00e9r, l\u00e9d\u00fas, meglehet\u0151sen f\u0171szeres. J\u00fanius m\u00e1sodik fel\u00e9ben vetve. T\u00e9li t\u00e1rol\u00e1sra alkalmas. A Roots sz\u00e9nhidr\u00e1tot, feh\u00e9rj\u00e9t, szerves savakat, aminosavakat, \u00e1sv\u00e1nyi anyagokat, vitaminokat: C, B1, B2, PP, karotint, fitoncideket, kolint, enzimeket tartalmaz.<\/p>\n<p>B \u00e1rcsoport<br \/>\nMennyis\u00e9g egy csomagban 2 g<br \/>\nMagok sz\u00e1ma grammonk\u00e9nt K\u00f6r\u00fclbel\u00fcl 60-100 mag<br \/>\n\u00dcltet\u00e9si t\u00e1vols\u00e1gok 40&#215;20 cm<br \/>\nSz\u00fcret IX\u2013X<br \/>\nNapos hely Igen<br \/>\nTerm\u0151f\u00f6ld<br \/>\nVet\u00e9sid\u0151 a talajban VI<br \/>\nGy\u00e1rt\u00f3 \u017dalia stotel\u0117<\/p>\n","protected":false},"featured_media":22131,"comment_status":"closed","ping_status":"closed","template":"","meta":[],"product_brand":[],"product_cat":[357],"product_tag":[],"class_list":{"0":"post-22130","1":"product","2":"type-product","3":"status-publish","4":"has-post-thumbnail","6":"product_cat-retek-salata-es-levelzoldseg-vetomagok","8":"first","9":"instock","10":"taxable","11":"shipping-taxable","12":"purchasable","13":"product-type-simple"},"_links":{"self":[{"href":"https:\/\/chilimag.hu\/webshop\/wp-json\/wp\/v2\/product\/22130","targetHints":{"allow":["GET"]}}],"collection":[{"href":"https:\/\/chilimag.hu\/webshop\/wp-json\/wp\/v2\/product"}],"about":[{"href":"https:\/\/chilimag.hu\/webshop\/wp-json\/wp\/v2\/types\/product"}],"replies":[{"embeddable":true,"href":"https:\/\/chilimag.hu\/webshop\/wp-json\/wp\/v2\/comments?post=22130"}],"wp:featuredmedia":[{"embeddable":true,"href":"https:\/\/chilimag.hu\/webshop\/wp-json\/wp\/v2\/media\/22131"}],"wp:attachment":[{"href":"https:\/\/chilimag.hu\/webshop\/wp-json\/wp\/v2\/media?parent=22130"}],"wp:term":[{"taxonomy":"product_brand","embeddable":true,"href":"https:\/\/chilimag.hu\/webshop\/wp-json\/wp\/v2\/product_brand?post=22130"},{"taxonomy":"product_cat","embeddable":true,"href":"https:\/\/chilimag.hu\/webshop\/wp-json\/wp\/v2\/product_cat?post=22130"},{"taxonomy":"product_tag","embeddable":true,"href":"https:\/\/chilimag.hu\/webshop\/wp-json\/wp\/v2\/product_tag?post=22130"}],"curies":[{"name":"wp","href":"https:\/\/api.w.org\/{rel}","templated":true}]}}