{"id":22127,"date":"2023-03-10T17:59:27","date_gmt":"2023-03-10T17:59:27","guid":{"rendered":"https:\/\/chilimag.hu\/webshop\/?post_type=product&#038;p=22127"},"modified":"2025-08-26T11:41:12","modified_gmt":"2025-08-26T11:41:12","slug":"paradicsom-jergus-z-s-sl","status":"publish","type":"product","link":"https:\/\/chilimag.hu\/webshop\/termek\/paradicsom-jergus-z-s-sl\/","title":{"rendered":"Paradicsom Jergus Hibrid Z.S SL"},"content":{"rendered":"","protected":false},"excerpt":{"rendered":"<p><img decoding=\"async\" class=\"active-logo\" src=\"https:\/\/b2b.seklos.lt\/themes\/warehouse\/img\/logo_en.png\" alt=\"Agrofirma S\u0117klos, UAB\" width=\"280\" height=\"95\" \/><\/p>\n<p>K\u00f6z\u00e9pkorai, indetermin\u00e1lt marha t\u00edpus\u00fa hibrid, amelyet \u00fagy termesztenek, hogy \u00edz\u00e9ben \u00e9s megjelen\u00e9s\u00e9ben hasonl\u00edtson az \u00f6r\u00f6kletes fajt\u00e1kra. Gy\u00fcm\u00f6lcse enyh\u00e9n lapos, bord\u00e1zott, neh\u00e9z (400-500 g), h\u00fasos. A fajta a kellemes \u00e1llag\u00fa, nem savany\u00fa paradicsomot kedvel\u0151k kedvence. Nyersen fogyasztva, szendvicsekhez vagy sal\u00e1t\u00e1khoz aj\u00e1nljuk. Szabadban \u00e9s \u00fcvegh\u00e1zban termeszthet\u0151.<br \/>\nMennyis\u00e9g egy csomagban 0,1g<br \/>\nGy\u00e1rt\u00f3 \u017dalia stotel\u0117<\/p>\n","protected":false},"featured_media":22128,"comment_status":"closed","ping_status":"closed","template":"","meta":[],"product_brand":[],"product_cat":[413],"product_tag":[],"class_list":{"0":"post-22127","1":"product","2":"type-product","3":"status-publish","4":"has-post-thumbnail","6":"product_cat-paradicsom-vetomagok-zalia-stotele","8":"first","9":"instock","10":"taxable","11":"shipping-taxable","12":"purchasable","13":"product-type-simple"},"_links":{"self":[{"href":"https:\/\/chilimag.hu\/webshop\/wp-json\/wp\/v2\/product\/22127","targetHints":{"allow":["GET"]}}],"collection":[{"href":"https:\/\/chilimag.hu\/webshop\/wp-json\/wp\/v2\/product"}],"about":[{"href":"https:\/\/chilimag.hu\/webshop\/wp-json\/wp\/v2\/types\/product"}],"replies":[{"embeddable":true,"href":"https:\/\/chilimag.hu\/webshop\/wp-json\/wp\/v2\/comments?post=22127"}],"wp:featuredmedia":[{"embeddable":true,"href":"https:\/\/chilimag.hu\/webshop\/wp-json\/wp\/v2\/media\/22128"}],"wp:attachment":[{"href":"https:\/\/chilimag.hu\/webshop\/wp-json\/wp\/v2\/media?parent=22127"}],"wp:term":[{"taxonomy":"product_brand","embeddable":true,"href":"https:\/\/chilimag.hu\/webshop\/wp-json\/wp\/v2\/product_brand?post=22127"},{"taxonomy":"product_cat","embeddable":true,"href":"https:\/\/chilimag.hu\/webshop\/wp-json\/wp\/v2\/product_cat?post=22127"},{"taxonomy":"product_tag","embeddable":true,"href":"https:\/\/chilimag.hu\/webshop\/wp-json\/wp\/v2\/product_tag?post=22127"}],"curies":[{"name":"wp","href":"https:\/\/api.w.org\/{rel}","templated":true}]}}