{"id":22105,"date":"2023-03-10T17:33:22","date_gmt":"2023-03-10T17:33:22","guid":{"rendered":"https:\/\/chilimag.hu\/webshop\/?post_type=product&#038;p=22105"},"modified":"2026-02-16T16:41:28","modified_gmt":"2026-02-16T16:41:28","slug":"porehagyma-bluegreen-winte-forrest-z-s-sl","status":"publish","type":"product","link":"https:\/\/chilimag.hu\/webshop\/termek\/porehagyma-bluegreen-winte-forrest-z-s-sl\/","title":{"rendered":"P\u00f3r\u00e9hagyma Bluegreen Winte (Forrest) Z.S SL"},"content":{"rendered":"","protected":false},"excerpt":{"rendered":"<p><img decoding=\"async\" class=\"active-logo\" src=\"https:\/\/b2b.seklos.lt\/themes\/warehouse\/img\/logo_en.png\" alt=\"Agrofirma S\u0117klos, UAB\" width=\"280\" height=\"95\" \/><\/p>\n<p>K\u00e9s\u0151 t\u00e9li p\u00f3r\u00e9hagyma fajta. A veget\u00e1ci\u00f3s id\u0151szak k\u00f6r\u00fclbel\u00fcl 140 nap. T\u00e9li t\u00edpus\u00fa p\u00f3r\u00e9hagyma, melynek vastag, 20-25 cm hossz\u00fa feh\u00e9r sz\u00e1ra a gy\u00f6kerekhez k\u00f6zelebb alig vastagabb. A levelek k\u00e9kes-z\u00f6ldek, egyenesek. K\u00e9s\u0151 \u0151sszel \u00e9s t\u00e9len sz\u00fcretelik. Hossz\u00fa t\u00e1rol\u00e1sra alkalmas.<br \/>\nMennyis\u00e9g kiszerel\u00e9sben 0,5g<br \/>\nGy\u00e1rt\u00f3 \u017dalia stotel\u0117<\/p>\n","protected":false},"featured_media":22106,"comment_status":"closed","ping_status":"closed","template":"","meta":[],"product_brand":[],"product_cat":[417],"product_tag":[],"class_list":{"0":"post-22105","1":"product","2":"type-product","3":"status-publish","4":"has-post-thumbnail","6":"product_cat-hagyma-vetomagok-zalia-stotele","8":"first","9":"instock","10":"taxable","11":"shipping-taxable","12":"purchasable","13":"product-type-simple"},"_links":{"self":[{"href":"https:\/\/chilimag.hu\/webshop\/wp-json\/wp\/v2\/product\/22105","targetHints":{"allow":["GET"]}}],"collection":[{"href":"https:\/\/chilimag.hu\/webshop\/wp-json\/wp\/v2\/product"}],"about":[{"href":"https:\/\/chilimag.hu\/webshop\/wp-json\/wp\/v2\/types\/product"}],"replies":[{"embeddable":true,"href":"https:\/\/chilimag.hu\/webshop\/wp-json\/wp\/v2\/comments?post=22105"}],"wp:featuredmedia":[{"embeddable":true,"href":"https:\/\/chilimag.hu\/webshop\/wp-json\/wp\/v2\/media\/22106"}],"wp:attachment":[{"href":"https:\/\/chilimag.hu\/webshop\/wp-json\/wp\/v2\/media?parent=22105"}],"wp:term":[{"taxonomy":"product_brand","embeddable":true,"href":"https:\/\/chilimag.hu\/webshop\/wp-json\/wp\/v2\/product_brand?post=22105"},{"taxonomy":"product_cat","embeddable":true,"href":"https:\/\/chilimag.hu\/webshop\/wp-json\/wp\/v2\/product_cat?post=22105"},{"taxonomy":"product_tag","embeddable":true,"href":"https:\/\/chilimag.hu\/webshop\/wp-json\/wp\/v2\/product_tag?post=22105"}],"curies":[{"name":"wp","href":"https:\/\/api.w.org\/{rel}","templated":true}]}}