{"id":22101,"date":"2023-03-10T17:27:32","date_gmt":"2023-03-10T17:27:32","guid":{"rendered":"https:\/\/chilimag.hu\/webshop\/?post_type=product&#038;p=22101"},"modified":"2026-02-16T16:40:49","modified_gmt":"2026-02-16T16:40:49","slug":"bab-nugetka-szarazbab-z-s-sl","status":"publish","type":"product","link":"https:\/\/chilimag.hu\/webshop\/termek\/bab-nugetka-szarazbab-z-s-sl\/","title":{"rendered":"Bab Nugetka (Sz\u00e1razbab) Z.S SL"},"content":{"rendered":"","protected":false},"excerpt":{"rendered":"<p><img decoding=\"async\" class=\"active-logo\" src=\"https:\/\/b2b.seklos.lt\/themes\/warehouse\/img\/logo_en.png\" alt=\"Agrofirma S\u0117klos, UAB\" width=\"280\" height=\"95\" \/><\/p>\n<p>Korai, nagy hozam\u00fa h\u00e9jas babfajta. A n\u00f6v\u00e9nyek 35-40 cm magasak. A h\u00fcvelyek 13-17 cm hossz\u00faak, s\u00e1rg\u00e1k. A magvak nagyok, f\u00e9nyesek, vil\u00e1gosbarn\u00e1k. Mind a fiatal magvak (70 nappal a vet\u00e9s ut\u00e1n), mind az \u00e9rett magvak (100 nappal a vet\u00e9s ut\u00e1n) fogyaszthat\u00f3k. Az ilyen fajta bab f\u0151zhet\u0151, p\u00e1rolhat\u00f3, konzerv\u00e1lhat\u00f3, fagyaszthat\u00f3. A legjobban fejl\u0151dik k\u00f6nny\u0171 \u00e9s k\u00f6zepesen neh\u00e9z, j\u00f3l m\u0171velt, laza, semleges pH-j\u00fa (6,0\u20136,8) talajban, napos helyen.<br \/>\nMennyis\u00e9g egy csomagban 20 g<br \/>\nMagok sz\u00e1ma grammonk\u00e9nt Kb. 0,5-2 mag<br \/>\nSz\u00fcret VIII-IX<br \/>\nMagh\u00edrek 2020<br \/>\nTerm\u0151f\u00f6ld<br \/>\nElk\u00e9sz\u00edt\u00e9si m\u00f3dszerek Konzerv\u00e1l\u00e1s<br \/>\nA fajta korai ideje Korai<br \/>\nVet\u00e9sid\u0151 a talajban V<br \/>\nGy\u00e1rt\u00f3 \u017dalia stotel\u0117<\/p>\n","protected":false},"featured_media":22102,"comment_status":"closed","ping_status":"closed","template":"","meta":[],"product_brand":[],"product_cat":[416],"product_tag":[],"class_list":{"0":"post-22101","1":"product","2":"type-product","3":"status-publish","4":"has-post-thumbnail","6":"product_cat-huvelyesek-vetomagok-zalia-stotele","8":"first","9":"instock","10":"taxable","11":"shipping-taxable","12":"purchasable","13":"product-type-simple"},"_links":{"self":[{"href":"https:\/\/chilimag.hu\/webshop\/wp-json\/wp\/v2\/product\/22101","targetHints":{"allow":["GET"]}}],"collection":[{"href":"https:\/\/chilimag.hu\/webshop\/wp-json\/wp\/v2\/product"}],"about":[{"href":"https:\/\/chilimag.hu\/webshop\/wp-json\/wp\/v2\/types\/product"}],"replies":[{"embeddable":true,"href":"https:\/\/chilimag.hu\/webshop\/wp-json\/wp\/v2\/comments?post=22101"}],"wp:featuredmedia":[{"embeddable":true,"href":"https:\/\/chilimag.hu\/webshop\/wp-json\/wp\/v2\/media\/22102"}],"wp:attachment":[{"href":"https:\/\/chilimag.hu\/webshop\/wp-json\/wp\/v2\/media?parent=22101"}],"wp:term":[{"taxonomy":"product_brand","embeddable":true,"href":"https:\/\/chilimag.hu\/webshop\/wp-json\/wp\/v2\/product_brand?post=22101"},{"taxonomy":"product_cat","embeddable":true,"href":"https:\/\/chilimag.hu\/webshop\/wp-json\/wp\/v2\/product_cat?post=22101"},{"taxonomy":"product_tag","embeddable":true,"href":"https:\/\/chilimag.hu\/webshop\/wp-json\/wp\/v2\/product_tag?post=22101"}],"curies":[{"name":"wp","href":"https:\/\/api.w.org\/{rel}","templated":true}]}}